{"id":1881,"date":"2025-09-02T02:08:28","date_gmt":"2025-09-02T02:08:28","guid":{"rendered":"https:\/\/jumpropesupplier.com\/?page_id=1881"},"modified":"2025-09-02T02:08:38","modified_gmt":"2025-09-02T02:08:38","slug":"safeguarding-policy","status":"publish","type":"page","link":"https:\/\/jumpropesupplier.com\/de\/safeguarding-policy\/","title":{"rendered":"JumpRopeSupplier Schutzrichtlinie"},"content":{"rendered":"<h1 class=\"wp-block-heading\">Sicherheitsrichtlinie<\/h1>\n\n\n\n<h2 class=\"wp-block-heading\">EINF\u00dcHRUNG<\/h2>\n\n\n\n<p>JumpRopeSupplier (das \u201eUnternehmen\u201c) ist ein weltweit t\u00e4tiger Hersteller und Lieferant von professionellen Springseilen. W\u00e4hrend unser Hauptfokus auf der Herstellung und dem Vertrieb von Sportausr\u00fcstung weltweit liegt, erkennen wir auch die Bedeutung an, sicherzustellen, dass alle Kinder und Jugendlichen, die mit unseren Dienstleistungen, Veranstaltungen oder Aktivit\u00e4ten in Kontakt kommen k\u00f6nnten, gesch\u00fctzt und sicher sind.<\/p>\n\n\n\n<p>Unsere eingetragene Adresse lautet:<br>No. 228 Jingzhilu, Fuyang District<br>Hangzhou, Zhejiang, China<\/p>\n\n\n\n<p>Kontaktinformationen:<\/p>\n\n\n\n<ul class=\"wp-block-list\">\n<li>Telefon: +86 188 5812 6258<\/li>\n\n\n\n<li>E-Mail: <a>info@pleval.com<\/a><\/li>\n\n\n\n<li>Webseite: <a href=\"https:\/\/pvcjumprope.com\/?utm_source=chatgpt.com\" rel=\"noopener\">https:\/\/pvcjumprope.com\/<\/a><\/li>\n<\/ul>\n\n\n\n<p>Diese Schutzrichtlinie gilt f\u00fcr alle Personen, die im Auftrag von JumpRopeSupplier t\u00e4tig sind, einschlie\u00dflich Mitarbeiter, Auftragnehmer, P\u00e4dagogen, Veranstaltungspartner und Freiwillige.<\/p>\n\n\n\n<hr class=\"wp-block-separator has-alpha-channel-opacity\"\/>\n\n\n\n<h2 class=\"wp-block-heading\">ZWECK DIESER RICHTLINIE<\/h2>\n\n\n\n<p>Diese Richtlinie beschreibt unser Engagement zum Schutz von Kindern (definiert als jede Person unter 18 Jahren) vor Schaden, Missbrauch oder Ausbeutung. JumpRopeSupplier ist der Ansicht, dass jedes Kind eine sichere und unterst\u00fctzende Umgebung verdient, wenn es mit unseren Produkten, Veranstaltungen oder Schulungsprogrammen interagiert.<\/p>\n\n\n\n<p>Unser Schutzansatz stellt sicher, dass:<\/p>\n\n\n\n<ul class=\"wp-block-list\">\n<li>Kinder vor allen Formen von Missbrauch und Vernachl\u00e4ssigung gesch\u00fctzt werden.<\/li>\n\n\n\n<li>Mitarbeiter und Partner ihre Verantwortlichkeiten bei der Identifizierung und Meldung von Bedenken verstehen.<\/li>\n\n\n\n<li>Sichere Praktiken bei Veranstaltungen, Schulungen und Marketingaktivit\u00e4ten, die Kinder betreffen, eingehalten werden.<\/li>\n<\/ul>\n\n\n\n<hr class=\"wp-block-separator has-alpha-channel-opacity\"\/>\n\n\n\n<h2 class=\"wp-block-heading\">RISIKEN F\u00dcR KINDER ERKENNEN<\/h2>\n\n\n\n<p>Kinder k\u00f6nnen in vielerlei Formen Risiken ausgesetzt sein, einschlie\u00dflich, aber nicht beschr\u00e4nkt auf:<\/p>\n\n\n\n<ul class=\"wp-block-list\">\n<li>Physischer oder emotionaler Missbrauch<\/li>\n\n\n\n<li>Vernachl\u00e4ssigung oder unzureichende Aufsicht<\/li>\n\n\n\n<li>Mobbing und Cybermobbing<\/li>\n\n\n\n<li>Pflege, Ausbeutung oder Menschenhandel<\/li>\n\n\n\n<li>Exposition gegen\u00fcber sch\u00e4dlichen oder unangemessenen Inhalten<\/li>\n\n\n\n<li>Selbstverletzung oder riskantes Verhalten w\u00e4hrend k\u00f6rperlicher Aktivit\u00e4ten<\/li>\n<\/ul>\n\n\n\n<p>Wir erkennen an, dass Risiken im Haushalt, in der Gemeinschaft oder bei Veranstaltungen entstehen k\u00f6nnen, und ergreifen aktive Ma\u00dfnahmen, um sie zu minimieren.<\/p>\n\n\n\n<hr class=\"wp-block-separator has-alpha-channel-opacity\"\/>\n\n\n\n<h2 class=\"wp-block-heading\">SCHUTZPRINZIPIEN<\/h2>\n\n\n\n<p>Jeder Vertreter von JumpRopeSupplier wird erwartet:<\/p>\n\n\n\n<ul class=\"wp-block-list\">\n<li>Vigilant und proaktiv hinsichtlich potenzieller Schutzrisiken zu bleiben.<\/li>\n\n\n\n<li>Sichere, inklusive und respektvolle Umgebungen f\u00fcr Kinder zu f\u00f6rdern.<\/li>\n\n\n\n<li>Unmittelbar und angemessen zu handeln, um ein Kind zu sch\u00fctzen, wenn Bedenken auftreten.<\/li>\n\n\n\n<li>Schutzbedenken umgehend an die zust\u00e4ndige Schutzbeauftragte zu melden.<\/li>\n\n\n\n<li>Verantwortungsbewusst und professionell im Beisein von Kindern zu handeln.<\/li>\n\n\n\n<li>Verhaltensweisen wie Rauchen, Trinken oder unangemessene Sprache vor Kindern zu vermeiden.<\/li>\n<\/ul>\n\n\n\n<hr class=\"wp-block-separator has-alpha-channel-opacity\"\/>\n\n\n\n<h2 class=\"wp-block-heading\">SCHUTZVERANTWORTUNG<\/h2>\n\n\n\n<p>Die Aufsicht \u00fcber Schutzangelegenheiten liegt bei unserem zust\u00e4ndigen Schutzbeauftragten, der sicherstellt, dass die Richtlinien befolgt werden und Bedenken entsprechend gehandhabt werden. F\u00fcr JumpRopeSupplier ist diese Verantwortung bei:<\/p>\n\n\n\n<p><strong>Schutzbeauftragter:<\/strong> Management-Team von JumpRopeSupplier<br><strong>Kontakt:<\/strong> <a>info@pleval.com<\/a> | +86 188 5812 6258<\/p>\n\n\n\n<hr class=\"wp-block-separator has-alpha-channel-opacity\"\/>\n\n\n\n<h2 class=\"wp-block-heading\">VERTRAULICHKEIT UND DATENSCHUTZ<\/h2>\n\n\n\n<p>Wir behandeln personenbezogene Daten von Kindern in \u00dcbereinstimmung mit den geltenden Datenschutzbestimmungen. Alle Aufzeichnungen, Bilder und sensiblen Informationen werden sicher gespeichert und nur mit entsprechender Zustimmung und f\u00fcr legitime Zwecke verwendet.<\/p>\n\n\n\n<hr class=\"wp-block-separator has-alpha-channel-opacity\"\/>\n\n\n\n<h2 class=\"wp-block-heading\">REAKTION AUF SCHUTZBESCHWERDEN<\/h2>\n\n\n\n<p>Wenn ein Kind in unmittelbarer Gefahr zu sein scheint, sollten die Notfalldienste unverz\u00fcglich kontaktiert werden. Alle Bedenken im Zusammenhang mit dem Schutz von Kindern m\u00fcssen so schnell wie m\u00f6glich dem Schutzbeauftragten gemeldet werden.<\/p>\n\n\n\n<p>Wenn ein Kind einem Erwachsenenvertreter von JumpRopeSupplier eine Sorge mitteilt, muss der Erwachsene:<\/p>\n\n\n\n<ul class=\"wp-block-list\">\n<li>Ruhig und respektvoll zuh\u00f6ren.<\/li>\n\n\n\n<li>Die Sorge des Kindes ernst nehmen.<\/li>\n\n\n\n<li>Keine Versprechen auf Vertraulichkeit geben, die nicht gehalten werden k\u00f6nnen.<\/li>\n\n\n\n<li>Die Offenbarung genau dokumentieren, einschlie\u00dflich Zeit, Datum und wichtiger Details.<\/li>\n\n\n\n<li>Die Angelegenheit noch am selben Tag dem Schutzbeauftragten melden.<\/li>\n<\/ul>\n\n\n\n<hr class=\"wp-block-separator has-alpha-channel-opacity\"\/>\n\n\n\n<h2 class=\"wp-block-heading\">SCHUTZ VON KINDERN BEI VERANSTALTUNGEN UND AKTIVIT\u00c4TEN<\/h2>\n\n\n\n<p>Wenn JumpRopeSupplier Veranstaltungen organisiert oder an solchen teilnimmt, bei denen Kinder beteiligt sind (wie Workshops, Wettbewerbe oder Gemeinschaftsprogramme), stellen wir sicher:<\/p>\n\n\n\n<ul class=\"wp-block-list\">\n<li>Risikoanalysen f\u00fcr Veranstaltungsorte und Aktivit\u00e4ten durchgef\u00fchrt werden.<\/li>\n\n\n\n<li>Mitarbeiter und Instruktoren angemessen \u00fcberpr\u00fcft und geschult werden.<\/li>\n\n\n\n<li>Kinder jederzeit ausreichend beaufsichtigt werden.<\/li>\n\n\n\n<li>Eltern und Erziehungsberechtigte \u00fcber ihre Verantwortung zur Aufsicht der Kinder informiert werden, soweit zutreffend.<\/li>\n<\/ul>\n\n\n\n<hr class=\"wp-block-separator has-alpha-channel-opacity\"\/>\n\n\n\n<h2 class=\"wp-block-heading\">FOTOGRAFIE UND MEDIEN<\/h2>\n\n\n\n<p>Zum Schutz der Privatsph\u00e4re und Sicherheit der Kinder:<\/p>\n\n\n\n<ul class=\"wp-block-list\">\n<li>Vor der Aufnahme oder Weitergabe von Bildern von Kindern wird stets die schriftliche Zustimmung eines Elternteils\/Erziehungsberechtigten eingeholt.<\/li>\n\n\n\n<li>Die Identit\u00e4t der Kinder in ver\u00f6ffentlichten Materialien gesch\u00fctzt wird.<\/li>\n\n\n\n<li>Bilder gem\u00e4\u00df unseren Datenschutzpraktiken sicher gespeichert werden.<\/li>\n\n\n\n<li>Die \u00d6ffentlichkeit wird gebeten, bei unseren Veranstaltungen ohne vorherige Erlaubnis keine Fotos zu machen.<\/li>\n<\/ul>\n\n\n\n<hr class=\"wp-block-separator has-alpha-channel-opacity\"\/>\n\n\n\n<h2 class=\"wp-block-heading\">\u00dcBERPR\u00dcFUNG UND ERKL\u00c4RUNG<\/h2>\n\n\n\n<p>Diese Schutzrichtlinie wird alle zwei Jahre \u00fcberpr\u00fcft, um sicherzustellen, dass sie wirksam und relevant bleibt.<\/p>\n\n\n\n<p>Bei Fragen oder Bedenken zum Schutz wenden Sie sich bitte an uns unter:<br>\ud83d\udce9 <a>info@pleval.com<\/a> | \ud83d\udcde +86 188 5812 6258<\/p>","protected":false},"excerpt":{"rendered":"<p>Schutzrichtlinie EINLEITUNG JumpRopeSupplier (das \u201eUnternehmen\u201c) ist ein weltweit t\u00e4tiger Hersteller und Lieferant von professionellen Springseilen. W\u00e4hrend unser Hauptaugenmerk [\u2026]<\/p>","protected":false},"author":2,"featured_media":0,"parent":0,"menu_order":0,"comment_status":"closed","ping_status":"closed","template":"","meta":{"site-sidebar-layout":"default","site-content-layout":"","ast-site-content-layout":"default","site-content-style":"default","site-sidebar-style":"default","ast-global-header-display":"","ast-banner-title-visibility":"","ast-main-header-display":"","ast-hfb-above-header-display":"","ast-hfb-below-header-display":"","ast-hfb-mobile-header-display":"","site-post-title":"","ast-breadcrumbs-content":"","ast-featured-img":"","footer-sml-layout":"","ast-disable-related-posts":"","theme-transparent-header-meta":"","adv-header-id-meta":"","stick-header-meta":"","header-above-stick-meta":"","header-main-stick-meta":"","header-below-stick-meta":"","astra-migrate-meta-layouts":"set","ast-page-background-enabled":"default","ast-page-background-meta":{"desktop":{"background-color":"var(--ast-global-color-4)","background-image":"","background-repeat":"repeat","background-position":"center center","background-size":"auto","background-attachment":"scroll","background-type":"","background-media":"","overlay-type":"","overlay-color":"","overlay-opacity":"","overlay-gradient":""},"tablet":{"background-color":"","background-image":"","background-repeat":"repeat","background-position":"center center","background-size":"auto","background-attachment":"scroll","background-type":"","background-media":"","overlay-type":"","overlay-color":"","overlay-opacity":"","overlay-gradient":""},"mobile":{"background-color":"","background-image":"","background-repeat":"repeat","background-position":"center center","background-size":"auto","background-attachment":"scroll","background-type":"","background-media":"","overlay-type":"","overlay-color":"","overlay-opacity":"","overlay-gradient":""}},"ast-content-background-meta":{"desktop":{"background-color":"var(--ast-global-color-5)","background-image":"","background-repeat":"repeat","background-position":"center center","background-size":"auto","background-attachment":"scroll","background-type":"","background-media":"","overlay-type":"","overlay-color":"","overlay-opacity":"","overlay-gradient":""},"tablet":{"background-color":"var(--ast-global-color-5)","background-image":"","background-repeat":"repeat","background-position":"center center","background-size":"auto","background-attachment":"scroll","background-type":"","background-media":"","overlay-type":"","overlay-color":"","overlay-opacity":"","overlay-gradient":""},"mobile":{"background-color":"var(--ast-global-color-5)","background-image":"","background-repeat":"repeat","background-position":"center center","background-size":"auto","background-attachment":"scroll","background-type":"","background-media":"","overlay-type":"","overlay-color":"","overlay-opacity":"","overlay-gradient":""}},"footnotes":""},"class_list":["post-1881","page","type-page","status-publish","hentry"],"_links":{"self":[{"href":"https:\/\/jumpropesupplier.com\/de\/wp-json\/wp\/v2\/pages\/1881","targetHints":{"allow":["GET"]}}],"collection":[{"href":"https:\/\/jumpropesupplier.com\/de\/wp-json\/wp\/v2\/pages"}],"about":[{"href":"https:\/\/jumpropesupplier.com\/de\/wp-json\/wp\/v2\/types\/page"}],"author":[{"embeddable":true,"href":"https:\/\/jumpropesupplier.com\/de\/wp-json\/wp\/v2\/users\/2"}],"replies":[{"embeddable":true,"href":"https:\/\/jumpropesupplier.com\/de\/wp-json\/wp\/v2\/comments?post=1881"}],"version-history":[{"count":1,"href":"https:\/\/jumpropesupplier.com\/de\/wp-json\/wp\/v2\/pages\/1881\/revisions"}],"predecessor-version":[{"id":1883,"href":"https:\/\/jumpropesupplier.com\/de\/wp-json\/wp\/v2\/pages\/1881\/revisions\/1883"}],"wp:attachment":[{"href":"https:\/\/jumpropesupplier.com\/de\/wp-json\/wp\/v2\/media?parent=1881"}],"curies":[{"name":"wp","href":"https:\/\/api.w.org\/{rel}","templated":true}]}}