{"id":765,"date":"2025-03-12T10:37:35","date_gmt":"2025-03-12T10:37:35","guid":{"rendered":"https:\/\/jumpropesupplier.com\/?page_id=765"},"modified":"2025-03-27T09:42:59","modified_gmt":"2025-03-27T09:42:59","slug":"services","status":"publish","type":"page","link":"https:\/\/jumpropesupplier.com\/de\/services\/","title":{"rendered":"Dienstleistungen"},"content":{"rendered":"<div data-elementor-type=\"wp-page\" data-elementor-id=\"765\" class=\"elementor elementor-765\">\n\t\t\t\t<div class=\"elementor-element elementor-element-fdf5c0f e-flex e-con-boxed e-con e-parent\" data-id=\"fdf5c0f\" data-element_type=\"container\" data-e-type=\"container\">\n\t\t\t\t\t<div class=\"e-con-inner\">\n\t\t<div class=\"elementor-element elementor-element-8433d8a e-con-full e-flex e-con e-child\" data-id=\"8433d8a\" data-element_type=\"container\" data-e-type=\"container\">\n\t\t\t\t<div class=\"elementor-element elementor-element-d022c15 elementor-widget elementor-widget-heading\" data-id=\"d022c15\" data-element_type=\"widget\" data-e-type=\"widget\" data-widget_type=\"heading.default\">\n\t\t\t\t<div class=\"elementor-widget-container\">\n\t\t\t\t\t<span class=\"elementor-heading-title elementor-size-default\">Unsere Premium-Springseil-Services<\/span>\t\t\t\t<\/div>\n\t\t\t\t<\/div>\n\t\t\t\t<div class=\"elementor-element elementor-element-2858142 elementor-widget elementor-widget-heading\" data-id=\"2858142\" data-element_type=\"widget\" data-e-type=\"widget\" data-widget_type=\"heading.default\">\n\t\t\t\t<div class=\"elementor-widget-container\">\n\t\t\t\t\t<h1 class=\"elementor-heading-title elementor-size-default\">Steigern Sie Ihr Fitnesserlebnis mit uns<\/h1>\t\t\t\t<\/div>\n\t\t\t\t<\/div>\n\t\t\t\t<\/div>\n\t\t<div class=\"elementor-element elementor-element-132b3bb e-con-full e-flex e-con e-child\" data-id=\"132b3bb\" data-element_type=\"container\" data-e-type=\"container\">\n\t\t\t\t<div class=\"elementor-element elementor-element-322a77c elementor-widget elementor-widget-image\" data-id=\"322a77c\" data-element_type=\"widget\" data-e-type=\"widget\" data-widget_type=\"image.default\">\n\t\t\t\t<div class=\"elementor-widget-container\">\n\t\t\t\t\t\t\t\t\t\t\t\t\t\t\t<img fetchpriority=\"high\" decoding=\"async\" width=\"853\" height=\"1280\" src=\"https:\/\/jumpropesupplier.com\/wp-content\/uploads\/2025\/08\/woman-athlete-sport-beauty-8688042.jpg\" class=\"attachment-full size-full wp-image-1660\" alt=\"Frau, Athlet, Sport, Sch\u00f6nheit, Portr\u00e4t, Stil, Natur, h\u00fcbsch, Pose, Model, junge Frau, Sport, Springseil, Fitness, Krafttrainer, Aufw\u00e4rmen, drau\u00dfen, \u00dcbung, Springseil, Blond, Sportbekleidung, Sommer, Spielplatz\" srcset=\"https:\/\/jumpropesupplier.com\/wp-content\/uploads\/2025\/08\/woman-athlete-sport-beauty-8688042.jpg 853w, https:\/\/jumpropesupplier.com\/wp-content\/uploads\/2025\/08\/woman-athlete-sport-beauty-8688042-600x900.jpg 600w, https:\/\/jumpropesupplier.com\/wp-content\/uploads\/2025\/08\/woman-athlete-sport-beauty-8688042-200x300.jpg 200w, https:\/\/jumpropesupplier.com\/wp-content\/uploads\/2025\/08\/woman-athlete-sport-beauty-8688042-682x1024.jpg 682w, https:\/\/jumpropesupplier.com\/wp-content\/uploads\/2025\/08\/woman-athlete-sport-beauty-8688042-768x1152.jpg 768w\" sizes=\"(max-width: 853px) 100vw, 853px\" \/>\t\t\t\t\t\t\t\t\t\t\t\t\t\t\t<\/div>\n\t\t\t\t<\/div>\n\t\t\t\t<\/div>\n\t\t\t\t\t<\/div>\n\t\t\t\t<\/div>\n\t\t<div class=\"elementor-element elementor-element-54b0058 e-flex e-con-boxed e-con e-parent\" data-id=\"54b0058\" data-element_type=\"container\" data-e-type=\"container\" data-settings=\"{&quot;background_background&quot;:&quot;classic&quot;}\">\n\t\t\t\t\t<div class=\"e-con-inner\">\n\t\t\t\t<div class=\"elementor-element elementor-element-c2e0b81 elementor-widget elementor-widget-heading\" data-id=\"c2e0b81\" data-element_type=\"widget\" data-e-type=\"widget\" data-widget_type=\"heading.default\">\n\t\t\t\t<div class=\"elementor-widget-container\">\n\t\t\t\t\t<span class=\"elementor-heading-title elementor-size-default\">Entdecken Sie unsere Premium-Angebote<\/span>\t\t\t\t<\/div>\n\t\t\t\t<\/div>\n\t\t\t\t<div class=\"elementor-element elementor-element-737c61c elementor-widget elementor-widget-heading\" data-id=\"737c61c\" data-element_type=\"widget\" data-e-type=\"widget\" data-widget_type=\"heading.default\">\n\t\t\t\t<div class=\"elementor-widget-container\">\n\t\t\t\t\t<h2 class=\"elementor-heading-title elementor-size-default\">Entdecken Sie unsere Springseil-L\u00f6sungen f\u00fcr alle Niveaus<\/h2>\t\t\t\t<\/div>\n\t\t\t\t<\/div>\n\t\t<div class=\"elementor-element elementor-element-615f79a e-con-full e-flex e-con e-child\" data-id=\"615f79a\" data-element_type=\"container\" data-e-type=\"container\">\n\t\t<div class=\"elementor-element elementor-element-6cd6341 e-con-full e-flex e-con e-child\" data-id=\"6cd6341\" data-element_type=\"container\" data-e-type=\"container\">\n\t\t\t\t<div class=\"elementor-element elementor-element-8769b53 elementor-widget elementor-widget-heading\" data-id=\"8769b53\" data-element_type=\"widget\" data-e-type=\"widget\" data-widget_type=\"heading.default\">\n\t\t\t\t<div class=\"elementor-widget-container\">\n\t\t\t\t\t<span class=\"elementor-heading-title elementor-size-default\">01<\/span>\t\t\t\t<\/div>\n\t\t\t\t<\/div>\n\t\t\t\t<div class=\"elementor-element elementor-element-624e4d1 elementor-widget elementor-widget-icon-box\" data-id=\"624e4d1\" data-element_type=\"widget\" data-e-type=\"widget\" data-widget_type=\"icon-box.default\">\n\t\t\t\t<div class=\"elementor-widget-container\">\n\t\t\t\t\t\t\t<div class=\"elementor-icon-box-wrapper\">\n\n\t\t\t\n\t\t\t\t\t\t<div class=\"elementor-icon-box-content\">\n\n\t\t\t\t\t\t\t\t\t<h3 class=\"elementor-icon-box-title\">\n\t\t\t\t\t\t<span  >\n\t\t\t\t\t\t\tSpeed Seile\t\t\t\t\t\t<\/span>\n\t\t\t\t\t<\/h3>\n\t\t\t\t\n\t\t\t\t\t\t\t\t\t<p class=\"elementor-icon-box-description\">\n\t\t\t\t\t\tBei JumpRopeSupplier entwickeln wir Hochleistungs-Springseile, die f\u00fcr jeden Fitnessenthusiasten geeignet sind. Unsere Premium-Geschwindigkeitsseile sind f\u00fcr Beweglichkeit und Geschwindigkeit konzipiert, sodass Sie Ihre Trainingseffizienz maximieren k\u00f6nnen. Mit verstellbaren L\u00e4ngen und leichten Materialien richten sich diese Seile sowohl an Anf\u00e4nger als auch an erfahrene Athleten, die ihre F\u00e4higkeiten verbessern m\u00f6chten.\t\t\t\t\t<\/p>\n\t\t\t\t\n\t\t\t<\/div>\n\t\t\t\n\t\t<\/div>\n\t\t\t\t\t\t<\/div>\n\t\t\t\t<\/div>\n\t\t\t\t<\/div>\n\t\t<div class=\"elementor-element elementor-element-a44443d e-con-full e-flex e-con e-child\" data-id=\"a44443d\" data-element_type=\"container\" data-e-type=\"container\">\n\t\t\t\t<div class=\"elementor-element elementor-element-a79d279 elementor-widget elementor-widget-image\" data-id=\"a79d279\" data-element_type=\"widget\" data-e-type=\"widget\" data-widget_type=\"image.default\">\n\t\t\t\t<div class=\"elementor-widget-container\">\n\t\t\t\t\t\t\t\t\t\t\t\t\t\t\t<img decoding=\"async\" width=\"720\" height=\"1280\" src=\"https:\/\/jumpropesupplier.com\/wp-content\/uploads\/2025\/08\/jump-rope-fitness-female-956649.jpg\" class=\"attachment-full size-full wp-image-1670\" alt=\"Springen, Seil, Fitness, weiblich, Fitness, Fitness, Fitness, Fitness, Fitness\" srcset=\"https:\/\/jumpropesupplier.com\/wp-content\/uploads\/2025\/08\/jump-rope-fitness-female-956649.jpg 720w, https:\/\/jumpropesupplier.com\/wp-content\/uploads\/2025\/08\/jump-rope-fitness-female-956649-600x1067.jpg 600w, https:\/\/jumpropesupplier.com\/wp-content\/uploads\/2025\/08\/jump-rope-fitness-female-956649-169x300.jpg 169w, https:\/\/jumpropesupplier.com\/wp-content\/uploads\/2025\/08\/jump-rope-fitness-female-956649-576x1024.jpg 576w\" sizes=\"(max-width: 720px) 100vw, 720px\" \/>\t\t\t\t\t\t\t\t\t\t\t\t\t\t\t<\/div>\n\t\t\t\t<\/div>\n\t\t\t\t<\/div>\n\t\t\t\t<\/div>\n\t\t<div class=\"elementor-element elementor-element-6e243d3 e-con-full e-flex e-con e-child\" data-id=\"6e243d3\" data-element_type=\"container\" data-e-type=\"container\">\n\t\t<div class=\"elementor-element elementor-element-d939578 e-con-full e-flex e-con e-child\" data-id=\"d939578\" data-element_type=\"container\" data-e-type=\"container\">\n\t\t\t\t<div class=\"elementor-element elementor-element-5ba0d36 elementor-widget elementor-widget-image\" data-id=\"5ba0d36\" data-element_type=\"widget\" data-e-type=\"widget\" data-widget_type=\"image.default\">\n\t\t\t\t<div class=\"elementor-widget-container\">\n\t\t\t\t\t\t\t\t\t\t\t\t\t\t\t<img decoding=\"async\" width=\"853\" height=\"1280\" src=\"https:\/\/jumpropesupplier.com\/wp-content\/uploads\/2025\/08\/woman-athlete-sport-beauty-8688046.jpg\" class=\"attachment-full size-full wp-image-1662\" alt=\"Frau, Athlet, Sport, Sch\u00f6nheit, Portr\u00e4t, Stil, h\u00fcbsch, Pose, Model, junge Frau, Sport, Springseil, Fitness, Krafttrainer, Aufw\u00e4rmen, drau\u00dfen, \u00dcbung, Springseil, Blond, Sportbekleidung\" srcset=\"https:\/\/jumpropesupplier.com\/wp-content\/uploads\/2025\/08\/woman-athlete-sport-beauty-8688046.jpg 853w, https:\/\/jumpropesupplier.com\/wp-content\/uploads\/2025\/08\/woman-athlete-sport-beauty-8688046-600x900.jpg 600w, https:\/\/jumpropesupplier.com\/wp-content\/uploads\/2025\/08\/woman-athlete-sport-beauty-8688046-200x300.jpg 200w, https:\/\/jumpropesupplier.com\/wp-content\/uploads\/2025\/08\/woman-athlete-sport-beauty-8688046-682x1024.jpg 682w, https:\/\/jumpropesupplier.com\/wp-content\/uploads\/2025\/08\/woman-athlete-sport-beauty-8688046-768x1152.jpg 768w\" sizes=\"(max-width: 853px) 100vw, 853px\" \/>\t\t\t\t\t\t\t\t\t\t\t\t\t\t\t<\/div>\n\t\t\t\t<\/div>\n\t\t\t\t<\/div>\n\t\t<div class=\"elementor-element elementor-element-fb4f07d e-con-full e-flex e-con e-child\" data-id=\"fb4f07d\" data-element_type=\"container\" data-e-type=\"container\">\n\t\t\t\t<div class=\"elementor-element elementor-element-2d27b77 elementor-widget elementor-widget-heading\" data-id=\"2d27b77\" data-element_type=\"widget\" data-e-type=\"widget\" data-widget_type=\"heading.default\">\n\t\t\t\t<div class=\"elementor-widget-container\">\n\t\t\t\t\t<span class=\"elementor-heading-title elementor-size-default\">02<\/span>\t\t\t\t<\/div>\n\t\t\t\t<\/div>\n\t\t\t\t<div class=\"elementor-element elementor-element-37f82bc elementor-widget elementor-widget-icon-box\" data-id=\"37f82bc\" data-element_type=\"widget\" data-e-type=\"widget\" data-widget_type=\"icon-box.default\">\n\t\t\t\t<div class=\"elementor-widget-container\">\n\t\t\t\t\t\t\t<div class=\"elementor-icon-box-wrapper\">\n\n\t\t\t\n\t\t\t\t\t\t<div class=\"elementor-icon-box-content\">\n\n\t\t\t\t\t\t\t\t\t<h3 class=\"elementor-icon-box-title\">\n\t\t\t\t\t\t<span  >\n\t\t\t\t\t\t\tGewichtete Springseile\t\t\t\t\t\t<\/span>\n\t\t\t\t\t<\/h3>\n\t\t\t\t\n\t\t\t\t\t\t\t\t\t<p class=\"elementor-icon-box-description\">\n\t\t\t\t\t\tUnsere gewichteten Springseile bieten eine effektive M\u00f6glichkeit, Kraft aufzubauen und gleichzeitig kardiovaskul\u00e4re Vorteile zu genie\u00dfen. Entwickelt f\u00fcr Stabilit\u00e4t und Haltbarkeit, bieten diese Seile eine hervorragende Trainingsoption f\u00fcr Personen, die sich herausfordern m\u00f6chten. Perfekt f\u00fcr intensives Training, ist jedes Seil auf verschiedene Fitnessziele abgestimmt und liefert unvergleichliche Leistung.\t\t\t\t\t<\/p>\n\t\t\t\t\n\t\t\t<\/div>\n\t\t\t\n\t\t<\/div>\n\t\t\t\t\t\t<\/div>\n\t\t\t\t<\/div>\n\t\t\t\t<\/div>\n\t\t\t\t<\/div>\n\t\t<div class=\"elementor-element elementor-element-d7d7cb7 e-con-full e-flex e-con e-child\" data-id=\"d7d7cb7\" data-element_type=\"container\" data-e-type=\"container\">\n\t\t<div class=\"elementor-element elementor-element-125e775 e-con-full e-flex e-con e-child\" data-id=\"125e775\" data-element_type=\"container\" data-e-type=\"container\">\n\t\t\t\t<div class=\"elementor-element elementor-element-3dca7a8 elementor-widget elementor-widget-heading\" data-id=\"3dca7a8\" data-element_type=\"widget\" data-e-type=\"widget\" data-widget_type=\"heading.default\">\n\t\t\t\t<div class=\"elementor-widget-container\">\n\t\t\t\t\t<span class=\"elementor-heading-title elementor-size-default\">03<\/span>\t\t\t\t<\/div>\n\t\t\t\t<\/div>\n\t\t\t\t<div class=\"elementor-element elementor-element-387dc42 elementor-widget elementor-widget-icon-box\" data-id=\"387dc42\" data-element_type=\"widget\" data-e-type=\"widget\" data-widget_type=\"icon-box.default\">\n\t\t\t\t<div class=\"elementor-widget-container\">\n\t\t\t\t\t\t\t<div class=\"elementor-icon-box-wrapper\">\n\n\t\t\t\n\t\t\t\t\t\t<div class=\"elementor-icon-box-content\">\n\n\t\t\t\t\t\t\t\t\t<h3 class=\"elementor-icon-box-title\">\n\t\t\t\t\t\t<span  >\n\t\t\t\t\t\t\tAnpassbare Optionen\t\t\t\t\t\t<\/span>\n\t\t\t\t\t<\/h3>\n\t\t\t\t\n\t\t\t\t\t\t\t\t\t<p class=\"elementor-icon-box-description\">\n\t\t\t\t\t\tWir legen gro\u00dfen Wert auf Kundenzufriedenheit, indem wir personalisierte Beratung und Unterst\u00fctzung bei der Auswahl des richtigen Springseils f\u00fcr Ihre Bed\u00fcrfnisse anbieten. Unser engagiertes Team steht Ihnen bei jeder Entscheidung zur Seite, um sicherzustellen, dass Sie die perfekte Wahl treffen, um Ihre Fitnessreise zu verbessern. Wir sind bestrebt, eine Gemeinschaft aufzubauen, die Ihre Fitnessziele unterst\u00fctzt.\t\t\t\t\t<\/p>\n\t\t\t\t\n\t\t\t<\/div>\n\t\t\t\n\t\t<\/div>\n\t\t\t\t\t\t<\/div>\n\t\t\t\t<\/div>\n\t\t\t\t<\/div>\n\t\t<div class=\"elementor-element elementor-element-d3070d6 e-con-full e-flex e-con e-child\" data-id=\"d3070d6\" data-element_type=\"container\" data-e-type=\"container\">\n\t\t\t\t<div class=\"elementor-element elementor-element-691856d elementor-widget elementor-widget-image\" data-id=\"691856d\" data-element_type=\"widget\" data-e-type=\"widget\" data-widget_type=\"image.default\">\n\t\t\t\t<div class=\"elementor-widget-container\">\n\t\t\t\t\t\t\t\t\t\t\t\t\t\t\t<img loading=\"lazy\" decoding=\"async\" width=\"1280\" height=\"1209\" src=\"https:\/\/jumpropesupplier.com\/wp-content\/uploads\/2025\/08\/skipping-workout-fitness-rope-5029330.jpg\" class=\"attachment-full size-full wp-image-1664\" alt=\"Springen, Workout, Fitness, Seil, Sport, gesund, Training, fit, Crossfit, \u00dcbung, sportlich, spielen, springen, jung, Zustand, springen, springen, springen, springen, springen\" srcset=\"https:\/\/jumpropesupplier.com\/wp-content\/uploads\/2025\/08\/skipping-workout-fitness-rope-5029330.jpg 1280w, https:\/\/jumpropesupplier.com\/wp-content\/uploads\/2025\/08\/skipping-workout-fitness-rope-5029330-600x567.jpg 600w, https:\/\/jumpropesupplier.com\/wp-content\/uploads\/2025\/08\/skipping-workout-fitness-rope-5029330-300x283.jpg 300w, https:\/\/jumpropesupplier.com\/wp-content\/uploads\/2025\/08\/skipping-workout-fitness-rope-5029330-1024x967.jpg 1024w, https:\/\/jumpropesupplier.com\/wp-content\/uploads\/2025\/08\/skipping-workout-fitness-rope-5029330-768x725.jpg 768w\" sizes=\"(max-width: 1280px) 100vw, 1280px\" \/>\t\t\t\t\t\t\t\t\t\t\t\t\t\t\t<\/div>\n\t\t\t\t<\/div>\n\t\t\t\t<\/div>\n\t\t\t\t<\/div>\n\t\t\t\t\t<\/div>\n\t\t\t\t<\/div>\n\t\t<div class=\"elementor-element elementor-element-c461a01 e-flex e-con-boxed e-con e-parent\" data-id=\"c461a01\" data-element_type=\"container\" data-e-type=\"container\" data-settings=\"{&quot;background_background&quot;:&quot;classic&quot;}\">\n\t\t\t\t\t<div class=\"e-con-inner\">\n\t\t<div class=\"elementor-element elementor-element-e48c08d e-con-full e-flex e-con e-child\" data-id=\"e48c08d\" data-element_type=\"container\" data-e-type=\"container\" data-settings=\"{&quot;background_background&quot;:&quot;classic&quot;}\">\n\t\t\t\t<div class=\"elementor-element elementor-element-fe33a7b elementor-widget elementor-widget-heading\" data-id=\"fe33a7b\" data-element_type=\"widget\" data-e-type=\"widget\" data-widget_type=\"heading.default\">\n\t\t\t\t<div class=\"elementor-widget-container\">\n\t\t\t\t\t<span class=\"elementor-heading-title elementor-size-default\">Treten Sie bei<\/span>\t\t\t\t<\/div>\n\t\t\t\t<\/div>\n\t\t\t\t<div class=\"elementor-element elementor-element-2ec1ea6 elementor-widget elementor-widget-icon-box\" data-id=\"2ec1ea6\" data-element_type=\"widget\" data-e-type=\"widget\" data-widget_type=\"icon-box.default\">\n\t\t\t\t<div class=\"elementor-widget-container\">\n\t\t\t\t\t\t\t<div class=\"elementor-icon-box-wrapper\">\n\n\t\t\t\n\t\t\t\t\t\t<div class=\"elementor-icon-box-content\">\n\n\t\t\t\t\t\t\t\t\t<h3 class=\"elementor-icon-box-title\">\n\t\t\t\t\t\t<span  >\n\t\t\t\t\t\t\tWerden Sie Teil unserer Fitnessgemeinschaft und erreichen Sie Ihre Ziele gemeinsam!\t\t\t\t\t\t<\/span>\n\t\t\t\t\t<\/h3>\n\t\t\t\t\n\t\t\t\t\n\t\t\t<\/div>\n\t\t\t\n\t\t<\/div>\n\t\t\t\t\t\t<\/div>\n\t\t\t\t<\/div>\n\t\t\t\t<div class=\"elementor-element elementor-element-f27a664 elementor-align-center elementor-widget elementor-widget-button\" data-id=\"f27a664\" data-element_type=\"widget\" data-e-type=\"widget\" data-widget_type=\"button.default\">\n\t\t\t\t<div class=\"elementor-widget-container\">\n\t\t\t\t\t\t\t\t\t<div class=\"elementor-button-wrapper\">\n\t\t\t\t\t<a class=\"elementor-button elementor-button-link elementor-size-sm\" href=\"\/de\/contact\/\">\n\t\t\t\t\t\t<span class=\"elementor-button-content-wrapper\">\n\t\t\t\t\t\t\t\t\t<span class=\"elementor-button-text\">Jetzt einkaufen<\/span>\n\t\t\t\t\t<\/span>\n\t\t\t\t\t<\/a>\n\t\t\t\t<\/div>\n\t\t\t\t\t\t\t\t<\/div>\n\t\t\t\t<\/div>\n\t\t\t\t<div class=\"elementor-element elementor-element-c9a3762 elementor-widget elementor-widget-heading\" data-id=\"c9a3762\" data-element_type=\"widget\" data-e-type=\"widget\" data-widget_type=\"heading.default\">\n\t\t\t\t<div class=\"elementor-widget-container\">\n\t\t\t\t\t<span class=\"elementor-heading-title elementor-size-default\">oder rufen Sie uns an unter<\/span>\t\t\t\t<\/div>\n\t\t\t\t<\/div>\n\t\t\t\t<div class=\"elementor-element elementor-element-7a48988 elementor-widget elementor-widget-heading\" data-id=\"7a48988\" data-element_type=\"widget\" data-e-type=\"widget\" data-widget_type=\"heading.default\">\n\t\t\t\t<div class=\"elementor-widget-container\">\n\t\t\t\t\t<h3 class=\"elementor-heading-title elementor-size-default\">+86 188 5812 6258<\/h3>\t\t\t\t<\/div>\n\t\t\t\t<\/div>\n\t\t\t\t<\/div>\n\t\t\t\t\t<\/div>\n\t\t\t\t<\/div>\n\t\t\t\t<\/div>","protected":false},"excerpt":{"rendered":"<p>{{SERVICES_HERO_PREFIX}} {{SERVICES_HERO_HEADING}} {{SERVICES_SECTION_PREFIX}} {{SERVICES_HEADING}} 01 {{SERVICE_HEADING_1}} {{SERVICES_DESCRIPTION_4}} 02 {{SERVICE_HEADING_2}} {{SERVICES_DESCRIPTION_5}} 03 {{SERVICE_HEADING_3}} {{SERVICES_DESCRIPTION_6}} {{FOOTER_PREFIX}} {{FOOTER_CTA_HEADING}} {{CTA_BTN}} {{oder rufen Sie uns an unter}}: [\u2026]<\/p>","protected":false},"author":2,"featured_media":0,"parent":0,"menu_order":0,"comment_status":"closed","ping_status":"closed","template":"","meta":{"site-sidebar-layout":"no-sidebar","site-content-layout":"page-builder","ast-site-content-layout":"full-width-container","site-content-style":"default","site-sidebar-style":"default","ast-global-header-display":"","ast-banner-title-visibility":"","ast-main-header-display":"","ast-hfb-above-header-display":"","ast-hfb-below-header-display":"","ast-hfb-mobile-header-display":"","site-post-title":"disabled","ast-breadcrumbs-content":"","ast-featured-img":"disabled","footer-sml-layout":"","ast-disable-related-posts":"","theme-transparent-header-meta":"","adv-header-id-meta":"","stick-header-meta":"","header-above-stick-meta":"","header-main-stick-meta":"","header-below-stick-meta":"","astra-migrate-meta-layouts":"default","ast-page-background-enabled":"default","ast-page-background-meta":{"desktop":{"background-color":"var(--ast-global-color-4)","background-image":"","background-repeat":"repeat","background-position":"center center","background-size":"auto","background-attachment":"scroll","background-type":"","background-media":"","overlay-type":"","overlay-color":"","overlay-opacity":"","overlay-gradient":""},"tablet":{"background-color":"","background-image":"","background-repeat":"repeat","background-position":"center center","background-size":"auto","background-attachment":"scroll","background-type":"","background-media":"","overlay-type":"","overlay-color":"","overlay-opacity":"","overlay-gradient":""},"mobile":{"background-color":"","background-image":"","background-repeat":"repeat","background-position":"center center","background-size":"auto","background-attachment":"scroll","background-type":"","background-media":"","overlay-type":"","overlay-color":"","overlay-opacity":"","overlay-gradient":""}},"ast-content-background-meta":{"desktop":{"background-color":"var(--ast-global-color-5)","background-image":"","background-repeat":"repeat","background-position":"center center","background-size":"auto","background-attachment":"scroll","background-type":"","background-media":"","overlay-type":"","overlay-color":"","overlay-opacity":"","overlay-gradient":""},"tablet":{"background-color":"var(--ast-global-color-5)","background-image":"","background-repeat":"repeat","background-position":"center center","background-size":"auto","background-attachment":"scroll","background-type":"","background-media":"","overlay-type":"","overlay-color":"","overlay-opacity":"","overlay-gradient":""},"mobile":{"background-color":"var(--ast-global-color-5)","background-image":"","background-repeat":"repeat","background-position":"center center","background-size":"auto","background-attachment":"scroll","background-type":"","background-media":"","overlay-type":"","overlay-color":"","overlay-opacity":"","overlay-gradient":""}},"footnotes":""},"class_list":["post-765","page","type-page","status-publish","hentry"],"_links":{"self":[{"href":"https:\/\/jumpropesupplier.com\/de\/wp-json\/wp\/v2\/pages\/765","targetHints":{"allow":["GET"]}}],"collection":[{"href":"https:\/\/jumpropesupplier.com\/de\/wp-json\/wp\/v2\/pages"}],"about":[{"href":"https:\/\/jumpropesupplier.com\/de\/wp-json\/wp\/v2\/types\/page"}],"author":[{"embeddable":true,"href":"https:\/\/jumpropesupplier.com\/de\/wp-json\/wp\/v2\/users\/2"}],"replies":[{"embeddable":true,"href":"https:\/\/jumpropesupplier.com\/de\/wp-json\/wp\/v2\/comments?post=765"}],"version-history":[{"count":0,"href":"https:\/\/jumpropesupplier.com\/de\/wp-json\/wp\/v2\/pages\/765\/revisions"}],"wp:attachment":[{"href":"https:\/\/jumpropesupplier.com\/de\/wp-json\/wp\/v2\/media?parent=765"}],"curies":[{"name":"wp","href":"https:\/\/api.w.org\/{rel}","templated":true}]}}