{"id":766,"date":"2025-03-12T10:37:35","date_gmt":"2025-03-12T10:37:35","guid":{"rendered":"https:\/\/jumpropesupplier.com\/?page_id=766"},"modified":"2025-03-27T09:43:05","modified_gmt":"2025-03-27T09:43:05","slug":"about","status":"publish","type":"page","link":"https:\/\/jumpropesupplier.com\/de\/about\/","title":{"rendered":"\u00dcber uns"},"content":{"rendered":"<div data-elementor-type=\"wp-page\" data-elementor-id=\"766\" class=\"elementor elementor-766\">\n\t\t\t\t<div class=\"elementor-element elementor-element-d3eb459 e-flex e-con-boxed e-con e-parent\" data-id=\"d3eb459\" data-element_type=\"container\" data-e-type=\"container\">\n\t\t\t\t\t<div class=\"e-con-inner\">\n\t\t<div class=\"elementor-element elementor-element-f781449 e-con-full e-flex e-con e-child\" data-id=\"f781449\" data-element_type=\"container\" data-e-type=\"container\">\n\t\t\t\t<div class=\"elementor-element elementor-element-f0cf9ba elementor-widget elementor-widget-heading\" data-id=\"f0cf9ba\" data-element_type=\"widget\" data-e-type=\"widget\" data-widget_type=\"heading.default\">\n\t\t\t\t<div class=\"elementor-widget-container\">\n\t\t\t\t\t<span class=\"elementor-heading-title elementor-size-default\">Steigere deine Fitnessreise<\/span>\t\t\t\t<\/div>\n\t\t\t\t<\/div>\n\t\t\t\t<div class=\"elementor-element elementor-element-8d67291 elementor-widget elementor-widget-heading\" data-id=\"8d67291\" data-element_type=\"widget\" data-e-type=\"widget\" data-widget_type=\"heading.default\">\n\t\t\t\t<div class=\"elementor-widget-container\">\n\t\t\t\t\t<h1 class=\"elementor-heading-title elementor-size-default\">Willkommen bei JumpRopeSupplier: Dein Partner f\u00fcr Leistung<\/h1>\t\t\t\t<\/div>\n\t\t\t\t<\/div>\n\t\t\t\t<\/div>\n\t\t<div class=\"elementor-element elementor-element-044bc6f e-con-full e-flex e-con e-child\" data-id=\"044bc6f\" data-element_type=\"container\" data-e-type=\"container\">\n\t\t\t\t<div class=\"elementor-element elementor-element-c406709 elementor-widget elementor-widget-image\" data-id=\"c406709\" data-element_type=\"widget\" data-e-type=\"widget\" data-widget_type=\"image.default\">\n\t\t\t\t<div class=\"elementor-widget-container\">\n\t\t\t\t\t\t\t\t\t\t\t\t\t\t\t<img fetchpriority=\"high\" decoding=\"async\" width=\"720\" height=\"1280\" src=\"https:\/\/jumpropesupplier.com\/wp-content\/uploads\/2025\/08\/female-jumping-rope-action-956640.jpg\" class=\"attachment-full size-full wp-image-1669\" alt=\"weiblich, springen, seil, Aktion\" srcset=\"https:\/\/jumpropesupplier.com\/wp-content\/uploads\/2025\/08\/female-jumping-rope-action-956640.jpg 720w, https:\/\/jumpropesupplier.com\/wp-content\/uploads\/2025\/08\/female-jumping-rope-action-956640-600x1067.jpg 600w, https:\/\/jumpropesupplier.com\/wp-content\/uploads\/2025\/08\/female-jumping-rope-action-956640-169x300.jpg 169w, https:\/\/jumpropesupplier.com\/wp-content\/uploads\/2025\/08\/female-jumping-rope-action-956640-576x1024.jpg 576w\" sizes=\"(max-width: 720px) 100vw, 720px\" \/>\t\t\t\t\t\t\t\t\t\t\t\t\t\t\t<\/div>\n\t\t\t\t<\/div>\n\t\t\t\t<\/div>\n\t\t\t\t\t<\/div>\n\t\t\t\t<\/div>\n\t\t<div class=\"elementor-element elementor-element-f25ff50 e-flex e-con-boxed e-con e-parent\" data-id=\"f25ff50\" data-element_type=\"container\" data-e-type=\"container\" data-settings=\"{&quot;background_background&quot;:&quot;classic&quot;}\">\n\t\t\t\t\t<div class=\"e-con-inner\">\n\t\t\t\t<div class=\"elementor-element elementor-element-1e735c8 elementor-widget elementor-widget-heading\" data-id=\"1e735c8\" data-element_type=\"widget\" data-e-type=\"widget\" data-widget_type=\"heading.default\">\n\t\t\t\t<div class=\"elementor-widget-container\">\n\t\t\t\t\t<span class=\"elementor-heading-title elementor-size-default\">Unsere Geschichte<\/span>\t\t\t\t<\/div>\n\t\t\t\t<\/div>\n\t\t\t\t<div class=\"elementor-element elementor-element-cc22a24 elementor-widget elementor-widget-heading\" data-id=\"cc22a24\" data-element_type=\"widget\" data-e-type=\"widget\" data-widget_type=\"heading.default\">\n\t\t\t\t<div class=\"elementor-widget-container\">\n\t\t\t\t\t<h2 class=\"elementor-heading-title elementor-size-default\">Gegr\u00fcndet im Jahr 2018, sind wir schnell zu einem vertrauensw\u00fcrdigen Namen in der Fitnesswelt geworden.<\/h2>\t\t\t\t<\/div>\n\t\t\t\t<\/div>\n\t\t<div class=\"elementor-element elementor-element-5d7f6d1 e-con-full e-grid e-con e-child\" data-id=\"5d7f6d1\" data-element_type=\"container\" data-e-type=\"container\">\n\t\t\t\t<div class=\"elementor-element elementor-element-de36234 elementor-widget elementor-widget-heading\" data-id=\"de36234\" data-element_type=\"widget\" data-e-type=\"widget\" data-widget_type=\"heading.default\">\n\t\t\t\t<div class=\"elementor-widget-container\">\n\t\t\t\t\t<h3 class=\"elementor-heading-title elementor-size-default\">JumpRopeSupplier begann in einer kleinen Werkstatt in China, wo Fitnessbegeisterte und Handwerker zusammenkamen, um hochwertige Springseile zu entwickeln. Unser Engagement f\u00fcr Handwerkskunst und Innovation hat uns zu einer international anerkannten Marke gemacht.<\/h3>\t\t\t\t<\/div>\n\t\t\t\t<\/div>\n\t\t<div class=\"elementor-element elementor-element-7f6cce6 e-con-full e-flex e-con e-child\" data-id=\"7f6cce6\" data-element_type=\"container\" data-e-type=\"container\">\n\t\t\t\t<div class=\"elementor-element elementor-element-a78b1c9 elementor-widget elementor-widget-icon-box\" data-id=\"a78b1c9\" data-element_type=\"widget\" data-e-type=\"widget\" data-widget_type=\"icon-box.default\">\n\t\t\t\t<div class=\"elementor-widget-container\">\n\t\t\t\t\t\t\t<div class=\"elementor-icon-box-wrapper\">\n\n\t\t\t\n\t\t\t\t\t\t<div class=\"elementor-icon-box-content\">\n\n\t\t\t\t\t\t\t\t\t<p class=\"elementor-icon-box-title\">\n\t\t\t\t\t\t<span  >\n\t\t\t\t\t\t\tWir bedienen stolz eine vielf\u00e4ltige Kundschaft, von Anf\u00e4ngern, die ihre Fitness verbessern m\u00f6chten, bis hin zu erfahrenen Athleten, die leistungssteigernde Ausr\u00fcstung suchen. Unser Fokus auf Qualit\u00e4t hat uns bei Fitnessgemeinschaften weltweit beliebt gemacht.\t\t\t\t\t\t<\/span>\n\t\t\t\t\t<\/p>\n\t\t\t\t\n\t\t\t\t\t\t\t\t\t<p class=\"elementor-icon-box-description\">\n\t\t\t\t\t\tJumpRopeSupplier wurde f\u00fcr unsere Qualit\u00e4t und Innovation anerkannt und erhielt mehrere Auszeichnungen und Ehrungen von Fitnessorganisationen und Branchenexperten, was unser Engagement f\u00fcr Exzellenz in allem, was wir tun, unterstreicht.\t\t\t\t\t<\/p>\n\t\t\t\t\n\t\t\t<\/div>\n\t\t\t\n\t\t<\/div>\n\t\t\t\t\t\t<\/div>\n\t\t\t\t<\/div>\n\t\t\t\t<\/div>\n\t\t\t\t<\/div>\n\t\t\t\t\t<\/div>\n\t\t\t\t<\/div>\n\t\t<div class=\"elementor-element elementor-element-641cd73 e-grid e-con-boxed e-con e-parent\" data-id=\"641cd73\" data-element_type=\"container\" data-e-type=\"container\" data-settings=\"{&quot;background_background&quot;:&quot;classic&quot;}\">\n\t\t\t\t\t<div class=\"e-con-inner\">\n\t\t<div class=\"elementor-element elementor-element-85f3d6a e-con-full e-flex e-con e-child\" data-id=\"85f3d6a\" data-element_type=\"container\" data-e-type=\"container\">\n\t\t\t\t<div class=\"elementor-element elementor-element-98a2a0c elementor-widget elementor-widget-heading\" data-id=\"98a2a0c\" data-element_type=\"widget\" data-e-type=\"widget\" data-widget_type=\"heading.default\">\n\t\t\t\t<div class=\"elementor-widget-container\">\n\t\t\t\t\t<span class=\"elementor-heading-title elementor-size-default\">Unsere Mission<\/span>\t\t\t\t<\/div>\n\t\t\t\t<\/div>\n\t\t\t\t<div class=\"elementor-element elementor-element-5e9e0bb elementor-widget elementor-widget-heading\" data-id=\"5e9e0bb\" data-element_type=\"widget\" data-e-type=\"widget\" data-widget_type=\"heading.default\">\n\t\t\t\t<div class=\"elementor-widget-container\">\n\t\t\t\t\t<h2 class=\"elementor-heading-title elementor-size-default\">Jede Fitnessreise st\u00e4rken<\/h2>\t\t\t\t<\/div>\n\t\t\t\t<\/div>\n\t\t\t\t<\/div>\n\t\t\t\t<div class=\"elementor-element elementor-element-8b87ecf elementor-widget elementor-widget-icon-box\" data-id=\"8b87ecf\" data-element_type=\"widget\" data-e-type=\"widget\" data-widget_type=\"icon-box.default\">\n\t\t\t\t<div class=\"elementor-widget-container\">\n\t\t\t\t\t\t\t<div class=\"elementor-icon-box-wrapper\">\n\n\t\t\t\n\t\t\t\t\t\t<div class=\"elementor-icon-box-content\">\n\n\t\t\t\t\t\t\t\t\t<h3 class=\"elementor-icon-box-title\">\n\t\t\t\t\t\t<span  >\n\t\t\t\t\t\t\tHochwertige und innovative Springseile liefern, die Bewegung inspirieren und die Leistung f\u00fcr alle Fitnesslevels verbessern.\t\t\t\t\t\t<\/span>\n\t\t\t\t\t<\/h3>\n\t\t\t\t\n\t\t\t\t\t\t\t\t\t<p class=\"elementor-icon-box-description\">\n\t\t\t\t\t\tWir glauben daran, hochwertige Fitnessger\u00e4te f\u00fcr jeden zug\u00e4nglich zu machen. Unsere Mission ist es, Einzelpersonen zu st\u00e4rken, indem wir erschwingliche Springseile bereitstellen, die verschiedene Fitnessbed\u00fcrfnisse abdecken, damit jeder seine Ziele erreichen kann.\t\t\t\t\t<\/p>\n\t\t\t\t\n\t\t\t<\/div>\n\t\t\t\n\t\t<\/div>\n\t\t\t\t\t\t<\/div>\n\t\t\t\t<\/div>\n\t\t\t\t\t<\/div>\n\t\t\t\t<\/div>\n\t\t<div class=\"elementor-element elementor-element-01b0055 e-flex e-con-boxed e-con e-parent\" data-id=\"01b0055\" data-element_type=\"container\" data-e-type=\"container\" data-settings=\"{&quot;background_background&quot;:&quot;classic&quot;}\">\n\t\t\t\t\t<div class=\"e-con-inner\">\n\t\t<div class=\"elementor-element elementor-element-5b98a07 e-con-full e-flex e-con e-child\" data-id=\"5b98a07\" data-element_type=\"container\" data-e-type=\"container\" data-settings=\"{&quot;background_background&quot;:&quot;classic&quot;}\">\n\t\t\t\t<div class=\"elementor-element elementor-element-a5408bf elementor-widget elementor-widget-heading\" data-id=\"a5408bf\" data-element_type=\"widget\" data-e-type=\"widget\" data-widget_type=\"heading.default\">\n\t\t\t\t<div class=\"elementor-widget-container\">\n\t\t\t\t\t<span class=\"elementor-heading-title elementor-size-default\">Treten Sie bei<\/span>\t\t\t\t<\/div>\n\t\t\t\t<\/div>\n\t\t\t\t<div class=\"elementor-element elementor-element-436a997 elementor-widget elementor-widget-icon-box\" data-id=\"436a997\" data-element_type=\"widget\" data-e-type=\"widget\" data-widget_type=\"icon-box.default\">\n\t\t\t\t<div class=\"elementor-widget-container\">\n\t\t\t\t\t\t\t<div class=\"elementor-icon-box-wrapper\">\n\n\t\t\t\n\t\t\t\t\t\t<div class=\"elementor-icon-box-content\">\n\n\t\t\t\t\t\t\t\t\t<h3 class=\"elementor-icon-box-title\">\n\t\t\t\t\t\t<span  >\n\t\t\t\t\t\t\tWerden Sie Teil unserer Fitnessgemeinschaft und erreichen Sie Ihre Ziele gemeinsam!\t\t\t\t\t\t<\/span>\n\t\t\t\t\t<\/h3>\n\t\t\t\t\n\t\t\t\t\n\t\t\t<\/div>\n\t\t\t\n\t\t<\/div>\n\t\t\t\t\t\t<\/div>\n\t\t\t\t<\/div>\n\t\t\t\t<div class=\"elementor-element elementor-element-8efddcd elementor-align-center elementor-widget elementor-widget-button\" data-id=\"8efddcd\" data-element_type=\"widget\" data-e-type=\"widget\" data-widget_type=\"button.default\">\n\t\t\t\t<div class=\"elementor-widget-container\">\n\t\t\t\t\t\t\t\t\t<div class=\"elementor-button-wrapper\">\n\t\t\t\t\t<a class=\"elementor-button elementor-button-link elementor-size-sm\" href=\"\/de\/contact\/\">\n\t\t\t\t\t\t<span class=\"elementor-button-content-wrapper\">\n\t\t\t\t\t\t\t\t\t<span class=\"elementor-button-text\">Jetzt einkaufen<\/span>\n\t\t\t\t\t<\/span>\n\t\t\t\t\t<\/a>\n\t\t\t\t<\/div>\n\t\t\t\t\t\t\t\t<\/div>\n\t\t\t\t<\/div>\n\t\t\t\t<div class=\"elementor-element elementor-element-8b5f788 elementor-widget elementor-widget-heading\" data-id=\"8b5f788\" data-element_type=\"widget\" data-e-type=\"widget\" data-widget_type=\"heading.default\">\n\t\t\t\t<div class=\"elementor-widget-container\">\n\t\t\t\t\t<span class=\"elementor-heading-title elementor-size-default\">oder rufen Sie uns an unter<\/span>\t\t\t\t<\/div>\n\t\t\t\t<\/div>\n\t\t\t\t<div class=\"elementor-element elementor-element-628c84c elementor-widget elementor-widget-heading\" data-id=\"628c84c\" data-element_type=\"widget\" data-e-type=\"widget\" data-widget_type=\"heading.default\">\n\t\t\t\t<div class=\"elementor-widget-container\">\n\t\t\t\t\t<h3 class=\"elementor-heading-title elementor-size-default\">+86 188 5812 6258<\/h3>\t\t\t\t<\/div>\n\t\t\t\t<\/div>\n\t\t\t\t<\/div>\n\t\t\t\t\t<\/div>\n\t\t\t\t<\/div>\n\t\t\t\t<\/div>","protected":false},"excerpt":{"rendered":"<p>{{ABOUT_HERO_PREFIX}} {{ABOUT_HERO_HEADING}} {{ABOUT_PREFIX_2}} {{ABOUT_DESCRIPTION_2}} {{ABOUT_DESCRIPTION_3}} {{ABOUT_DESCRIPTION_4}} {{ABOUT_DESCRIPTION_5}} {{MISSION_SECTION_PREFIX}} {{MISSION_SECTION_HEADING}} {{MISSION_SECTION_STATEMENT}} {{MISSION_SECTION_DESCRIPTION}} {{FOOTER_PREFIX}} {{FOOTER_CTA_HEADING}} {{CTA_BTN}} {{oder rufen Sie uns an unter}}: {{PHONE}}<\/p>","protected":false},"author":2,"featured_media":0,"parent":0,"menu_order":0,"comment_status":"closed","ping_status":"closed","template":"","meta":{"site-sidebar-layout":"no-sidebar","site-content-layout":"page-builder","ast-site-content-layout":"full-width-container","site-content-style":"default","site-sidebar-style":"default","ast-global-header-display":"","ast-banner-title-visibility":"","ast-main-header-display":"","ast-hfb-above-header-display":"","ast-hfb-below-header-display":"","ast-hfb-mobile-header-display":"","site-post-title":"disabled","ast-breadcrumbs-content":"","ast-featured-img":"disabled","footer-sml-layout":"","ast-disable-related-posts":"","theme-transparent-header-meta":"","adv-header-id-meta":"","stick-header-meta":"","header-above-stick-meta":"","header-main-stick-meta":"","header-below-stick-meta":"","astra-migrate-meta-layouts":"default","ast-page-background-enabled":"default","ast-page-background-meta":{"desktop":{"background-color":"var(--ast-global-color-4)","background-image":"","background-repeat":"repeat","background-position":"center center","background-size":"auto","background-attachment":"scroll","background-type":"","background-media":"","overlay-type":"","overlay-color":"","overlay-opacity":"","overlay-gradient":""},"tablet":{"background-color":"","background-image":"","background-repeat":"repeat","background-position":"center center","background-size":"auto","background-attachment":"scroll","background-type":"","background-media":"","overlay-type":"","overlay-color":"","overlay-opacity":"","overlay-gradient":""},"mobile":{"background-color":"","background-image":"","background-repeat":"repeat","background-position":"center center","background-size":"auto","background-attachment":"scroll","background-type":"","background-media":"","overlay-type":"","overlay-color":"","overlay-opacity":"","overlay-gradient":""}},"ast-content-background-meta":{"desktop":{"background-color":"var(--ast-global-color-5)","background-image":"","background-repeat":"repeat","background-position":"center center","background-size":"auto","background-attachment":"scroll","background-type":"","background-media":"","overlay-type":"","overlay-color":"","overlay-opacity":"","overlay-gradient":""},"tablet":{"background-color":"var(--ast-global-color-5)","background-image":"","background-repeat":"repeat","background-position":"center center","background-size":"auto","background-attachment":"scroll","background-type":"","background-media":"","overlay-type":"","overlay-color":"","overlay-opacity":"","overlay-gradient":""},"mobile":{"background-color":"var(--ast-global-color-5)","background-image":"","background-repeat":"repeat","background-position":"center center","background-size":"auto","background-attachment":"scroll","background-type":"","background-media":"","overlay-type":"","overlay-color":"","overlay-opacity":"","overlay-gradient":""}},"footnotes":""},"class_list":["post-766","page","type-page","status-publish","hentry"],"_links":{"self":[{"href":"https:\/\/jumpropesupplier.com\/de\/wp-json\/wp\/v2\/pages\/766","targetHints":{"allow":["GET"]}}],"collection":[{"href":"https:\/\/jumpropesupplier.com\/de\/wp-json\/wp\/v2\/pages"}],"about":[{"href":"https:\/\/jumpropesupplier.com\/de\/wp-json\/wp\/v2\/types\/page"}],"author":[{"embeddable":true,"href":"https:\/\/jumpropesupplier.com\/de\/wp-json\/wp\/v2\/users\/2"}],"replies":[{"embeddable":true,"href":"https:\/\/jumpropesupplier.com\/de\/wp-json\/wp\/v2\/comments?post=766"}],"version-history":[{"count":0,"href":"https:\/\/jumpropesupplier.com\/de\/wp-json\/wp\/v2\/pages\/766\/revisions"}],"wp:attachment":[{"href":"https:\/\/jumpropesupplier.com\/de\/wp-json\/wp\/v2\/media?parent=766"}],"curies":[{"name":"wp","href":"https:\/\/api.w.org\/{rel}","templated":true}]}}