{"id":2002,"date":"2025-09-03T03:21:21","date_gmt":"2025-09-03T03:21:21","guid":{"rendered":"https:\/\/jumpropesupplier.com\/product\/evo-jump-rope\/"},"modified":"2025-09-03T03:21:21","modified_gmt":"2025-09-03T03:21:21","slug":"evo-jump-rope","status":"publish","type":"product","link":"https:\/\/jumpropesupplier.com\/de\/produkt\/evo-jump-rope\/","title":{"rendered":"Evo Springseil f\u00fcr Geschwindigkeitstraining und langlebige Workouts"},"content":{"rendered":"<h2>Produkt\u00fcbersicht<\/h2>\n<p>Das <strong>Evo Springseil<\/strong> ist gebaut f\u00fcr Geschwindigkeit, Pr\u00e4zision und Haltbarkeit und ist somit die erste Wahl f\u00fcr alle, die ihre Fitness ernst nehmen. Entwickelt mit einem <strong>innovativen Hochgeschwindigkeits-Kabelsystem<\/strong> und <strong>Leichtmetallgriffen<\/strong>, es sorgt f\u00fcr blitzschnelle Rotationen f\u00fcr maximale Effizienz bei jedem Sprung. Ob Sie trainieren f\u00fcr <strong>CrossFit-Wettk\u00e4mpfe<\/strong>, durchpowern bei <strong>HIIT-Sessions<\/strong>, Ihre Boxtechnik perfektionieren oder einfach Ihre allgemeine Cardio-Ausdauer verbessern m\u00f6chten, dieses Seil ist darauf ausgelegt, mit Ihrem Tempo mitzuhalten.  <\/p>\n<p>Mit seiner <strong>glatten Kugellager-Technologie<\/strong>, <strong>verwicklungsresistentem beschichtetem Stahlkabel<\/strong>, und <strong>bequemen, schwei\u00dfresistenten Griffen<\/strong>, bietet das Evo Speed-Springseil sowohl Anf\u00e4ngern als auch Spitzensportlern die perfekte Balance zwischen Leistung und Kontrolle. Von explosiven Double-Unders bis zu langen Ausdauer-Sets, es ist gebaut, um <strong>intensive Workouts<\/strong> zu bew\u00e4ltigen, w\u00e4hrend es gleichzeitig an verschiedene F\u00e4higkeitsstufen und Fitnessziele angepasst werden kann.<\/p>\n<h2>Wichtige Merkmale und Vorteile des Evo Springseils<\/h2>\n<p><img src='https:\/\/jumpropesupplier.com\/wp-content\/uploads\/2025\/09\/Advanced_Adjustable_Speed_Jump_Rope_NDLDZEMjy.webp' alt='Fortschrittliches verstellbares Speed-Sprungseil'><\/p>\n<p>Das <strong>Evo Springseil<\/strong> ist gebaut f\u00fcr Geschwindigkeit, Ausdauer und langlebige Leistung. Hier sind die Merkmale, die es auszeichnen:  <\/p>\n<h3>Fortschrittliches Speed Rope Design<\/h3>\n<ul>\n<li><strong>Leichte Aluminiumgriffe<\/strong> Reduziert Erm\u00fcdung w\u00e4hrend langer Sitzungen.  <\/li>\n<li><strong>Sanfte Kugellager<\/strong> Erm\u00f6glichen maximale Geschwindigkeit und gleichm\u00e4\u00dfige Rotation\u2014perfekt f\u00fcr Double-Unders und schnelle \u00dcberg\u00e4nge.  <\/li>\n<\/ul>\n<h3>Haltbarkeit f\u00fcr alle Bedingungen<\/h3>\n<ul>\n<li><strong>Hochwertiges beschichtetes Stahlkabel<\/strong> Widersteht Fransen, Knicken und Wettersch\u00e4den.  <\/li>\n<li>Entwickelt, um sowohl Indoor-B\u00f6den als auch Outdoor-Beton zu bew\u00e4ltigen, ohne schnell abzunutzen.  <\/li>\n<\/ul>\n<h3>Einfache Kabelanpassung<\/h3>\n<ul>\n<li>Einfache L\u00e4ngenanpassung f\u00fcr verschiedene K\u00f6rpergr\u00f6\u00dfen und Trainingsstile.  <\/li>\n<li>Kein Schneiden erforderlich\u2014festziehen und loslegen.  <\/li>\n<\/ul>\n<h3>Ergonomische Griffe<\/h3>\n<ul>\n<li><strong>Rutschfeste, schwei\u00dfresistente Griffe<\/strong> F\u00fcr einen sicheren Halt, auch bei hochintensivem Training.  <\/li>\n<li>Angenehm genug f\u00fcr l\u00e4ngere Nutzung ohne Handbelastung.  <\/li>\n<\/ul>\n<h3>Vielseitiger Einsatz beim Training<\/h3>\n<ul>\n<li>Funktioniert f\u00fcr <strong>Ausdauer, Boxen, HIIT, CrossFit, Ausdauer\u00fcbungen,<\/strong> und allgemeine Fitness.  <\/li>\n<li>Geeignet f\u00fcr Anf\u00e4nger und fortgeschrittene Athleten.  <\/li>\n<\/ul>\n<h3>Transportabel \u00dcberall<\/h3>\n<ul>\n<li><strong>Kompakt und leicht<\/strong>\u2014passt in jede Turntasche oder Reisetasche.  <\/li>\n<li>Ideal f\u00fcr Heimtrainings, Park-Sessions oder Hotel-Fitnessstudios.  <\/li>\n<\/ul>\n<p><strong>Kurze technische Daten im \u00dcberblick:<\/strong>  <\/p>\n<table>\n<thead>\n<tr>\n<th>Merkmal<\/th>\n<th>Details<\/th>\n<\/tr>\n<\/thead>\n<tbody>\n<tr>\n<td>Material des Griffs<\/td>\n<td>Aluminium<\/td>\n<\/tr>\n<tr>\n<td>Kabelmaterial<\/td>\n<td>Beschichteter Stahl<\/td>\n<\/tr>\n<tr>\n<td>Lager<\/td>\n<td>Hochgeschwindigkeits-Kugellager<\/td>\n<\/tr>\n<tr>\n<td>Griff<\/td>\n<td>Rutschfest, schwei\u00dfresistent<\/td>\n<\/tr>\n<tr>\n<td>Verstellbarkeit<\/td>\n<td>Ja, werkzeugfrei<\/td>\n<\/tr>\n<tr>\n<td>Anwendungsfall<\/td>\n<td>Indoor\/Outdoor, Alle K\u00f6nnerstufen<\/td>\n<\/tr>\n<\/tbody>\n<\/table>\n<p>Wenn Sie nach einer hochgeschwindigkeitsf\u00e4higen, langlebigen und reisetauglichen Option suchen, ist die <strong>Evo verstellbares Springseil<\/strong> auf allen Ebenen \u00fcberzeugend.  <\/p>\n<p>F\u00fcr weitere Springseil-Optionen und -Stile schauen Sie sich unsere <a href=\"https:\/\/jumpropesupplier.com\/de\/\">komplette Springseil-Kollektion<\/a>.  <\/p>\n<h2>Produktdetails<\/h2>\n<p>Das <strong>Evo Springseil<\/strong> wird mit Pr\u00e4zision gefertigt, um sowohl Geschwindigkeit als auch Haltbarkeit zu gew\u00e4hrleisten. Hier eine kurze \u00dcbersicht der technischen Daten, damit Sie genau wissen, was Sie bekommen:  <\/p>\n<table>\n<thead>\n<tr>\n<th>Spezifikation<\/th>\n<th>Details<\/th>\n<\/tr>\n<\/thead>\n<tbody>\n<tr>\n<td><strong>Kabel-L\u00e4nge<\/strong><\/td>\n<td>3 Meter (verstellbar, um den meisten K\u00f6rpergr\u00f6\u00dfen zu entsprechen)<\/td>\n<\/tr>\n<tr>\n<td><strong>Kabeldicke<\/strong><\/td>\n<td>2,5 mm beschichtetes Stahlkabel<\/td>\n<\/tr>\n<tr>\n<td><strong>Griffma\u00dfe<\/strong><\/td>\n<td>6 Zoll L\u00e4nge, schlankes Profil f\u00fcr bequemen Griff<\/td>\n<\/tr>\n<tr>\n<td><strong>Griffgewicht<\/strong><\/td>\n<td>34 g pro Griff (leicht f\u00fcr schnellere Drehungen)<\/td>\n<\/tr>\n<tr>\n<td><strong>Materialien<\/strong><\/td>\n<td>Aluminiumgriffe, Stahlkabel mit PVC-Beschichtung, Pr\u00e4zisionskugellager<\/td>\n<\/tr>\n<tr>\n<td><strong>Farboptionen<\/strong><\/td>\n<td>Schwarz, Rot, Blau, Silber<\/td>\n<\/tr>\n<tr>\n<td><strong>Gesamtgewicht des Seils<\/strong><\/td>\n<td>170 g<\/td>\n<\/tr>\n<tr>\n<td><strong>Garantie<\/strong><\/td>\n<td>1 Jahr Herstellergarantie gegen Defekte<\/td>\n<\/tr>\n<\/tbody>\n<\/table>\n<p>Das verstellbare Stahlkabel erm\u00f6glicht es Ihnen, es auf Ihre genaue H\u00f6he und Ihr Trainingsstil einzustellen. Die beschichtete Oberfl\u00e4che bietet zus\u00e4tzlichen Schutz gegen Fransenbildung und Outdoor-Belastung. Leichte Aluminiumgriffe mit glatten Lagern erlauben h\u00f6here Umdrehungszahlen f\u00fcr Geschwindigkeitstraining, egal ob Sie CrossFit, Boxen oder t\u00e4gliches Cardio machen.  <\/p>\n<h2>Gebrauchsanweisung f\u00fcr das Evo Springseil<\/h2>\n<p><img src='https:\/\/jumpropesupplier.com\/wp-content\/uploads\/2025\/09\/Jump_Rope_Usage_and_Maintenance_Tips_2D1LaeEIm.webp' alt='Tipps zur Verwendung und Wartung des Springseils'><\/p>\n<h3>So passen Sie die Kabel\u00e4nge an<\/h3>\n<p>Die richtige Kabel\u00e4nge macht einen gro\u00dfen Unterschied in Ihrer Leistung:  <\/p>\n<ul>\n<li>Stellen Sie sich mit beiden F\u00fc\u00dfen in die Mitte des Kabels.  <\/li>\n<li>Ziehen Sie die Griffe gerade nach oben entlang Ihres K\u00f6rpers.  <\/li>\n<li>F\u00fcr Anf\u00e4nger: Die Griffe sollten bis zu Ihren Schultern reichen.  <\/li>\n<li>F\u00fcr Geschwindigkeitstraining oder CrossFit: Die Griffe sollten n\u00e4her an Ihrer oberen Brust sein.  <\/li>\n<li>Verwenden Sie den integrierten Versteller, um das Kabel zu verk\u00fcrzen oder zu verl\u00e4ngern \u2014 ohne zus\u00e4tzliches Werkzeug.  <\/li>\n<li>Schneiden Sie \u00fcbersch\u00fcssiges Kabel ab, wenn Sie einen saubereren Look w\u00fcnschen.  <\/li>\n<\/ul>\n<h3>Empfohlene Workouts<\/h3>\n<p>Das Evo Speed Springseil eignet sich f\u00fcr alles, vom Aufw\u00e4rmen bis zum intensiven Training:  <\/p>\n<ul>\n<li><strong>Grundsprung<\/strong> \u2013 Perfekt f\u00fcr Aufw\u00e4rmen und t\u00e4gliches Cardio.  <\/li>\n<li><strong>Hochkniebeugen<\/strong> \u2013 Steigert Koordination und Geschwindigkeit.  <\/li>\n<li><strong>Doppelspr\u00fcnge<\/strong> \u2013 Ideal f\u00fcr CrossFit und fortgeschrittenes Konditionstraining.  <\/li>\n<li><strong>Boxer-Schritt<\/strong> \u2013 Sanfter, gelenkschonender Rhythmus f\u00fcr Ausdauer.  <\/li>\n<li><strong>HIIT-Intervalle<\/strong> \u2013 30 Sekunden schnelles Seilspringen, gefolgt von 30 Sekunden Pause, f\u00fcr 10 Runden.  <\/li>\n<\/ul>\n<h3>Pflegetipps<\/h3>\n<p>Damit Ihr Evo Verstellbares Springseil in Top-Zustand bleibt:  <\/p>\n<ul>\n<li>Verwenden Sie es auf glatten Oberfl\u00e4chen wie Fitnessstudio-B\u00f6den oder Gummimatten, um Kabelverschlei\u00df zu vermeiden.  <\/li>\n<li>Wischen Sie Griffe und Kabel nach dem Training ab, um Schwei\u00df und Feuchtigkeit zu entfernen.  <\/li>\n<li>Bewahren Sie es drinnen und fern von direktem Sonnenlicht auf, um die Beschichtung zu sch\u00fctzen.  <\/li>\n<li>\u00dcberpr\u00fcfen Sie das Kabel regelm\u00e4\u00dfig auf Fransen \u2013 ersetzen Sie es bei Besch\u00e4digung, um Bruch zu vermeiden.  <\/li>\n<li>Halten Sie die Lager sauber f\u00fcr eine reibungslose Drehung; bei Bedarf kann eine leichte Schmierung helfen.  <\/li>\n<\/ul>\n<h2>Kundenmeinungen und Bewertungen<\/h2>\n<p>Das <strong>Evo Springseil<\/strong> hat durchweg positives Feedback von Nutzern gesammelt \u2013 von Gelegenheitssportlern bis hin zu Wettkampfathleten. Hier ist, was die Leute sagen:  <\/p>\n<p><strong>\u201eSchnellstes Seil, das ich je benutzt habe\u201c<\/strong> \u2013 Ein CrossFit-Coach aus Deutschland berichtete, dass die leichten Aluminiumgriffe und die glatten Lager ihr halfen, h\u00f6here Umdrehungszahlen ohne Verknotungen zu erreichen, wodurch Double-Unders fast m\u00fchelos wirkten.  <\/p>\n<p><strong>\u201eF\u00fcr die Ewigkeit gebaut\u201c<\/strong> \u2013 Ein Amateurboxer aus Deutschland teilte mit, dass das beschichtete Stahlkabel nach monatelangem Outdoor-Training immer noch keine Anzeichen von Fransen zeigt, selbst auf rauem Beton.  <\/p>\n<p><strong>\u201eEinfach f\u00fcr die ganze Familie einstellbar\u201c<\/strong> \u2013 Ein Heimfitness-Enthusiast aus Deutschland liebte es, wie schnell sie die L\u00e4nge \u00e4ndern konnte, sodass sowohl sie als auch ihr jugendlicher Sohn es f\u00fcr unterschiedliche Workouts verwenden konnten.  <\/p>\n<h3>Bewertungen<\/h3>\n<ul>\n<li><strong>Durchschnittliche Bewertung:<\/strong> 4,8\/5 Sterne  <\/li>\n<li><strong>Am meisten gelobte Aspekte:<\/strong>\n<ul>\n<li>Effizienz des Speed-Seils f\u00fcr fortgeschrittenes Cardio und Fertigkeitstraining  <\/li>\n<li>Bequeme, schwei\u00dfresistente Griffe f\u00fcr lange Workouts  <\/li>\n<li>Hohe Haltbarkeit sowohl f\u00fcr den Innen- als auch f\u00fcr den Au\u00dfenbereich  <\/li>\n<li>Sanfte Rotation f\u00fcr einen gleichm\u00e4\u00dfigen Rhythmus  <\/li>\n<li>Einfache Verstellbarkeit f\u00fcr verschiedene K\u00f6rpergr\u00f6\u00dfen  <\/li>\n<\/ul>\n<\/li>\n<\/ul>\n<p>Viele Kunden sch\u00e4tzen auch, dass das <strong>Evo verstellbares Springseil<\/strong> kompakt und leicht ist, was es zu einer idealen Wahl f\u00fcr Reisen oder schnelle Aufw\u00e4rm\u00fcbungen vor dem Fitnessstudio macht.  <\/p>\n<h2>Vergleich mit anderen Springseilen<\/h2>\n<p><img src='https:\/\/jumpropesupplier.com\/wp-content\/uploads\/2025\/09\/Evo_Jump_Rope_vs_Competitors_5qHFCjY93.webp' alt='Evo Springseil vs. Wettbewerber'><\/p>\n<p>Wenn man das <strong>Evo Springseil<\/strong> gegen\u00fcber anderen beliebten Speed-Seilen vergleicht, fallen einige Unterschiede sowohl in Leistung als auch im Wert auf. Die meisten Modelle in seiner Klasse konzentrieren sich entweder auf Geschwindigkeit oder Haltbarkeit \u2013 aber das Evo bietet beides.  <\/p>\n<table>\n<thead>\n<tr>\n<th>Merkmal<\/th>\n<th>Evo Springseil<\/th>\n<th>Typisches Speed-Seil<\/th>\n<th>Grundfitness-Seil<\/th>\n<\/tr>\n<\/thead>\n<tbody>\n<tr>\n<td><strong>Geschwindigkeitsleistung<\/strong><\/td>\n<td>Glatte Kugellager, hohe Umdrehungen pro Minute f\u00fcr fortgeschrittenes Geschwindigkeitstraining<\/td>\n<td>Oft einfache Lager, weniger gleichm\u00e4\u00dfiger Drehmoment<\/td>\n<td>Langsamere Bewegung, nicht f\u00fcr hohe Umdrehungen pro Minute gebaut<\/td>\n<\/tr>\n<tr>\n<td><strong>Haltbarkeit<\/strong><\/td>\n<td>Beschichtetes Stahlkabel widersteht Fransen &amp; Wettersch\u00e4den<\/td>\n<td>Kabelbeschichtung nutzt sich im Laufe der Zeit schneller ab<\/td>\n<td>PVC oder einfache Vinylbeschichtung neigt zu Rissen<\/td>\n<\/tr>\n<tr>\n<td><strong>Verstellbarkeit<\/strong><\/td>\n<td>Werkzeuglose Kabelverl\u00e4ngerung f\u00fcr jede H\u00f6he<\/td>\n<td>Einige erfordern Werkzeuge oder sind nicht verstellbar<\/td>\n<td>Begrenzte oder keine Verstellbarkeit<\/td>\n<\/tr>\n<tr>\n<td><strong>Griffqualit\u00e4t<\/strong><\/td>\n<td>Leichtes Aluminium, ergonomisch &amp; rutschfest<\/td>\n<td>Plastik oder einfache Schaumstoffgriffe \u2013 weniger langlebig<\/td>\n<td>Dicker Schaumstoff, volumin\u00f6seres Gef\u00fchl<\/td>\n<\/tr>\n<tr>\n<td><strong>Vielseitigkeit<\/strong><\/td>\n<td>Ideal f\u00fcr CrossFit, Boxen, HIIT, Ausdauertraining<\/td>\n<td>In der Regel auf eine Trainingsart ausgerichtet<\/td>\n<td>Nur allgemeine Fitness<\/td>\n<\/tr>\n<tr>\n<td><strong>Portabilit\u00e4t<\/strong><\/td>\n<td>Kompakt &amp; reisefertig<\/td>\n<td>Volumin\u00f6sere Kabel oder Griffe<\/td>\n<td>Leicht, aber weniger langlebig im Freien<\/td>\n<\/tr>\n<tr>\n<td><strong>Preis-Leistungs-Verh\u00e4ltnis<\/strong><\/td>\n<td>Leistung auf Profi-Niveau zu einem wettbewerbsf\u00e4higen Preis<\/td>\n<td>H\u00f6here Kosten f\u00fcr \u00e4hnliche Qualit\u00e4t<\/td>\n<td>Billiger, aber k\u00fcrzere Lebensdauer<\/td>\n<\/tr>\n<\/tbody>\n<\/table>\n<p><strong>Warum es gewinnt:<\/strong>  <\/p>\n<ul>\n<li><strong>Geschwindigkeit &amp; Kontrolle<\/strong> \u2013 Das Evo-Kabel-Sprungseil dreht sich schnell, ohne das Gleichgewicht zu verlieren.  <\/li>\n<li><strong>Fitness- oder reisebereit<\/strong> \u2013 Klein genug f\u00fcr einen Rucksack, robust genug f\u00fcr Training im Freien.  <\/li>\n<li><strong>Langfristige Investition<\/strong> \u2013 Entwickelt, um l\u00e4nger zu halten als das durchschnittliche verstellbare Fitnessseil.  <\/li>\n<\/ul>\n<p>Wenn Sie ein Seil suchen, das mit intensiven CrossFit-WODs, schnellen Box-\u00dcbungen oder langen HIIT-Sitzungen mithalten kann\u2014ohne an der H\u00e4lfte der Saison auszurei\u00dfen\u2014das <strong>Evo Fitness Sprungseil<\/strong> hat den Vorteil gegen\u00fcber den meisten Alternativen, die Sie in Gesch\u00e4ften oder online sehen.  <\/p>\n<p>Sie k\u00f6nnen auch unsere anderen Modelle und Gro\u00dfhandelsoptionen pr\u00fcfen <a href=\"https:\/\/jumpropesupplier.com\/de\/wholesale-jump-ropes\/\">hier<\/a> wenn Sie mehrere Seile f\u00fcr Fitnessstudios, Schulen oder Trainingsgruppen ben\u00f6tigen.<\/p>\n<h2>Preise und Kaufoptionen f\u00fcr Evo Sprungseil<\/h2>\n<p>Das <strong>Evo Springseil<\/strong> sind so gestaltet, dass sie Profi-Leistung bieten, ohne zu viel zu bezahlen. Ob Sie zu Hause, im Fitnessstudio oder unterwegs trainieren, Sie k\u00f6nnen das Paket w\u00e4hlen, das Ihren Bed\u00fcrfnissen entspricht.  <\/p>\n<h3>Preise und Pakete:<\/h3>\n<p>| Paket | Enth\u00e4lt | Preis |<br \/>\n|&#8212;&#8212;&#8212;|&#8212;&#8212;&#8212;-|&#8212;&#8212;-|<br \/>\n| Einzelnes Seil | 1 Evo Speed Springseil | $29.99 |<br \/>\n| Duo-Pack | 2 Evo Fitness Springseile | $54.99 |<br \/>\n| Trainer-Bundle | 4 Evo verstellbare Springseile | $99.99 |<\/p>\n<p><strong>Sonderangebote:<\/strong>  <\/p>\n<ul>\n<li><strong>Kostenloser Versand<\/strong> bei Bestellungen \u00fcber $50 innerhalb Deutschlands.  <\/li>\n<li>10% Rabatt auf die erste Bestellung, wenn Sie sich f\u00fcr unseren E-Mail-Newsletter anmelden.  <\/li>\n<li>Mengenrabatte f\u00fcr Fitnessstudios, Teams und Vereine erh\u00e4ltlich.  <\/li>\n<\/ul>\n<p><strong>Versand und Lieferung:<\/strong>  <\/p>\n<ul>\n<li>Standardversand innerhalb Deutschlands: <strong>3-5 Werktage<\/strong>  <\/li>\n<li>Expressversand: <strong>1-2 Werktage<\/strong>  <\/li>\n<li>Versand aus unserem in Deutschland ans\u00e4ssigen Lager f\u00fcr schnellere Lieferung.  <\/li>\n<\/ul>\n<p>In mehreren Farben erh\u00e4ltlich und versandfertig am selben Tag, an dem Ihre Bestellung aufgegeben wird.<\/p>\n<h2>\u00dcber JumpRopeLieferant<\/h2>\n<p><img src='https:\/\/jumpropesupplier.com\/wp-content\/uploads\/2025\/09\/jump_rope_manufacturing_expertise_QyjVo0HHz.webp' alt='Springseil-Herstellungsexpertise'><\/p>\n<p>Bei JumpRopeSupplier ist die Herstellung hochwertiger Springseile unsere Spezialit\u00e4t. Wir haben Jahre damit verbracht, Seile f\u00fcr Athleten, Fitnessstudios und Marken in Deutschland und weltweit zu entwerfen und zu produzieren. Von <strong>PVC- und Perlen-Springseilen<\/strong> to <strong>verstellbaren Speed Seilen<\/strong> wie die Evo-Serie, jedes Produkt ist darauf ausgelegt, zu performen, langlebig zu sein und die Bed\u00fcrfnisse verschiedener Trainingsstile zu erf\u00fcllen.  <\/p>\n<p>Wir \u00fcbernehmen den gesamten Prozess \u2013 von Materialauswahl und pr\u00e4ziser Fertigung bis hin zu strengen Qualit\u00e4tskontrollen \u2013 damit Sie ein Seil erhalten, das genauso hart arbeitet wie Sie. Ob Sie ein einzelnes Seil f\u00fcr Heimtraining ben\u00f6tigen oder eine Gro\u00dfbestellung f\u00fcr Ihr Fitnessstudio, wir haben die Erfahrung, um zu liefern.  <\/p>\n<p>Unser Kundenservice ist genauso wichtig wie unsere Produkte. Wir bieten <strong>schnellen Support, einfache Bestellhilfe, OEM\/ODM-Anpassungen<\/strong>, und klare Kommunikation von Anfang bis Ende. Wenn Sie Fragen zur Auswahl des richtigen Seils, zur Einstellung Ihres Evo Fitness-Sprungseils oder zur Nachverfolgung einer Bestellung haben, steht unser Team bereit, um zu helfen.<\/p>\n<h2>FAQ f\u00fcr Evo Springseil<\/h2>\n<h3>Wie stelle ich die L\u00e4nge des Evo Springseils ein?<\/h3>\n<p>Das verstellbare Evo-Sprungseil ist einfach einzurichten. L\u00f6sen Sie einfach die Schrauben an jedem Griff, schieben Sie das Kabel auf die gew\u00fcnschte L\u00e4nge und ziehen Sie es wieder fest. Wir empfehlen, auf der Mitte des Seils zu stehen und die Griffe nach oben zu ziehen \u2013 die Griffe sollten etwa auf Arml\u00e4nge sein, um die richtige Passform zu gew\u00e4hrleisten.  <\/p>\n<h3>Ist das Evo Springseil f\u00fcr Anf\u00e4nger geeignet?<\/h3>\n<p>Ja. Obwohl es f\u00fcr Geschwindigkeit gebaut ist, ist es auch glatt und leicht zu kontrollieren, was es sowohl f\u00fcr Anf\u00e4nger als auch f\u00fcr erfahrene Athleten gro\u00dfartig macht. Sie k\u00f6nnen langsam beginnen und sich steigern.  <\/p>\n<h3>Kann ich es im Freien verwenden?<\/h3>\n<p>Absolut. Das beschichtete Stahlkabel ist wetterbest\u00e4ndig und kann verschiedene Oberfl\u00e4chen bew\u00e4ltigen. Um die Langlebigkeit zu erh\u00f6hen, vermeiden Sie nach M\u00f6glichkeit rauen Beton.  <\/p>\n<h3>F\u00fcr welche Workouts kann ich es verwenden?<\/h3>\n<p>Das Evo Fitness-Sprungseil eignet sich f\u00fcr Cardio, HIIT, Boxen, CrossFit und Ausdauertraining. Sie k\u00f6nnen es in Aufw\u00e4rm\u00fcbungen oder vollst\u00e4ndige Workouts integrieren.  <\/p>\n<h3>Wie sieht die Garantie aus?<\/h3>\n<p>Wir bieten eine 12-monatige Garantie gegen Herstellungsfehler. Wenn etwas nicht stimmt, reparieren oder ersetzen wir es.  <\/p>\n<h3>Wie lange dauert der Versand?<\/h3>\n<p>In Deutschland kommen die meisten Bestellungen innerhalb von 3\u20135 Werktagen an. Wir bieten auch Expressversand beim Checkout an.  <\/p>\n<h3>Bieten Sie Gro\u00dfbestellungen oder individuelle Anfertigungen an?<\/h3>\n<p>Ja. Wir k\u00f6nnen Griffe, Kabel oder Branding f\u00fcr Fitnessstudios, Teams oder Veranstaltungen anpassen. Kontaktieren Sie unser Team f\u00fcr Gro\u00dfhandelspreise.  <\/p>\n<h3>Wie halte ich mein Springseil in Top-Zustand?<\/h3>\n<ul>\n<li>Bewahren Sie es drinnen auf, fern von extremen Hitze- oder K\u00e4ltequellen  <\/li>\n<li>Griffe nach dem Training abwischen, um die Griffigkeit sauber zu halten  <\/li>\n<li>\u00dcberpr\u00fcfen Sie das Kabel auf Knicke oder Fransen und ersetzen Sie es bei Bedarf  <\/li>\n<\/ul>\n<h2>Handlungsaufforderung<\/h2>\n<p>Bereit, Ihre Workouts mit dem <strong>Evo Springseil<\/strong>? Egal, ob Sie auf Geschwindigkeit trainieren, Ausdauer aufbauen oder Abwechslung in Ihre Cardio-Routine bringen m\u00f6chten, dieses Seil liefert die Leistung, die Sie ben\u00f6tigen.  <\/p>\n<p>Bestellen Sie noch heute und erleben Sie schnellere Drehungen, geschmeidigere Spr\u00fcnge und bessere Ergebnisse. Wir bieten Einzelseile, Wertpakete und Mengenbestelloptionen f\u00fcr Fitnessstudios, Trainer und Fitnessgruppen an.  <\/p>\n<h3>\u2705 Schneller Versand landesweit<\/h3>\n<p><strong>\u2705 Einfaches Online-Bestellen<\/strong><br \/>\n<strong>\u2705 Mengenrabatte verf\u00fcgbar<\/strong>  <\/p>\n<p>Klicken <a href=\"https:\/\/jumpropesupplier.com\/de\/shops\/\">Jetzt kaufen<\/a> um Ihr <strong>Evo Speed-Sprungseil<\/strong> heute, oder <a href=\"https:\/\/jumpropesupplier.com\/de\/contact\/\">Kontaktieren Sie uns<\/a> f\u00fcr Gro\u00dfhandels- und Anpassungsanfragen.  <\/p>","protected":false},"excerpt":{"rendered":"<p>Evo Springseil mit verstellbarem Kabel, leichtem Design und glatten Lagern f\u00fcr schnelles, langlebiges und vielseitiges Fitnesstraining<\/p>","protected":false},"featured_media":1997,"comment_status":"open","ping_status":"closed","template":"","meta":{"site-sidebar-layout":"default","site-content-layout":"","ast-site-content-layout":"default","site-content-style":"default","site-sidebar-style":"default","ast-global-header-display":"","ast-banner-title-visibility":"","ast-main-header-display":"","ast-hfb-above-header-display":"","ast-hfb-below-header-display":"","ast-hfb-mobile-header-display":"","site-post-title":"","ast-breadcrumbs-content":"","ast-featured-img":"","footer-sml-layout":"","ast-disable-related-posts":"","theme-transparent-header-meta":"","adv-header-id-meta":"","stick-header-meta":"","header-above-stick-meta":"","header-main-stick-meta":"","header-below-stick-meta":"","astra-migrate-meta-layouts":"default","ast-page-background-enabled":"default","ast-page-background-meta":{"desktop":{"background-color":"var(--ast-global-color-4)","background-image":"","background-repeat":"repeat","background-position":"center center","background-size":"auto","background-attachment":"scroll","background-type":"","background-media":"","overlay-type":"","overlay-color":"","overlay-opacity":"","overlay-gradient":""},"tablet":{"background-color":"","background-image":"","background-repeat":"repeat","background-position":"center center","background-size":"auto","background-attachment":"scroll","background-type":"","background-media":"","overlay-type":"","overlay-color":"","overlay-opacity":"","overlay-gradient":""},"mobile":{"background-color":"","background-image":"","background-repeat":"repeat","background-position":"center center","background-size":"auto","background-attachment":"scroll","background-type":"","background-media":"","overlay-type":"","overlay-color":"","overlay-opacity":"","overlay-gradient":""}},"ast-content-background-meta":{"desktop":{"background-color":"var(--ast-global-color-5)","background-image":"","background-repeat":"repeat","background-position":"center center","background-size":"auto","background-attachment":"scroll","background-type":"","background-media":"","overlay-type":"","overlay-color":"","overlay-opacity":"","overlay-gradient":""},"tablet":{"background-color":"var(--ast-global-color-5)","background-image":"","background-repeat":"repeat","background-position":"center center","background-size":"auto","background-attachment":"scroll","background-type":"","background-media":"","overlay-type":"","overlay-color":"","overlay-opacity":"","overlay-gradient":""},"mobile":{"background-color":"var(--ast-global-color-5)","background-image":"","background-repeat":"repeat","background-position":"center center","background-size":"auto","background-attachment":"scroll","background-type":"","background-media":"","overlay-type":"","overlay-color":"","overlay-opacity":"","overlay-gradient":""}}},"product_brand":[],"product_cat":[18],"product_tag":[],"class_list":{"0":"post-2002","1":"product","2":"type-product","3":"status-publish","4":"has-post-thumbnail","6":"product_cat-jump-ropes","7":"desktop-align-left","8":"tablet-align-left","9":"mobile-align-left","11":"first","12":"instock","13":"shipping-taxable","14":"purchasable","15":"product-type-simple"},"_links":{"self":[{"href":"https:\/\/jumpropesupplier.com\/de\/wp-json\/wp\/v2\/product\/2002","targetHints":{"allow":["GET"]}}],"collection":[{"href":"https:\/\/jumpropesupplier.com\/de\/wp-json\/wp\/v2\/product"}],"about":[{"href":"https:\/\/jumpropesupplier.com\/de\/wp-json\/wp\/v2\/types\/product"}],"replies":[{"embeddable":true,"href":"https:\/\/jumpropesupplier.com\/de\/wp-json\/wp\/v2\/comments?post=2002"}],"wp:featuredmedia":[{"embeddable":true,"href":"https:\/\/jumpropesupplier.com\/de\/wp-json\/wp\/v2\/media\/1997"}],"wp:attachment":[{"href":"https:\/\/jumpropesupplier.com\/de\/wp-json\/wp\/v2\/media?parent=2002"}],"wp:term":[{"taxonomy":"product_brand","embeddable":true,"href":"https:\/\/jumpropesupplier.com\/de\/wp-json\/wp\/v2\/product_brand?post=2002"},{"taxonomy":"product_cat","embeddable":true,"href":"https:\/\/jumpropesupplier.com\/de\/wp-json\/wp\/v2\/product_cat?post=2002"},{"taxonomy":"product_tag","embeddable":true,"href":"https:\/\/jumpropesupplier.com\/de\/wp-json\/wp\/v2\/product_tag?post=2002"}],"curies":[{"name":"wp","href":"https:\/\/api.w.org\/{rel}","templated":true}]}}