{"id":1683,"date":"2025-09-02T02:11:05","date_gmt":"2025-09-02T02:11:05","guid":{"rendered":"https:\/\/jumpropesupplier.com\/?page_id=1683"},"modified":"2025-09-02T02:11:05","modified_gmt":"2025-09-02T02:11:05","slug":"refund_returns","status":"publish","type":"page","link":"https:\/\/jumpropesupplier.com\/vi\/refund_returns\/","title":{"rendered":"Ch\u00ednh s\u00e1ch Ho\u00e0n ti\u1ec1n v\u00e0 Tr\u1ea3 h\u00e0ng"},"content":{"rendered":"<h1 class=\"wp-block-heading\">Ch\u00ednh s\u00e1ch ho\u00e0n ti\u1ec1n &amp; tr\u1ea3 h\u00e0ng<\/h1>\n\n\n\n<p>At <strong>Nh\u00e0 cung c\u1ea5p d\u00e2y nh\u1ea3y<\/strong>, ch\u00fang t\u00f4i cam k\u1ebft cung c\u1ea5p d\u00e2y nh\u1ea3y v\u00e0 ph\u1ee5 ki\u1ec7n ch\u1ea5t l\u01b0\u1ee3ng cao cho kh\u00e1ch h\u00e0ng tr\u00ean to\u00e0n th\u1ebf gi\u1edbi. S\u1ef1 h\u00e0i l\u00f2ng c\u1ee7a b\u1ea1n r\u1ea5t quan tr\u1ecdng \u0111\u1ed1i v\u1edbi ch\u00fang t\u00f4i, v\u00e0 ch\u00fang t\u00f4i mu\u1ed1n b\u1ea1n c\u1ea3m th\u1ea5y t\u1ef1 tin khi mua h\u00e0ng. Vui l\u00f2ng xem x\u00e9t c\u00e1c h\u01b0\u1edbng d\u1eabn b\u1ea3o h\u00e0nh, tr\u1ea3 h\u00e0ng v\u00e0 ho\u00e0n ti\u1ec1n c\u1ee7a ch\u00fang t\u00f4i d\u01b0\u1edbi \u0111\u00e2y.<\/p>\n\n\n\n<hr class=\"wp-block-separator has-alpha-channel-opacity\"\/>\n\n\n\n<h2 class=\"wp-block-heading\">B\u1ea3o h\u00e0nh<\/h2>\n\n\n\n<ul class=\"wp-block-list\">\n<li><strong>B\u1ea3o h\u00e0nh c\u00f3 gi\u1edbi h\u1ea1n 1 n\u0103m<\/strong><br>T\u1ea5t c\u1ea3 s\u1ea3n ph\u1ea9m c\u1ee7a ch\u00fang t\u00f4i \u0111i k\u00e8m v\u1edbi ch\u1ebf \u0111\u1ed9 b\u1ea3o h\u00e0nh c\u00f3 gi\u1edbi h\u1ea1n m\u1ed9t n\u0103m ch\u1ed1ng l\u1ea1i c\u00e1c l\u1ed7i v\u1ec1 v\u1eadt li\u1ec7u v\u00e0 k\u1ef9 thu\u1eadt. N\u1ebfu d\u00e2y nh\u1ea3y c\u1ee7a b\u1ea1n g\u1eb7p s\u1ef1 c\u1ed1 do l\u1ed7i s\u1ea3n xu\u1ea5t trong th\u1eddi gian n\u00e0y, ch\u00fang t\u00f4i s\u1ebd s\u1eeda ch\u1eefa, thay th\u1ebf ho\u1eb7c ho\u00e0n ti\u1ec1n \u0111\u01a1n h\u00e0ng c\u1ee7a b\u1ea1n m\u00e0 kh\u00f4ng t\u00ednh ph\u00ed th\u00eam.<\/li>\n\n\n\n<li><strong>Nh\u1eefng g\u00ec \u0111\u01b0\u1ee3c b\u1ea3o hi\u1ec3m<\/strong><br>L\u1ed7i s\u1ea3n xu\u1ea5t nh\u01b0 tay c\u1ea7m b\u1ecb l\u1ed7i, b\u1ea1c \u0111\u1ea1n b\u1ecb l\u1ed7i ho\u1eb7c s\u1ef1 c\u1ed1 d\u00e2y c\u00e1p kh\u00f4ng do s\u1eed d\u1ee5ng sai.<\/li>\n\n\n\n<li><strong>Nh\u1eefng g\u00ec kh\u00f4ng \u0111\u01b0\u1ee3c b\u1ea3o hi\u1ec3m<\/strong><br>M\u00e0i m\u00f2n t\u1ef1 nhi\u00ean, \u0111\u1eb7c bi\u1ec7t khi s\u1eed d\u1ee5ng tr\u00ean c\u00e1c b\u1ec1 m\u1eb7t ngo\u00e0i tr\u1eddi th\u00f4 r\u00e1p. V\u00ed d\u1ee5, d\u00e2y c\u00e1p d\u00e2y th\u00e9p ho\u1eb7c d\u00e2y PVC s\u1ebd t\u1ef1 nhi\u00ean m\u00e0i m\u00f2n nhanh h\u01a1n tr\u00ean b\u00ea t\u00f4ng ho\u1eb7c asphalt. C\u00e1c m\u1eb7t h\u00e0ng \u0111\u1eb7t l\u00e0m ri\u00eang ho\u1eb7c h\u00e0ng gi\u1ea3m gi\u00e1 kh\u00f4ng \u0111\u01b0\u1ee3c b\u1ea3o hi\u1ec3m theo ch\u1ebf \u0111\u1ed9 b\u1ea3o h\u00e0nh n\u00e0y.<\/li>\n<\/ul>\n\n\n\n<hr class=\"wp-block-separator has-alpha-channel-opacity\"\/>\n\n\n\n<h2 class=\"wp-block-heading\">Tr\u1ea3 h\u00e0ng &amp; Ho\u00e0n ti\u1ec1n<\/h2>\n\n\n\n<ul class=\"wp-block-list\">\n<li><strong>\u0110i\u1ec1u ki\u1ec7n \u0111\u1ee7 \u0111i\u1ec1u ki\u1ec7n<\/strong><br>N\u1ebfu b\u1ea1n mu\u1ed1n tr\u1ea3 l\u1ea1i s\u1ea3n ph\u1ea9m v\u00ec l\u00fd do kh\u00e1c ngo\u00e0i l\u1ed7i, b\u1ea1n c\u00f3 th\u1ec3 th\u1ef1c hi\u1ec7n trong v\u00f2ng <strong>90 ng\u00e0y<\/strong> k\u1ec3 t\u1eeb ng\u00e0y nh\u1eadn h\u00e0ng. C\u00e1c m\u1eb7t h\u00e0ng tr\u1ea3 l\u1ea1i ph\u1ea3i ch\u01b0a qua s\u1eed d\u1ee5ng, c\u00f2n nguy\u00ean bao b\u00ec v\u00e0 trong t\u00ecnh tr\u1ea1ng ph\u00f9 h\u1ee3p \u0111\u1ec3 b\u00e1n l\u1ea1i.<\/li>\n\n\n\n<li><strong>Quy tr\u00ecnh tr\u1ea3 h\u00e0ng<\/strong>\n<ol class=\"wp-block-list\">\n<li>Li\u00ean h\u1ec7 v\u1edbi nh\u00f3m h\u1ed7 tr\u1ee3 c\u1ee7a ch\u00fang t\u00f4i t\u1ea1i <strong><a>info@pleval.com<\/a><\/strong> v\u1edbi s\u1ed1 \u0111\u01a1n h\u00e0ng, t\u00ean v\u00e0 chi ti\u1ebft v\u1eadn chuy\u1ec3n c\u1ee7a b\u1ea1n.<\/li>\n\n\n\n<li>Ch\u00fang t\u00f4i s\u1ebd cung c\u1ea5p h\u01b0\u1edbng d\u1eabn tr\u1ea3 h\u00e0ng v\u00e0 \u0111\u1ecba ch\u1ec9 tr\u1ea3 h\u00e0ng ph\u00f9 h\u1ee3p.<\/li>\n\n\n\n<li>\u0110\u1ea3m b\u1ea3o t\u1ea5t c\u1ea3 th\u00f4ng tin \u0111\u01a1n h\u00e0ng \u0111\u01b0\u1ee3c bao g\u1ed3m trong g\u00f3i tr\u1ea3 h\u00e0ng.<\/li>\n<\/ol>\n<\/li>\n\n\n\n<li><strong>Th\u1eddi gian x\u1eed l\u00fd<\/strong><br>Sau khi ch\u00fang t\u00f4i nh\u1eadn v\u00e0 ki\u1ec3m tra h\u00e0ng tr\u1ea3 l\u1ea1i c\u1ee7a b\u1ea1n, ch\u00fang t\u00f4i s\u1ebd th\u00f4ng b\u00e1o qua email. C\u00e1c kho\u1ea3n ho\u00e0n ti\u1ec1n \u0111\u01b0\u1ee3c ch\u1ea5p thu\u1eadn s\u1ebd \u0111\u01b0\u1ee3c ph\u00e1t h\u00e0nh qua ph\u01b0\u01a1ng th\u1ee9c thanh to\u00e1n ban \u0111\u1ea7u c\u1ee7a b\u1ea1n. Qu\u00e1 tr\u00ecnh ho\u00e0n ti\u1ec1n c\u00f3 th\u1ec3 m\u1ea5t t\u1edbi <strong>7 ng\u00e0y l\u00e0m vi\u1ec7c<\/strong> \u0111\u1ec3 xu\u1ea5t hi\u1ec7n, t\u00f9y thu\u1ed9c v\u00e0o nh\u00e0 cung c\u1ea5p d\u1ecbch v\u1ee5 thanh to\u00e1n c\u1ee7a b\u1ea1n.<\/li>\n\n\n\n<li><strong>Ph\u00ed tr\u1ea3 h\u00e0ng<\/strong><br>Kh\u00e1ch h\u00e0ng ch\u1ecbu tr\u00e1ch nhi\u1ec7m ph\u00ed v\u1eadn chuy\u1ec3n tr\u1ea3 h\u00e0ng tr\u1eeb khi m\u1eb7t h\u00e0ng b\u1ecb l\u1ed7i ho\u1eb7c sai. Trong m\u1ed9t s\u1ed1 tr\u01b0\u1eddng h\u1ee3p, c\u00f3 th\u1ec3 \u00e1p d\u1ee5ng <strong>ph\u00ed ho\u00e0n kho 5%<\/strong> M\u1eb7t h\u00e0ng tr\u1ea3 l\u1ea1i v\u1eabn thu\u1ed9c tr\u00e1ch nhi\u1ec7m c\u1ee7a kh\u00e1ch h\u00e0ng cho \u0111\u1ebfn khi nh\u1eadn v\u00e0 x\u00e1c nh\u1eadn b\u1edfi ch\u00fang t\u00f4i.<\/li>\n<\/ul>\n\n\n\n<hr class=\"wp-block-separator has-alpha-channel-opacity\"\/>\n\n\n\n<h2 class=\"wp-block-heading\">Ghi ch\u00fa quan tr\u1ecdng<\/h2>\n\n\n\n<ul class=\"wp-block-list\">\n<li>C\u00e1c m\u1eb7t h\u00e0ng tr\u1ea3 l\u1ea1i kh\u00f4ng c\u00f3 chi ti\u1ebft \u0111\u01a1n h\u00e0ng c\u00f3 th\u1ec3 g\u00e2y ch\u1eadm tr\u1ec5 trong qu\u00e1 tr\u00ecnh x\u1eed l\u00fd.<\/li>\n\n\n\n<li>N\u1ebfu s\u1ea3n ph\u1ea9m kh\u00f4ng \u0111\u00e1p \u1ee9ng \u0111i\u1ec1u ki\u1ec7n tr\u1ea3 h\u00e0ng c\u1ee7a ch\u00fang t\u00f4i, ch\u00fang t\u00f4i c\u00f3 th\u1ec3 g\u1eedi l\u1ea1i cho b\u1ea1n trong tr\u1ea1ng th\u00e1i ban \u0111\u1ea7u.<\/li>\n\n\n\n<li>C\u00e1c \u0111\u01a1n h\u00e0ng gi\u1ea3m gi\u00e1, thanh l\u00fd v\u00e0 \u0111\u1eb7t h\u00e0ng t\u00f9y ch\u1ec9nh l\u00e0 <strong>b\u00e1n cu\u1ed1i c\u00f9ng<\/strong> v\u00e0 kh\u00f4ng th\u1ec3 ho\u00e0n ti\u1ec1n ho\u1eb7c \u0111\u1ed5i tr\u1ea3.<\/li>\n\n\n\n<li>C\u00e1c \u0111\u01a1n h\u00e0ng qu\u1ed1c t\u1ebf c\u00f3 th\u1ec3 ph\u1ea3i ch\u1ecbu thu\u1ebf h\u1ea3i quan ho\u1eb7c thu\u1ebf, tr\u00e1ch nhi\u1ec7m thu\u1ed9c v\u1ec1 ng\u01b0\u1eddi mua.<\/li>\n<\/ul>\n\n\n\n<hr class=\"wp-block-separator has-alpha-channel-opacity\"\/>\n\n\n\n<h2 class=\"wp-block-heading\">Li\u00ean h\u1ec7 v\u1edbi ch\u00fang t\u00f4i<\/h2>\n\n\n\n<p>\u0110\u1ed1i v\u1edbi y\u00eau c\u1ea7u b\u1ea3o h\u00e0nh, tr\u1ea3 h\u00e0ng ho\u1eb7c ho\u00e0n ti\u1ec1n, vui l\u00f2ng li\u00ean h\u1ec7:<\/p>\n\n\n\n<p><strong>Nh\u00e0 cung c\u1ea5p d\u00e2y nh\u1ea3y<\/strong><br>S\u1ed1 228 Jingzhilu, Qu\u1eadn Fuyang, H\u00e0ng Ch\u00e2u, Chi\u1ebft Giang, Trung Qu\u1ed1c.<br>\ud83d\udcde +86 188 5812 6258<br>\ud83d\udce7 <a>info@pleval.com<\/a><br>\ud83d\udd17 <a href=\"https:\/\/pvcjumprope.com\/?utm_source=chatgpt.com\" rel=\"noopener\">https:\/\/pvcjumprope.com\/<\/a><\/p>","protected":false},"excerpt":{"rendered":"<p>Ch\u00ednh s\u00e1ch ho\u00e0n ti\u1ec1n v\u00e0 tr\u1ea3 h\u00e0ng T\u1ea1i JumpRopeSupplier, ch\u00fang t\u00f4i cam k\u1ebft cung c\u1ea5p d\u00e2y nh\u1ea3y v\u00e0 ph\u1ee5 ki\u1ec7n ch\u1ea5t l\u01b0\u1ee3ng cao cho kh\u00e1ch h\u00e0ng tr\u00ean to\u00e0n th\u1ebf gi\u1edbi. S\u1ea3n ph\u1ea9m c\u1ee7a b\u1ea1n [\u2026]<\/p>","protected":false},"author":1,"featured_media":0,"parent":0,"menu_order":0,"comment_status":"closed","ping_status":"closed","template":"","meta":{"site-sidebar-layout":"default","site-content-layout":"","ast-site-content-layout":"default","site-content-style":"default","site-sidebar-style":"default","ast-global-header-display":"","ast-banner-title-visibility":"","ast-main-header-display":"","ast-hfb-above-header-display":"","ast-hfb-below-header-display":"","ast-hfb-mobile-header-display":"","site-post-title":"","ast-breadcrumbs-content":"","ast-featured-img":"","footer-sml-layout":"","ast-disable-related-posts":"","theme-transparent-header-meta":"","adv-header-id-meta":"","stick-header-meta":"","header-above-stick-meta":"","header-main-stick-meta":"","header-below-stick-meta":"","astra-migrate-meta-layouts":"set","ast-page-background-enabled":"default","ast-page-background-meta":{"desktop":{"background-color":"var(--ast-global-color-4)","background-image":"","background-repeat":"repeat","background-position":"center center","background-size":"auto","background-attachment":"scroll","background-type":"","background-media":"","overlay-type":"","overlay-color":"","overlay-opacity":"","overlay-gradient":""},"tablet":{"background-color":"","background-image":"","background-repeat":"repeat","background-position":"center center","background-size":"auto","background-attachment":"scroll","background-type":"","background-media":"","overlay-type":"","overlay-color":"","overlay-opacity":"","overlay-gradient":""},"mobile":{"background-color":"","background-image":"","background-repeat":"repeat","background-position":"center center","background-size":"auto","background-attachment":"scroll","background-type":"","background-media":"","overlay-type":"","overlay-color":"","overlay-opacity":"","overlay-gradient":""}},"ast-content-background-meta":{"desktop":{"background-color":"var(--ast-global-color-5)","background-image":"","background-repeat":"repeat","background-position":"center center","background-size":"auto","background-attachment":"scroll","background-type":"","background-media":"","overlay-type":"","overlay-color":"","overlay-opacity":"","overlay-gradient":""},"tablet":{"background-color":"var(--ast-global-color-5)","background-image":"","background-repeat":"repeat","background-position":"center center","background-size":"auto","background-attachment":"scroll","background-type":"","background-media":"","overlay-type":"","overlay-color":"","overlay-opacity":"","overlay-gradient":""},"mobile":{"background-color":"var(--ast-global-color-5)","background-image":"","background-repeat":"repeat","background-position":"center center","background-size":"auto","background-attachment":"scroll","background-type":"","background-media":"","overlay-type":"","overlay-color":"","overlay-opacity":"","overlay-gradient":""}},"footnotes":""},"class_list":["post-1683","page","type-page","status-publish","hentry"],"_links":{"self":[{"href":"https:\/\/jumpropesupplier.com\/vi\/wp-json\/wp\/v2\/pages\/1683","targetHints":{"allow":["GET"]}}],"collection":[{"href":"https:\/\/jumpropesupplier.com\/vi\/wp-json\/wp\/v2\/pages"}],"about":[{"href":"https:\/\/jumpropesupplier.com\/vi\/wp-json\/wp\/v2\/types\/page"}],"author":[{"embeddable":true,"href":"https:\/\/jumpropesupplier.com\/vi\/wp-json\/wp\/v2\/users\/1"}],"replies":[{"embeddable":true,"href":"https:\/\/jumpropesupplier.com\/vi\/wp-json\/wp\/v2\/comments?post=1683"}],"version-history":[{"count":1,"href":"https:\/\/jumpropesupplier.com\/vi\/wp-json\/wp\/v2\/pages\/1683\/revisions"}],"predecessor-version":[{"id":1884,"href":"https:\/\/jumpropesupplier.com\/vi\/wp-json\/wp\/v2\/pages\/1683\/revisions\/1884"}],"wp:attachment":[{"href":"https:\/\/jumpropesupplier.com\/vi\/wp-json\/wp\/v2\/media?parent=1683"}],"curies":[{"name":"wp","href":"https:\/\/api.w.org\/{rel}","templated":true}]}}