{"id":1878,"date":"2025-09-02T02:02:55","date_gmt":"2025-09-02T02:02:55","guid":{"rendered":"https:\/\/jumpropesupplier.com\/?page_id=1878"},"modified":"2025-09-02T02:02:55","modified_gmt":"2025-09-02T02:02:55","slug":"privacy-policy","status":"publish","type":"page","link":"https:\/\/jumpropesupplier.com\/vi\/privacy-policy\/","title":{"rendered":"Ch\u00ednh s\u00e1ch B\u1ea3o m\u1eadt"},"content":{"rendered":"<p><strong>C\u1eadp nh\u1eadt l\u1ea7n cu\u1ed1i: ng\u00e0y 2 th\u00e1ng 9 n\u0103m 2025<\/strong><\/p>\n\n\n\n<p>At <strong>Nh\u00e0 cung c\u1ea5p d\u00e2y nh\u1ea3y<\/strong> (\u201c<strong>C\u00f4ng ty<\/strong>,\u201d \u201c<strong>we<\/strong>,\u201d \u201c<strong>us<\/strong>,\u201d ho\u1eb7c \u201c<strong>d\u00e2y<\/strong>\u201d), ch\u00fang t\u00f4i tr\u00e2n tr\u1ecdng v\u00e0 t\u00f4n tr\u1ecdng quy\u1ec1n ri\u00eang t\u01b0 c\u1ee7a b\u1ea1n. Ch\u00ednh s\u00e1ch quy\u1ec1n ri\u00eang t\u01b0 n\u00e0y gi\u1ea3i th\u00edch c\u00e1ch ch\u00fang t\u00f4i thu th\u1eadp, s\u1eed d\u1ee5ng, chia s\u1ebb v\u00e0 b\u1ea3o v\u1ec7 th\u00f4ng tin c\u00e1 nh\u00e2n c\u1ee7a b\u1ea1n khi b\u1ea1n t\u01b0\u01a1ng t\u00e1c v\u1edbi trang web c\u1ee7a ch\u00fang t\u00f4i <strong><a href=\"https:\/\/pvcjumprope.com\/?utm_source=chatgpt.com\" rel=\"noopener\">https:\/\/pvcjumprope.com\/<\/a><\/strong>, c\u00e1c s\u1ea3n ph\u1ea9m c\u1ee7a ch\u00fang t\u00f4i, v\u00e0 c\u00e1c d\u1ecbch v\u1ee5 li\u00ean quan (g\u1ecdi chung l\u00e0 \u201c<strong>D\u1ecbch v\u1ee5<\/strong>\u201d).<\/p>\n\n\n\n<p>B\u1eb1ng vi\u1ec7c truy c\u1eadp ho\u1eb7c s\u1eed d\u1ee5ng D\u1ecbch v\u1ee5 c\u1ee7a ch\u00fang t\u00f4i, b\u1ea1n \u0111\u1ed3ng \u00fd v\u1edbi c\u00e1c \u0111i\u1ec1u kho\u1ea3n \u0111\u01b0\u1ee3c n\u00eau trong Ch\u00ednh s\u00e1ch quy\u1ec1n ri\u00eang t\u01b0 n\u00e0y. N\u1ebfu b\u1ea1n kh\u00f4ng \u0111\u1ed3ng \u00fd, vui l\u00f2ng kh\u00f4ng s\u1eed d\u1ee5ng D\u1ecbch v\u1ee5 c\u1ee7a ch\u00fang t\u00f4i.<\/p>\n\n\n\n<hr class=\"wp-block-separator has-alpha-channel-opacity\"\/>\n\n\n\n<h2 class=\"wp-block-heading\">1. Th\u00f4ng tin ch\u00fang t\u00f4i thu th\u1eadp<\/h2>\n\n\n\n<p>Ch\u00fang t\u00f4i c\u00f3 th\u1ec3 thu th\u1eadp c\u00e1c lo\u1ea1i th\u00f4ng tin sau:<\/p>\n\n\n\n<ul class=\"wp-block-list\">\n<li><strong>Th\u00f4ng tin \u0111\u1ecbnh danh<\/strong>: t\u00ean, \u0111\u1ecba ch\u1ec9 email, s\u1ed1 \u0111i\u1ec7n tho\u1ea1i, \u0111\u1ecba ch\u1ec9 giao h\u00e0ng v\u00e0 thanh to\u00e1n.<\/li>\n\n\n\n<li><strong>Th\u00f4ng tin th\u01b0\u01a1ng m\u1ea1i<\/strong>: h\u1ed3 s\u01a1 c\u00e1c s\u1ea3n ph\u1ea9m \u0111\u00e3 mua, b\u00e1o gi\u00e1 y\u00eau c\u1ea7u, ho\u1eb7c c\u00e1c y\u00eau c\u1ea7u \u0111\u00e3 g\u1eedi.<\/li>\n\n\n\n<li><strong>D\u1eef li\u1ec7u k\u1ef9 thu\u1eadt<\/strong>: \u0111\u1ecba ch\u1ec9 IP, lo\u1ea1i tr\u00ecnh duy\u1ec7t, h\u1ec7 \u0111i\u1ec1u h\u00e0nh, \u0111\u1ecbnh danh thi\u1ebft b\u1ecb, cookie, v\u00e0 ho\u1ea1t \u0111\u1ed9ng duy\u1ec7t web tr\u00ean Trang web c\u1ee7a ch\u00fang t\u00f4i.<\/li>\n\n\n\n<li><strong>Giao ti\u1ebfp<\/strong>: tin nh\u1eafn, email, ho\u1eb7c c\u00e1c y\u00eau c\u1ea7u kh\u00e1c b\u1ea1n g\u1eedi cho ch\u00fang t\u00f4i.<\/li>\n<\/ul>\n\n\n\n<p>Ch\u00fang t\u00f4i kh\u00f4ng c\u1ed1 \u00fd thu th\u1eadp d\u1eef li\u1ec7u c\u00e1 nh\u00e2n nh\u1ea1y c\u1ea3m (nh\u01b0 gi\u1ea5y t\u1edd t\u00f9y th\u00e2n c\u1ee7a ch\u00ednh ph\u1ee7, th\u00f4ng tin s\u1ee9c kh\u1ecfe, ho\u1eb7c sinh tr\u1eafc h\u1ecdc).<\/p>\n\n\n\n<hr class=\"wp-block-separator has-alpha-channel-opacity\"\/>\n\n\n\n<h2 class=\"wp-block-heading\">2. C\u00e1ch ch\u00fang t\u00f4i s\u1eed d\u1ee5ng th\u00f4ng tin c\u1ee7a b\u1ea1n<\/h2>\n\n\n\n<p>Ch\u00fang t\u00f4i s\u1eed d\u1ee5ng th\u00f4ng tin thu th\u1eadp \u0111\u01b0\u1ee3c cho c\u00e1c m\u1ee5c \u0111\u00edch bao g\u1ed3m:<\/p>\n\n\n\n<ul class=\"wp-block-list\">\n<li>\u0110\u1ec3 x\u1eed l\u00fd v\u00e0 ho\u00e0n t\u1ea5t \u0111\u01a1n h\u00e0ng c\u1ee7a b\u1ea1n.<\/li>\n\n\n\n<li>\u0110\u1ec3 ph\u1ea3n h\u1ed3i c\u00e1c c\u00e2u h\u1ecfi v\u00e0 cung c\u1ea5p h\u1ed7 tr\u1ee3 kh\u00e1ch h\u00e0ng.<\/li>\n\n\n\n<li>\u0110\u1ec3 c\u1ea3i thi\u1ec7n s\u1ea3n ph\u1ea9m, d\u1ecbch v\u1ee5 v\u00e0 hi\u1ec7u su\u1ea5t trang web c\u1ee7a ch\u00fang t\u00f4i.<\/li>\n\n\n\n<li>\u0110\u1ec3 g\u1eedi c\u1eadp nh\u1eadt, \u01b0u \u0111\u00e3i khuy\u1ebfn m\u00e3i ho\u1eb7c b\u1ea3n tin (ch\u1ec9 khi b\u1ea1n \u0111\u00e3 \u0111\u0103ng k\u00fd).<\/li>\n\n\n\n<li>\u0110\u1ec3 tu\u00e2n th\u1ee7 c\u00e1c ngh\u0129a v\u1ee5 ph\u00e1p l\u00fd v\u00e0 ng\u0103n ch\u1eb7n gian l\u1eadn ho\u1eb7c l\u1ea1m d\u1ee5ng.<\/li>\n<\/ul>\n\n\n\n<p>Ch\u00fang t\u00f4i kh\u00f4ng b\u00e1n th\u00f4ng tin c\u00e1 nh\u00e2n c\u1ee7a b\u1ea1n cho b\u00ean th\u1ee9 ba.<\/p>\n\n\n\n<hr class=\"wp-block-separator has-alpha-channel-opacity\"\/>\n\n\n\n<h2 class=\"wp-block-heading\">3. Chia s\u1ebb Th\u00f4ng tin<\/h2>\n\n\n\n<p>Ch\u00fang t\u00f4i c\u00f3 th\u1ec3 chia s\u1ebb th\u00f4ng tin c\u00e1 nh\u00e2n c\u1ee7a b\u1ea1n ch\u1ec9 trong c\u00e1c t\u00ecnh hu\u1ed1ng sau:<\/p>\n\n\n\n<ul class=\"wp-block-list\">\n<li><strong>Nh\u00e0 cung c\u1ea5p d\u1ecbch v\u1ee5<\/strong>: V\u1edbi c\u00e1c \u0111\u1ed1i t\u00e1c \u0111\u00e1ng tin c\u1eady gi\u00fap ch\u00fang t\u00f4i v\u1eadn h\u00e0nh doanh nghi\u1ec7p (v\u00ed d\u1ee5: logistics, x\u1eed l\u00fd thanh to\u00e1n, nh\u00e0 cung c\u1ea5p c\u00f4ng ngh\u1ec7 th\u00f4ng tin).<\/li>\n\n\n\n<li><strong>Tu\u00e2n th\u1ee7 ph\u00e1p lu\u1eadt<\/strong>: Khi \u0111\u01b0\u1ee3c y\u00eau c\u1ea7u b\u1edfi ph\u00e1p lu\u1eadt, quy \u0111\u1ecbnh ho\u1eb7c quy tr\u00ecnh ph\u00e1p l\u00fd h\u1ee3p l\u1ec7.<\/li>\n\n\n\n<li><strong>Chuy\u1ec3n nh\u01b0\u1ee3ng doanh nghi\u1ec7p<\/strong>: Trong tr\u01b0\u1eddng h\u1ee3p s\u00e1p nh\u1eadp, mua l\u1ea1i ho\u1eb7c b\u00e1n t\u00e0i s\u1ea3n, th\u00f4ng tin c\u1ee7a b\u1ea1n c\u00f3 th\u1ec3 \u0111\u01b0\u1ee3c chuy\u1ec3n \u0111\u1ebfn t\u1ed5 ch\u1ee9c k\u1ebf th\u1eeba.<\/li>\n\n\n\n<li><strong>D\u1eef li\u1ec7u t\u1ed5ng h\u1ee3p\/\u1ea8n danh<\/strong>: Ch\u00fang t\u00f4i c\u00f3 th\u1ec3 s\u1eed d\u1ee5ng th\u00f4ng tin kh\u00f4ng th\u1ec3 nh\u1eadn d\u1ea1ng \u0111\u1ec3 ph\u00e2n t\u00edch ho\u1eb7c b\u00e1o c\u00e1o kinh doanh.<\/li>\n<\/ul>\n\n\n\n<hr class=\"wp-block-separator has-alpha-channel-opacity\"\/>\n\n\n\n<h2 class=\"wp-block-heading\">4. Cookies v\u00e0 Theo d\u00f5i<\/h2>\n\n\n\n<p>Ch\u00fang t\u00f4i s\u1eed d\u1ee5ng cookies v\u00e0 c\u00e1c c\u00f4ng ngh\u1ec7 t\u01b0\u01a1ng t\u1ef1 \u0111\u1ec3 n\u00e2ng cao tr\u1ea3i nghi\u1ec7m duy\u1ec7t web c\u1ee7a b\u1ea1n, ph\u00e2n t\u00edch l\u01b0u l\u01b0\u1ee3ng truy c\u1eadp v\u00e0 c\u1ea3i thi\u1ec7n D\u1ecbch v\u1ee5 c\u1ee7a ch\u00fang t\u00f4i. B\u1ea1n c\u00f3 th\u1ec3 qu\u1ea3n l\u00fd t\u00f9y ch\u1ecdn cookie qua c\u00e0i \u0111\u1eb7t tr\u00ecnh duy\u1ec7t c\u1ee7a m\u00ecnh. Xin l\u01b0u \u00fd r\u1eb1ng vi\u1ec7c v\u00f4 hi\u1ec7u h\u00f3a cookies c\u00f3 th\u1ec3 \u1ea3nh h\u01b0\u1edfng \u0111\u1ebfn ch\u1ee9c n\u0103ng c\u1ee7a trang web.<\/p>\n\n\n\n<hr class=\"wp-block-separator has-alpha-channel-opacity\"\/>\n\n\n\n<h2 class=\"wp-block-heading\">5. Th\u1eddi gian l\u01b0u gi\u1eef d\u1eef li\u1ec7u<\/h2>\n\n\n\n<p>Ch\u00fang t\u00f4i ch\u1ec9 l\u01b0u gi\u1eef th\u00f4ng tin c\u00e1 nh\u00e2n trong th\u1eddi gian c\u1ea7n thi\u1ebft \u0111\u1ec3 th\u1ef1c hi\u1ec7n c\u00e1c m\u1ee5c \u0111\u00edch \u0111\u00e3 n\u00eau trong Ch\u00ednh s\u00e1ch B\u1ea3o m\u1eadt n\u00e0y, tr\u1eeb khi ph\u00e1p lu\u1eadt y\u00eau c\u1ea7u ho\u1eb7c cho ph\u00e9p th\u1eddi gian l\u01b0u gi\u1eef l\u00e2u h\u01a1n. Khi th\u1eddi gian l\u01b0u gi\u1eef k\u1ebft th\u00fac, ch\u00fang t\u00f4i s\u1ebd x\u00f3a ho\u1eb7c l\u00e0m \u1ea9n danh th\u00f4ng tin c\u1ee7a b\u1ea1n.<\/p>\n\n\n\n<hr class=\"wp-block-separator has-alpha-channel-opacity\"\/>\n\n\n\n<h2 class=\"wp-block-heading\">6. L\u1ef1a ch\u1ecdn quy\u1ec1n ri\u00eang t\u01b0 c\u1ee7a b\u1ea1n<\/h2>\n\n\n\n<ul class=\"wp-block-list\">\n<li><strong>Truy c\u1eadp v\u00e0 C\u1eadp nh\u1eadt<\/strong>: B\u1ea1n c\u00f3 th\u1ec3 y\u00eau c\u1ea7u truy c\u1eadp, ch\u1ec9nh s\u1eeda ho\u1eb7c x\u00f3a th\u00f4ng tin c\u00e1 nh\u00e2n c\u1ee7a m\u00ecnh b\u1eb1ng c\u00e1ch li\u00ean h\u1ec7 v\u1edbi ch\u00fang t\u00f4i.<\/li>\n\n\n\n<li><strong>Th\u00f4ng tin li\u00ean l\u1ea1c ti\u1ebfp th\u1ecb<\/strong>: B\u1ea1n c\u00f3 th\u1ec3 t\u1eeb ch\u1ed1i nh\u1eadn email qu\u1ea3ng c\u00e1o b\u1eb1ng c\u00e1ch theo d\u00f5i li\u00ean k\u1ebft \u201ch\u1ee7y \u0111\u0103ng k\u00fd\u201d ho\u1eb7c li\u00ean h\u1ec7 tr\u1ef1c ti\u1ebfp v\u1edbi ch\u00fang t\u00f4i.<\/li>\n\n\n\n<li><strong>Cookies<\/strong>: B\u1ea1n c\u00f3 th\u1ec3 qu\u1ea3n l\u00fd c\u00e0i \u0111\u1eb7t cookie qua tr\u00ecnh duy\u1ec7t c\u1ee7a m\u00ecnh.<\/li>\n<\/ul>\n\n\n\n<hr class=\"wp-block-separator has-alpha-channel-opacity\"\/>\n\n\n\n<h2 class=\"wp-block-heading\">7. C\u00e1c bi\u1ec7n ph\u00e1p b\u1ea3o m\u1eadt<\/h2>\n\n\n\n<p>Ch\u00fang t\u00f4i th\u1ef1c hi\u1ec7n c\u00e1c bi\u1ec7n ph\u00e1p ph\u00f2ng ng\u1eeba h\u1ee3p l\u00fd v\u1ec1 k\u1ef9 thu\u1eadt, qu\u1ea3n tr\u1ecb v\u00e0 v\u1eadt l\u00fd \u0111\u1ec3 b\u1ea3o v\u1ec7 th\u00f4ng tin c\u00e1 nh\u00e2n c\u1ee7a b\u1ea1n kh\u1ecfi truy c\u1eadp tr\u00e1i ph\u00e9p, m\u1ea5t m\u00e1t, l\u1ea1m d\u1ee5ng ho\u1eb7c ti\u1ebft l\u1ed9. Tuy nhi\u00ean, kh\u00f4ng c\u00f3 ph\u01b0\u01a1ng ph\u00e1p truy\u1ec1n d\u1eef li\u1ec7u qua Internet n\u00e0o l\u00e0 an to\u00e0n 100%, v\u00e0 ch\u00fang t\u00f4i kh\u00f4ng th\u1ec3 \u0111\u1ea3m b\u1ea3o s\u1ef1 b\u1ea3o v\u1ec7 tuy\u1ec7t \u0111\u1ed1i.<\/p>\n\n\n\n<hr class=\"wp-block-separator has-alpha-channel-opacity\"\/>\n\n\n\n<h2 class=\"wp-block-heading\">8. Quy\u1ec1n ri\u00eang t\u01b0 c\u1ee7a tr\u1ebb em<\/h2>\n\n\n\n<p>D\u1ecbch v\u1ee5 c\u1ee7a ch\u00fang t\u00f4i kh\u00f4ng h\u01b0\u1edbng \u0111\u1ebfn tr\u1ebb em d\u01b0\u1edbi 16 tu\u1ed5i. Ch\u00fang t\u00f4i kh\u00f4ng c\u1ed1 \u00fd thu th\u1eadp th\u00f4ng tin c\u00e1 nh\u00e2n t\u1eeb tr\u1ebb em. N\u1ebfu ch\u00fang t\u00f4i ph\u00e1t hi\u1ec7n \u0111\u00e3 v\u00f4 t\u00ecnh thu th\u1eadp d\u1eef li\u1ec7u nh\u01b0 v\u1eady, ch\u00fang t\u00f4i s\u1ebd x\u00f3a n\u00f3 ngay l\u1eadp t\u1ee9c.<\/p>\n\n\n\n<hr class=\"wp-block-separator has-alpha-channel-opacity\"\/>\n\n\n\n<h2 class=\"wp-block-heading\">9. Li\u00ean k\u1ebft c\u1ee7a b\u00ean th\u1ee9 ba<\/h2>\n\n\n\n<p>Trang web c\u1ee7a ch\u00fang t\u00f4i c\u00f3 th\u1ec3 bao g\u1ed3m li\u00ean k\u1ebft \u0111\u1ebfn c\u00e1c trang web b\u00ean ngo\u00e0i. Ch\u00fang t\u00f4i kh\u00f4ng ch\u1ecbu tr\u00e1ch nhi\u1ec7m v\u1ec1 c\u00e1c ch\u00ednh s\u00e1ch quy\u1ec1n ri\u00eang t\u01b0 ho\u1eb7c n\u1ed9i dung c\u1ee7a c\u00e1c trang web \u0111\u00f3. Ch\u00fang t\u00f4i khuy\u1ebfn kh\u00edch b\u1ea1n xem x\u00e9t ch\u00ednh s\u00e1ch quy\u1ec1n ri\u00eang t\u01b0 c\u1ee7a h\u1ecd tr\u01b0\u1edbc khi cung c\u1ea5p b\u1ea5t k\u1ef3 th\u00f4ng tin n\u00e0o.<\/p>\n\n\n\n<hr class=\"wp-block-separator has-alpha-channel-opacity\"\/>\n\n\n\n<h2 class=\"wp-block-heading\">10. Thay \u0111\u1ed5i ch\u00ednh s\u00e1ch n\u00e0y<\/h2>\n\n\n\n<p>Ch\u00fang t\u00f4i c\u00f3 th\u1ec3 c\u1eadp nh\u1eadt Ch\u00ednh s\u00e1ch quy\u1ec1n ri\u00eang t\u01b0 n\u00e0y theo th\u1eddi gian. B\u1ea5t k\u1ef3 thay \u0111\u1ed5i n\u00e0o s\u1ebd \u0111\u01b0\u1ee3c \u0111\u0103ng tr\u00ean trang n\u00e0y k\u00e8m theo ng\u00e0y s\u1eeda \u0111\u1ed5i c\u1eadp nh\u1eadt. Vi\u1ec7c b\u1ea1n ti\u1ebfp t\u1ee5c s\u1eed d\u1ee5ng D\u1ecbch v\u1ee5 c\u1ee7a ch\u00fang t\u00f4i sau khi c\u00e1c thay \u0111\u1ed5i \u0111\u01b0\u1ee3c \u0111\u0103ng t\u1ea3i \u0111\u1ed3ng ngh\u0129a v\u1edbi vi\u1ec7c b\u1ea1n ch\u1ea5p nh\u1eadn c\u00e1c thay \u0111\u1ed5i \u0111\u00f3.<\/p>\n\n\n\n<hr class=\"wp-block-separator has-alpha-channel-opacity\"\/>\n\n\n\n<h2 class=\"wp-block-heading\">11. Li\u00ean h\u1ec7 v\u1edbi ch\u00fang t\u00f4i<\/h2>\n\n\n\n<p>N\u1ebfu b\u1ea1n c\u00f3 b\u1ea5t k\u1ef3 c\u00e2u h\u1ecfi, th\u1eafc m\u1eafc ho\u1eb7c y\u00eau c\u1ea7u li\u00ean quan \u0111\u1ebfn quy\u1ec1n ri\u00eang t\u01b0, vui l\u00f2ng li\u00ean h\u1ec7 v\u1edbi ch\u00fang t\u00f4i:<\/p>\n\n\n\n<p><strong>Nh\u00e0 cung c\u1ea5p d\u00e2y nh\u1ea3y<\/strong><br>S\u1ed1 228 Jingzhilu, Qu\u1eadn Fuyang, H\u00e0ng Ch\u00e2u, Chi\u1ebft Giang, Trung Qu\u1ed1c.<br>\ud83d\udcde +86 188 5812 6258<br>\u2709\ufe0f <a>info@pleval.com<\/a><br>\ud83c\udf10 <a href=\"https:\/\/pvcjumprope.com\/?utm_source=chatgpt.com\" rel=\"noopener\">https:\/\/pvcjumprope.com\/<\/a><\/p>","protected":false},"excerpt":{"rendered":"<p>C\u1eadp nh\u1eadt l\u1ea7n cu\u1ed1i: ng\u00e0y 2 th\u00e1ng 9 n\u0103m 2025 T\u1ea1i JumpRopeSupplier (\u201cC\u00f4ng ty,\u201d \u201cch\u00fang t\u00f4i,\u201d \u201cch\u00fang ta,\u201d ho\u1eb7c \u201cc\u1ee7a ch\u00fang t\u00f4i\u201d), ch\u00fang t\u00f4i tr\u00e2n tr\u1ecdng v\u00e0 t\u00f4n tr\u1ecdng quy\u1ec1n ri\u00eang t\u01b0 c\u1ee7a b\u1ea1n. Ch\u00ednh s\u00e1ch quy\u1ec1n ri\u00eang t\u01b0 n\u00e0y [\u2026]<\/p>","protected":false},"author":2,"featured_media":0,"parent":0,"menu_order":0,"comment_status":"closed","ping_status":"closed","template":"","meta":{"site-sidebar-layout":"default","site-content-layout":"","ast-site-content-layout":"default","site-content-style":"default","site-sidebar-style":"default","ast-global-header-display":"","ast-banner-title-visibility":"","ast-main-header-display":"","ast-hfb-above-header-display":"","ast-hfb-below-header-display":"","ast-hfb-mobile-header-display":"","site-post-title":"","ast-breadcrumbs-content":"","ast-featured-img":"","footer-sml-layout":"","ast-disable-related-posts":"","theme-transparent-header-meta":"","adv-header-id-meta":"","stick-header-meta":"","header-above-stick-meta":"","header-main-stick-meta":"","header-below-stick-meta":"","astra-migrate-meta-layouts":"set","ast-page-background-enabled":"default","ast-page-background-meta":{"desktop":{"background-color":"var(--ast-global-color-4)","background-image":"","background-repeat":"repeat","background-position":"center center","background-size":"auto","background-attachment":"scroll","background-type":"","background-media":"","overlay-type":"","overlay-color":"","overlay-opacity":"","overlay-gradient":""},"tablet":{"background-color":"","background-image":"","background-repeat":"repeat","background-position":"center center","background-size":"auto","background-attachment":"scroll","background-type":"","background-media":"","overlay-type":"","overlay-color":"","overlay-opacity":"","overlay-gradient":""},"mobile":{"background-color":"","background-image":"","background-repeat":"repeat","background-position":"center center","background-size":"auto","background-attachment":"scroll","background-type":"","background-media":"","overlay-type":"","overlay-color":"","overlay-opacity":"","overlay-gradient":""}},"ast-content-background-meta":{"desktop":{"background-color":"var(--ast-global-color-5)","background-image":"","background-repeat":"repeat","background-position":"center center","background-size":"auto","background-attachment":"scroll","background-type":"","background-media":"","overlay-type":"","overlay-color":"","overlay-opacity":"","overlay-gradient":""},"tablet":{"background-color":"var(--ast-global-color-5)","background-image":"","background-repeat":"repeat","background-position":"center center","background-size":"auto","background-attachment":"scroll","background-type":"","background-media":"","overlay-type":"","overlay-color":"","overlay-opacity":"","overlay-gradient":""},"mobile":{"background-color":"var(--ast-global-color-5)","background-image":"","background-repeat":"repeat","background-position":"center center","background-size":"auto","background-attachment":"scroll","background-type":"","background-media":"","overlay-type":"","overlay-color":"","overlay-opacity":"","overlay-gradient":""}},"footnotes":""},"class_list":["post-1878","page","type-page","status-publish","hentry"],"_links":{"self":[{"href":"https:\/\/jumpropesupplier.com\/vi\/wp-json\/wp\/v2\/pages\/1878","targetHints":{"allow":["GET"]}}],"collection":[{"href":"https:\/\/jumpropesupplier.com\/vi\/wp-json\/wp\/v2\/pages"}],"about":[{"href":"https:\/\/jumpropesupplier.com\/vi\/wp-json\/wp\/v2\/types\/page"}],"author":[{"embeddable":true,"href":"https:\/\/jumpropesupplier.com\/vi\/wp-json\/wp\/v2\/users\/2"}],"replies":[{"embeddable":true,"href":"https:\/\/jumpropesupplier.com\/vi\/wp-json\/wp\/v2\/comments?post=1878"}],"version-history":[{"count":1,"href":"https:\/\/jumpropesupplier.com\/vi\/wp-json\/wp\/v2\/pages\/1878\/revisions"}],"predecessor-version":[{"id":1880,"href":"https:\/\/jumpropesupplier.com\/vi\/wp-json\/wp\/v2\/pages\/1878\/revisions\/1880"}],"wp:attachment":[{"href":"https:\/\/jumpropesupplier.com\/vi\/wp-json\/wp\/v2\/media?parent=1878"}],"curies":[{"name":"wp","href":"https:\/\/api.w.org\/{rel}","templated":true}]}}