{"id":1881,"date":"2025-09-02T02:08:28","date_gmt":"2025-09-02T02:08:28","guid":{"rendered":"https:\/\/jumpropesupplier.com\/?page_id=1881"},"modified":"2025-09-02T02:08:38","modified_gmt":"2025-09-02T02:08:38","slug":"safeguarding-policy","status":"publish","type":"page","link":"https:\/\/jumpropesupplier.com\/vi\/safeguarding-policy\/","title":{"rendered":"Ch\u00ednh s\u00e1ch B\u1ea3o v\u1ec7 Nh\u00e0 cung c\u1ea5p D\u00e2y nh\u1ea3y"},"content":{"rendered":"<h1 class=\"wp-block-heading\">Ch\u00ednh s\u00e1ch B\u1ea3o v\u1ec7 D\u1eef li\u1ec7u<\/h1>\n\n\n\n<h2 class=\"wp-block-heading\">GI\u1edaI THI\u1ec6U<\/h2>\n\n\n\n<p>JumpRopeSupplier (g\u1ecdi l\u00e0 \u201cC\u00f4ng ty\u201d) l\u00e0 nh\u00e0 s\u1ea3n xu\u1ea5t v\u00e0 cung c\u1ea5p d\u00e2y nh\u1ea3y chuy\u00ean nghi\u1ec7p to\u00e0n c\u1ea7u. Trong khi tr\u1ecdng t\u00e2m ch\u00ednh c\u1ee7a ch\u00fang t\u00f4i l\u00e0 s\u1ea3n xu\u1ea5t v\u00e0 ph\u00e2n ph\u1ed1i thi\u1ebft b\u1ecb th\u1ec3 thao tr\u00ean to\u00e0n th\u1ebf gi\u1edbi, ch\u00fang t\u00f4i c\u0169ng nh\u1eadn th\u1ee9c r\u00f5 t\u1ea7m quan tr\u1ecdng c\u1ee7a vi\u1ec7c \u0111\u1ea3m b\u1ea3o r\u1eb1ng b\u1ea5t k\u1ef3 tr\u1ebb em v\u00e0 ng\u01b0\u1eddi tr\u1ebb n\u00e0o c\u00f3 th\u1ec3 ti\u1ebfp x\u00fac v\u1edbi d\u1ecbch v\u1ee5, s\u1ef1 ki\u1ec7n ho\u1eb7c ho\u1ea1t \u0111\u1ed9ng c\u1ee7a ch\u00fang t\u00f4i \u0111\u1ec1u \u0111\u01b0\u1ee3c b\u1ea3o v\u1ec7 v\u00e0 an to\u00e0n.<\/p>\n\n\n\n<p>\u0110\u1ecba ch\u1ec9 \u0111\u0103ng k\u00fd c\u1ee7a ch\u00fang t\u00f4i l\u00e0:<br>S\u1ed1 228 Jingzhilu, Qu\u1eadn Fuyang<br>H\u00e0ng Ch\u00e2u, Chi\u1ebft Giang, Trung Qu\u1ed1c<\/p>\n\n\n\n<p>Th\u00f4ng tin li\u00ean h\u1ec7:<\/p>\n\n\n\n<ul class=\"wp-block-list\">\n<li>\u0110i\u1ec7n tho\u1ea1i: +86 188 5812 6258<\/li>\n\n\n\n<li>Email: <a>info@pleval.com<\/a><\/li>\n\n\n\n<li>Trang web: <a href=\"https:\/\/pvcjumprope.com\/?utm_source=chatgpt.com\" rel=\"noopener\">https:\/\/pvcjumprope.com\/<\/a><\/li>\n<\/ul>\n\n\n\n<p>Ch\u00ednh s\u00e1ch b\u1ea3o v\u1ec7 n\u00e0y \u00e1p d\u1ee5ng cho t\u1ea5t c\u1ea3 c\u00e1c c\u00e1 nh\u00e2n l\u00e0m vi\u1ec7c thay m\u1eb7t JumpRopeSupplier, bao g\u1ed3m nh\u00e2n vi\u00ean, nh\u00e0 th\u1ea7u, gi\u00e1o vi\u00ean, \u0111\u1ed1i t\u00e1c s\u1ef1 ki\u1ec7n v\u00e0 t\u00ecnh nguy\u1ec7n vi\u00ean.<\/p>\n\n\n\n<hr class=\"wp-block-separator has-alpha-channel-opacity\"\/>\n\n\n\n<h2 class=\"wp-block-heading\">M\u1ee4C \u0110\u00cdCH C\u1ee6A CH\u00cdNH S\u00c1CH N\u00c0Y<\/h2>\n\n\n\n<p>Ch\u00ednh s\u00e1ch n\u00e0y n\u00eau r\u00f5 cam k\u1ebft c\u1ee7a ch\u00fang t\u00f4i trong vi\u1ec7c b\u1ea3o v\u1ec7 tr\u1ebb em (\u0111\u01b0\u1ee3c \u0111\u1ecbnh ngh\u0129a l\u00e0 b\u1ea5t k\u1ef3 ng\u01b0\u1eddi n\u00e0o d\u01b0\u1edbi 18 tu\u1ed5i) kh\u1ecfi t\u1ed5n th\u01b0\u01a1ng, l\u1ea1m d\u1ee5ng ho\u1eb7c b\u00f3c l\u1ed9t. JumpRopeSupplier tin r\u1eb1ng m\u1ed7i tr\u1ebb em \u0111\u1ec1u x\u1ee9ng \u0111\u00e1ng c\u00f3 m\u1ed9t m\u00f4i tr\u01b0\u1eddng an to\u00e0n v\u00e0 h\u1ed7 tr\u1ee3 khi tham gia c\u00e1c s\u1ea3n ph\u1ea9m, s\u1ef1 ki\u1ec7n ho\u1eb7c ch\u01b0\u01a1ng tr\u00ecnh \u0111\u00e0o t\u1ea1o c\u1ee7a ch\u00fang t\u00f4i.<\/p>\n\n\n\n<p>C\u00e1ch ti\u1ebfp c\u1eadn b\u1ea3o v\u1ec7 c\u1ee7a ch\u00fang t\u00f4i \u0111\u1ea3m b\u1ea3o r\u1eb1ng:<\/p>\n\n\n\n<ul class=\"wp-block-list\">\n<li>Tr\u1ebb em \u0111\u01b0\u1ee3c b\u1ea3o v\u1ec7 kh\u1ecfi m\u1ecdi h\u00ecnh th\u1ee9c l\u1ea1m d\u1ee5ng v\u00e0 b\u1ecf b\u00ea.<\/li>\n\n\n\n<li>Nh\u00e2n vi\u00ean v\u00e0 \u0111\u1ed1i t\u00e1c hi\u1ec3u r\u00f5 tr\u00e1ch nhi\u1ec7m c\u1ee7a m\u00ecnh trong vi\u1ec7c nh\u1eadn di\u1ec7n v\u00e0 b\u00e1o c\u00e1o c\u00e1c m\u1ed1i quan ng\u1ea1i.<\/li>\n\n\n\n<li>Th\u1ef1c h\u00e0nh an to\u00e0n \u0111\u01b0\u1ee3c tu\u00e2n th\u1ee7 trong c\u00e1c ho\u1ea1t \u0111\u1ed9ng s\u1ef1 ki\u1ec7n, \u0111\u00e0o t\u1ea1o v\u00e0 marketing li\u00ean quan \u0111\u1ebfn tr\u1ebb em.<\/li>\n<\/ul>\n\n\n\n<hr class=\"wp-block-separator has-alpha-channel-opacity\"\/>\n\n\n\n<h2 class=\"wp-block-heading\">NH\u1eacN DI\u1ec6N R\u1ee6I RO \u0110\u1ed0I V\u1edaI TR\u1eba EM<\/h2>\n\n\n\n<p>Tr\u1ebb em c\u00f3 th\u1ec3 \u0111\u1ed1i m\u1eb7t v\u1edbi c\u00e1c r\u1ee7i ro d\u01b0\u1edbi nhi\u1ec1u h\u00ecnh th\u1ee9c, bao g\u1ed3m nh\u01b0ng kh\u00f4ng gi\u1edbi h\u1ea1n:<\/p>\n\n\n\n<ul class=\"wp-block-list\">\n<li>L\u1ea1m d\u1ee5ng th\u1ec3 ch\u1ea5t ho\u1eb7c c\u1ea3m x\u00fac<\/li>\n\n\n\n<li>B\u1ecf b\u00ea ho\u1eb7c thi\u1ebfu gi\u00e1m s\u00e1t th\u00edch h\u1ee3p<\/li>\n\n\n\n<li>B\u1eaft n\u1ea1t v\u00e0 b\u1eaft n\u1ea1t qua m\u1ea1ng<\/li>\n\n\n\n<li>B\u1ea3o v\u1ec7, khai th\u00e1c, ho\u1eb7c bu\u00f4n b\u00e1n ng\u01b0\u1eddi<\/li>\n\n\n\n<li>Ti\u1ebfp x\u00fac v\u1edbi n\u1ed9i dung c\u00f3 h\u1ea1i ho\u1eb7c kh\u00f4ng ph\u00f9 h\u1ee3p<\/li>\n\n\n\n<li>T\u1ef1 g\u00e2y h\u1ea1i ho\u1eb7c h\u00e0nh vi nguy hi\u1ec3m trong ho\u1ea1t \u0111\u1ed9ng th\u1ec3 ch\u1ea5t<\/li>\n<\/ul>\n\n\n\n<p>Ch\u00fang t\u00f4i c\u00f4ng nh\u1eadn r\u1eb1ng r\u1ee7i ro c\u00f3 th\u1ec3 ph\u00e1t sinh trong m\u00f4i tr\u01b0\u1eddng gia \u0111\u00ecnh, c\u1ed9ng \u0111\u1ed3ng ho\u1eb7c s\u1ef1 ki\u1ec7n, v\u00e0 ch\u00fang t\u00f4i th\u1ef1c hi\u1ec7n c\u00e1c b\u01b0\u1edbc ch\u1ee7 \u0111\u1ed9ng \u0111\u1ec3 gi\u1ea3m thi\u1ec3u ch\u00fang.<\/p>\n\n\n\n<hr class=\"wp-block-separator has-alpha-channel-opacity\"\/>\n\n\n\n<h2 class=\"wp-block-heading\">NGUY\u00caN T\u1eaeC B\u1ea2O V\u1ec6 TR\u1eba EM<\/h2>\n\n\n\n<p>M\u1ed7i \u0111\u1ea1i di\u1ec7n c\u1ee7a Nh\u00e0 cung c\u1ea5p d\u00e2y nh\u1ea3y \u0111\u01b0\u1ee3c k\u1ef3 v\u1ecdng:<\/p>\n\n\n\n<ul class=\"wp-block-list\">\n<li>Gi\u1eef v\u1eefng c\u1ea3nh gi\u00e1c v\u00e0 ch\u1ee7 \u0111\u1ed9ng v\u1ec1 c\u00e1c r\u1ee7i ro b\u1ea3o v\u1ec7 ti\u1ec1m \u1ea9n.<\/li>\n\n\n\n<li>Th\u00fac \u0111\u1ea9y m\u00f4i tr\u01b0\u1eddng an to\u00e0n, bao g\u1ed3m v\u00e0 t\u00f4n tr\u1ecdng d\u00e0nh cho tr\u1ebb em.<\/li>\n\n\n\n<li>H\u00e0nh \u0111\u1ed9ng ngay l\u1eadp t\u1ee9c v\u00e0 ph\u00f9 h\u1ee3p \u0111\u1ec3 b\u1ea3o v\u1ec7 tr\u1ebb em n\u1ebfu c\u00f3 m\u1ed1i quan ng\u1ea1i ph\u00e1t sinh.<\/li>\n\n\n\n<li>B\u00e1o c\u00e1o c\u00e1c m\u1ed1i quan ng\u1ea1i v\u1ec1 b\u1ea3o v\u1ec7 k\u1ecbp th\u1eddi cho ng\u01b0\u1eddi ph\u1ee5 tr\u00e1ch b\u1ea3o v\u1ec7 \u0111\u01b0\u1ee3c ch\u1ec9 \u0111\u1ecbnh.<\/li>\n\n\n\n<li>H\u00e0nh x\u1eed c\u00f3 tr\u00e1ch nhi\u1ec7m v\u00e0 chuy\u00ean nghi\u1ec7p tr\u01b0\u1edbc m\u1eb7t tr\u1ebb em.<\/li>\n\n\n\n<li>Tr\u00e1nh c\u00e1c h\u00e0nh vi nh\u01b0 h\u00fat thu\u1ed1c, u\u1ed1ng r\u01b0\u1ee3u ho\u1eb7c s\u1eed d\u1ee5ng ng\u00f4n ng\u1eef kh\u00f4ng ph\u00f9 h\u1ee3p tr\u01b0\u1edbc m\u1eb7t tr\u1ebb em.<\/li>\n<\/ul>\n\n\n\n<hr class=\"wp-block-separator has-alpha-channel-opacity\"\/>\n\n\n\n<h2 class=\"wp-block-heading\">TR\u00c1CH NHI\u1ec6M B\u1ea2O V\u1ec6 TR\u1eba EM<\/h2>\n\n\n\n<p>Vi\u1ec7c gi\u00e1m s\u00e1t c\u00e1c v\u1ea5n \u0111\u1ec1 b\u1ea3o v\u1ec7 thu\u1ed9c v\u1ec1 Ng\u01b0\u1eddi ph\u1ee5 tr\u00e1ch b\u1ea3o v\u1ec7 \u0111\u01b0\u1ee3c ch\u1ec9 \u0111\u1ecbnh c\u1ee7a ch\u00fang t\u00f4i, ng\u01b0\u1eddi \u0111\u1ea3m b\u1ea3o r\u1eb1ng c\u00e1c ch\u00ednh s\u00e1ch \u0111\u01b0\u1ee3c tu\u00e2n th\u1ee7 v\u00e0 c\u00e1c m\u1ed1i quan ng\u1ea1i \u0111\u01b0\u1ee3c x\u1eed l\u00fd. \u0110\u1ed1i v\u1edbi Nh\u00e0 cung c\u1ea5p d\u00e2y nh\u1ea3y, tr\u00e1ch nhi\u1ec7m n\u00e0y thu\u1ed9c v\u1ec1:<\/p>\n\n\n\n<p><strong>Ng\u01b0\u1eddi ph\u1ee5 tr\u00e1ch b\u1ea3o v\u1ec7:<\/strong> Ban qu\u1ea3n l\u00fd c\u1ee7a Nh\u00e0 cung c\u1ea5p d\u00e2y nh\u1ea3y<br><strong>Li\u00ean h\u1ec7:<\/strong> <a>info@pleval.com<\/a> | +86 188 5812 6258<\/p>\n\n\n\n<hr class=\"wp-block-separator has-alpha-channel-opacity\"\/>\n\n\n\n<h2 class=\"wp-block-heading\">B\u1ea2O M\u1eacT V\u00c0 B\u1ea2O V\u1ec6 D\u1eee LI\u1ec6U<\/h2>\n\n\n\n<p>Ch\u00fang t\u00f4i x\u1eed l\u00fd d\u1eef li\u1ec7u c\u00e1 nh\u00e2n li\u00ean quan \u0111\u1ebfn tr\u1ebb em theo quy \u0111\u1ecbnh v\u1ec1 b\u1ea3o v\u1ec7 d\u1eef li\u1ec7u ph\u00f9 h\u1ee3p. T\u1ea5t c\u1ea3 h\u1ed3 s\u01a1, h\u00ecnh \u1ea3nh v\u00e0 th\u00f4ng tin nh\u1ea1y c\u1ea3m \u0111\u01b0\u1ee3c l\u01b0u tr\u1eef an to\u00e0n v\u00e0 ch\u1ec9 s\u1eed d\u1ee5ng khi c\u00f3 s\u1ef1 \u0111\u1ed3ng \u00fd ph\u00f9 h\u1ee3p v\u00e0 cho m\u1ee5c \u0111\u00edch h\u1ee3p ph\u00e1p.<\/p>\n\n\n\n<hr class=\"wp-block-separator has-alpha-channel-opacity\"\/>\n\n\n\n<h2 class=\"wp-block-heading\">PH\u1ea2N H\u1ed2I V\u1ec0 C\u00c1C M\u1ed0I NGHI V\u1ec0 B\u1ea2O V\u1ec6<\/h2>\n\n\n\n<p>Trong tr\u01b0\u1eddng h\u1ee3p tr\u1ebb \u0111\u01b0\u1ee3c cho l\u00e0 \u0111ang g\u1eb7p nguy hi\u1ec3m ngay l\u1eadp t\u1ee9c, c\u00e1c d\u1ecbch v\u1ee5 c\u1ea5p c\u1ee9u n\u00ean \u0111\u01b0\u1ee3c li\u00ean h\u1ec7 ngay l\u1eadp t\u1ee9c. M\u1ecdi m\u1ed1i quan t\u00e2m li\u00ean quan \u0111\u1ebfn vi\u1ec7c b\u1ea3o v\u1ec7 tr\u1ebb em ph\u1ea3i \u0111\u01b0\u1ee3c b\u00e1o c\u00e1o cho Nh\u00e2n vi\u00ean B\u1ea3o v\u1ec7 c\u00e0ng s\u1edbm c\u00e0ng t\u1ed1t.<\/p>\n\n\n\n<p>N\u1ebfu m\u1ed9t tr\u1ebb ti\u1ebft l\u1ed9 m\u1ed9t m\u1ed1i quan t\u00e2m cho ng\u01b0\u1eddi \u0111\u1ea1i di\u1ec7n tr\u01b0\u1edfng th\u00e0nh c\u1ee7a JumpRopeSupplier, ng\u01b0\u1eddi \u0111\u00f3 ph\u1ea3i:<\/p>\n\n\n\n<ul class=\"wp-block-list\">\n<li>L\u1eafng nghe m\u1ed9t c\u00e1ch b\u00ecnh t\u0129nh v\u00e0 t\u00f4n tr\u1ecdng.<\/li>\n\n\n\n<li>Ch\u00e2n th\u00e0nh xem x\u00e9t m\u1ed1i quan t\u00e2m c\u1ee7a tr\u1ebb.<\/li>\n\n\n\n<li>Tr\u00e1nh \u0111\u01b0a ra l\u1eddi h\u1ee9a v\u1ec1 b\u1ea3o m\u1eadt m\u00e0 kh\u00f4ng th\u1ec3 gi\u1eef l\u1eddi.<\/li>\n\n\n\n<li>Ghi l\u1ea1i ch\u00ednh x\u00e1c l\u1eddi ti\u1ebft l\u1ed9, bao g\u1ed3m th\u1eddi gian, ng\u00e0y th\u00e1ng v\u00e0 c\u00e1c chi ti\u1ebft ch\u00ednh.<\/li>\n\n\n\n<li>B\u00e1o c\u00e1o v\u1ee5 vi\u1ec7c cho Nh\u00e2n vi\u00ean B\u1ea3o v\u1ec7 trong c\u00f9ng ng\u00e0y.<\/li>\n<\/ul>\n\n\n\n<hr class=\"wp-block-separator has-alpha-channel-opacity\"\/>\n\n\n\n<h2 class=\"wp-block-heading\">B\u1ea2O V\u1ec6 TR\u1eba EM T\u1ea0I S\u1ef0 KI\u1ec6N V\u00c0 HO\u1ea0T \u0110\u1ed8NG<\/h2>\n\n\n\n<p>Khi JumpRopeSupplier t\u1ed5 ch\u1ee9c ho\u1eb7c tham gia c\u00e1c s\u1ef1 ki\u1ec7n li\u00ean quan \u0111\u1ebfn tr\u1ebb em (nh\u01b0 h\u1ed9i th\u1ea3o, cu\u1ed9c thi ho\u1eb7c ch\u01b0\u01a1ng tr\u00ecnh c\u1ed9ng \u0111\u1ed3ng), ch\u00fang t\u00f4i \u0111\u1ea3m b\u1ea3o:<\/p>\n\n\n\n<ul class=\"wp-block-list\">\n<li>C\u00e1c \u0111\u00e1nh gi\u00e1 r\u1ee7i ro \u0111\u01b0\u1ee3c ho\u00e0n th\u00e0nh cho c\u00e1c \u0111\u1ecba \u0111i\u1ec3m v\u00e0 ho\u1ea1t \u0111\u1ed9ng.<\/li>\n\n\n\n<li>Nh\u00e2n vi\u00ean v\u00e0 gi\u1ea3ng vi\u00ean \u0111\u01b0\u1ee3c x\u00e1c minh l\u00fd l\u1ecbch v\u00e0 \u0111\u00e0o t\u1ea1o ph\u00f9 h\u1ee3p.<\/li>\n\n\n\n<li>Tr\u1ebb em lu\u00f4n \u0111\u01b0\u1ee3c gi\u00e1m s\u00e1t \u0111\u1ea7y \u0111\u1ee7 m\u1ecdi l\u00fac.<\/li>\n\n\n\n<li>Cha m\u1eb9 v\u00e0 ng\u01b0\u1eddi gi\u00e1m h\u1ed9 \u0111\u01b0\u1ee3c th\u00f4ng b\u00e1o v\u1ec1 tr\u00e1ch nhi\u1ec7m gi\u00e1m s\u00e1t tr\u1ebb em khi c\u1ea7n thi\u1ebft.<\/li>\n<\/ul>\n\n\n\n<hr class=\"wp-block-separator has-alpha-channel-opacity\"\/>\n\n\n\n<h2 class=\"wp-block-heading\">NHI\u1ebeP \u1ea2NH V\u00c0 TRUY\u1ec0N TH\u00d4NG<\/h2>\n\n\n\n<p>\u0110\u1ec3 b\u1ea3o v\u1ec7 quy\u1ec1n ri\u00eang t\u01b0 v\u00e0 an to\u00e0n c\u1ee7a tr\u1ebb em:<\/p>\n\n\n\n<ul class=\"wp-block-list\">\n<li>Lu\u00f4n l\u1ea5y s\u1ef1 \u0111\u1ed3ng \u00fd b\u1eb1ng v\u0103n b\u1ea3n t\u1eeb cha m\u1eb9\/ng\u01b0\u1eddi gi\u00e1m h\u1ed9 tr\u01b0\u1edbc khi ch\u1ee5p ho\u1eb7c chia s\u1ebb h\u00ecnh \u1ea3nh c\u1ee7a tr\u1ebb em.<\/li>\n\n\n\n<li>Danh t\u00ednh c\u1ee7a tr\u1ebb em s\u1ebd \u0111\u01b0\u1ee3c b\u1ea3o v\u1ec7 trong c\u00e1c t\u00e0i li\u1ec7u xu\u1ea5t b\u1ea3n.<\/li>\n\n\n\n<li>H\u00ecnh \u1ea3nh s\u1ebd \u0111\u01b0\u1ee3c l\u01b0u tr\u1eef an to\u00e0n theo c\u00e1c quy tr\u00ecnh b\u1ea3o v\u1ec7 d\u1eef li\u1ec7u c\u1ee7a ch\u00fang t\u00f4i.<\/li>\n\n\n\n<li>C\u00f4ng ch\u00fang \u0111\u01b0\u1ee3c y\u00eau c\u1ea7u kh\u00f4ng ch\u1ee5p h\u00ecnh t\u1ea1i c\u00e1c s\u1ef1 ki\u1ec7n c\u1ee7a ch\u00fang t\u00f4i m\u00e0 kh\u00f4ng c\u00f3 s\u1ef1 cho ph\u00e9p tr\u01b0\u1edbc.<\/li>\n<\/ul>\n\n\n\n<hr class=\"wp-block-separator has-alpha-channel-opacity\"\/>\n\n\n\n<h2 class=\"wp-block-heading\">XEM X\u00c9T V\u00c0 TUY\u00caN B\u1ed0<\/h2>\n\n\n\n<p>Ch\u00ednh s\u00e1ch b\u1ea3o v\u1ec7 n\u00e0y s\u1ebd \u0111\u01b0\u1ee3c xem x\u00e9t l\u1ea1i m\u1ed7i hai n\u0103m \u0111\u1ec3 \u0111\u1ea3m b\u1ea3o v\u1eabn c\u00f2n hi\u1ec7u qu\u1ea3 v\u00e0 ph\u00f9 h\u1ee3p.<\/p>\n\n\n\n<p>\u0110\u1ed1i v\u1edbi b\u1ea5t k\u1ef3 c\u00e2u h\u1ecfi ho\u1eb7c m\u1ed1i quan t\u00e2m v\u1ec1 b\u1ea3o v\u1ec7, vui l\u00f2ng li\u00ean h\u1ec7 v\u1edbi ch\u00fang t\u00f4i t\u1ea1i:<br>\ud83d\udce9 <a>info@pleval.com<\/a> | \ud83d\udcde +86 188 5812 6258<\/p>","protected":false},"excerpt":{"rendered":"<p>Ch\u00ednh s\u00e1ch B\u1ea3o v\u1ec7 Quy\u1ec1n l\u1ee3i GI\u1edaI THI\u1ec6U JumpRopeSupplier (c\u00f4ng ty) l\u00e0 nh\u00e0 s\u1ea3n xu\u1ea5t v\u00e0 nh\u00e0 cung c\u1ea5p d\u00e2y nh\u1ea3y ch\u1ea5t l\u01b0\u1ee3ng chuy\u00ean nghi\u1ec7p to\u00e0n c\u1ea7u. Trong khi tr\u1ecdng t\u00e2m ch\u00ednh c\u1ee7a ch\u00fang t\u00f4i [\u2026]<\/p>","protected":false},"author":2,"featured_media":0,"parent":0,"menu_order":0,"comment_status":"closed","ping_status":"closed","template":"","meta":{"site-sidebar-layout":"default","site-content-layout":"","ast-site-content-layout":"default","site-content-style":"default","site-sidebar-style":"default","ast-global-header-display":"","ast-banner-title-visibility":"","ast-main-header-display":"","ast-hfb-above-header-display":"","ast-hfb-below-header-display":"","ast-hfb-mobile-header-display":"","site-post-title":"","ast-breadcrumbs-content":"","ast-featured-img":"","footer-sml-layout":"","ast-disable-related-posts":"","theme-transparent-header-meta":"","adv-header-id-meta":"","stick-header-meta":"","header-above-stick-meta":"","header-main-stick-meta":"","header-below-stick-meta":"","astra-migrate-meta-layouts":"set","ast-page-background-enabled":"default","ast-page-background-meta":{"desktop":{"background-color":"var(--ast-global-color-4)","background-image":"","background-repeat":"repeat","background-position":"center center","background-size":"auto","background-attachment":"scroll","background-type":"","background-media":"","overlay-type":"","overlay-color":"","overlay-opacity":"","overlay-gradient":""},"tablet":{"background-color":"","background-image":"","background-repeat":"repeat","background-position":"center center","background-size":"auto","background-attachment":"scroll","background-type":"","background-media":"","overlay-type":"","overlay-color":"","overlay-opacity":"","overlay-gradient":""},"mobile":{"background-color":"","background-image":"","background-repeat":"repeat","background-position":"center center","background-size":"auto","background-attachment":"scroll","background-type":"","background-media":"","overlay-type":"","overlay-color":"","overlay-opacity":"","overlay-gradient":""}},"ast-content-background-meta":{"desktop":{"background-color":"var(--ast-global-color-5)","background-image":"","background-repeat":"repeat","background-position":"center center","background-size":"auto","background-attachment":"scroll","background-type":"","background-media":"","overlay-type":"","overlay-color":"","overlay-opacity":"","overlay-gradient":""},"tablet":{"background-color":"var(--ast-global-color-5)","background-image":"","background-repeat":"repeat","background-position":"center center","background-size":"auto","background-attachment":"scroll","background-type":"","background-media":"","overlay-type":"","overlay-color":"","overlay-opacity":"","overlay-gradient":""},"mobile":{"background-color":"var(--ast-global-color-5)","background-image":"","background-repeat":"repeat","background-position":"center center","background-size":"auto","background-attachment":"scroll","background-type":"","background-media":"","overlay-type":"","overlay-color":"","overlay-opacity":"","overlay-gradient":""}},"footnotes":""},"class_list":["post-1881","page","type-page","status-publish","hentry"],"_links":{"self":[{"href":"https:\/\/jumpropesupplier.com\/vi\/wp-json\/wp\/v2\/pages\/1881","targetHints":{"allow":["GET"]}}],"collection":[{"href":"https:\/\/jumpropesupplier.com\/vi\/wp-json\/wp\/v2\/pages"}],"about":[{"href":"https:\/\/jumpropesupplier.com\/vi\/wp-json\/wp\/v2\/types\/page"}],"author":[{"embeddable":true,"href":"https:\/\/jumpropesupplier.com\/vi\/wp-json\/wp\/v2\/users\/2"}],"replies":[{"embeddable":true,"href":"https:\/\/jumpropesupplier.com\/vi\/wp-json\/wp\/v2\/comments?post=1881"}],"version-history":[{"count":1,"href":"https:\/\/jumpropesupplier.com\/vi\/wp-json\/wp\/v2\/pages\/1881\/revisions"}],"predecessor-version":[{"id":1883,"href":"https:\/\/jumpropesupplier.com\/vi\/wp-json\/wp\/v2\/pages\/1881\/revisions\/1883"}],"wp:attachment":[{"href":"https:\/\/jumpropesupplier.com\/vi\/wp-json\/wp\/v2\/media?parent=1881"}],"curies":[{"name":"wp","href":"https:\/\/api.w.org\/{rel}","templated":true}]}}