{"id":765,"date":"2025-03-12T10:37:35","date_gmt":"2025-03-12T10:37:35","guid":{"rendered":"https:\/\/jumpropesupplier.com\/?page_id=765"},"modified":"2025-03-27T09:42:59","modified_gmt":"2025-03-27T09:42:59","slug":"services","status":"publish","type":"page","link":"https:\/\/jumpropesupplier.com\/vi\/services\/","title":{"rendered":"D\u1ecbch v\u1ee5"},"content":{"rendered":"<div data-elementor-type=\"wp-page\" data-elementor-id=\"765\" class=\"elementor elementor-765\">\n\t\t\t\t<div class=\"elementor-element elementor-element-fdf5c0f e-flex e-con-boxed e-con e-parent\" data-id=\"fdf5c0f\" data-element_type=\"container\" data-e-type=\"container\">\n\t\t\t\t\t<div class=\"e-con-inner\">\n\t\t<div class=\"elementor-element elementor-element-8433d8a e-con-full e-flex e-con e-child\" data-id=\"8433d8a\" data-element_type=\"container\" data-e-type=\"container\">\n\t\t\t\t<div class=\"elementor-element elementor-element-d022c15 elementor-widget elementor-widget-heading\" data-id=\"d022c15\" data-element_type=\"widget\" data-e-type=\"widget\" data-widget_type=\"heading.default\">\n\t\t\t\t<div class=\"elementor-widget-container\">\n\t\t\t\t\t<span class=\"elementor-heading-title elementor-size-default\">D\u1ecbch v\u1ee5 D\u00e2y Nh\u1ea3y Cao C\u1ea5p c\u1ee7a Ch\u00fang T\u00f4i<\/span>\t\t\t\t<\/div>\n\t\t\t\t<\/div>\n\t\t\t\t<div class=\"elementor-element elementor-element-2858142 elementor-widget elementor-widget-heading\" data-id=\"2858142\" data-element_type=\"widget\" data-e-type=\"widget\" data-widget_type=\"heading.default\">\n\t\t\t\t<div class=\"elementor-widget-container\">\n\t\t\t\t\t<h1 class=\"elementor-heading-title elementor-size-default\">N\u00e2ng T\u1ea7m Tr\u1ea3i Nghi\u1ec7m Th\u1ec3 D\u1ee5c c\u1ee7a B\u1ea1n V\u1edbi Ch\u00fang T\u00f4i<\/h1>\t\t\t\t<\/div>\n\t\t\t\t<\/div>\n\t\t\t\t<\/div>\n\t\t<div class=\"elementor-element elementor-element-132b3bb e-con-full e-flex e-con e-child\" data-id=\"132b3bb\" data-element_type=\"container\" data-e-type=\"container\">\n\t\t\t\t<div class=\"elementor-element elementor-element-322a77c elementor-widget elementor-widget-image\" data-id=\"322a77c\" data-element_type=\"widget\" data-e-type=\"widget\" data-widget_type=\"image.default\">\n\t\t\t\t<div class=\"elementor-widget-container\">\n\t\t\t\t\t\t\t\t\t\t\t\t\t\t\t<img fetchpriority=\"high\" decoding=\"async\" width=\"853\" height=\"1280\" src=\"https:\/\/jumpropesupplier.com\/wp-content\/uploads\/2025\/08\/woman-athlete-sport-beauty-8688042.jpg\" class=\"attachment-full size-full wp-image-1660\" alt=\"ph\u1ee5 n\u1eef, v\u1eadn \u0111\u1ed9ng vi\u00ean, th\u1ec3 thao, v\u1ebb \u0111\u1eb9p, ch\u00e2n dung, phong c\u00e1ch, thi\u00ean nhi\u00ean, xinh \u0111\u1eb9p, t\u1ea1o d\u00e1ng, ng\u01b0\u1eddi m\u1eabu, ph\u1ee5 n\u1eef tr\u1ebb, th\u1ec3 thao, nh\u1ea3y d\u00e2y, th\u1ec3 h\u00ecnh, hu\u1ea5n luy\u1ec7n vi\u00ean s\u1ee9c m\u1ea1nh, kh\u1edfi \u0111\u1ed9ng, ngo\u00e0i tr\u1eddi, t\u1eadp luy\u1ec7n, d\u00e2y nh\u1ea3y, t\u00f3c v\u00e0ng hoe, \u0111\u1ed3 th\u1ec3 thao, m\u00f9a h\u00e8, s\u00e2n ch\u01a1i\" srcset=\"https:\/\/jumpropesupplier.com\/wp-content\/uploads\/2025\/08\/woman-athlete-sport-beauty-8688042.jpg 853w, https:\/\/jumpropesupplier.com\/wp-content\/uploads\/2025\/08\/woman-athlete-sport-beauty-8688042-600x900.jpg 600w, https:\/\/jumpropesupplier.com\/wp-content\/uploads\/2025\/08\/woman-athlete-sport-beauty-8688042-200x300.jpg 200w, https:\/\/jumpropesupplier.com\/wp-content\/uploads\/2025\/08\/woman-athlete-sport-beauty-8688042-682x1024.jpg 682w, https:\/\/jumpropesupplier.com\/wp-content\/uploads\/2025\/08\/woman-athlete-sport-beauty-8688042-768x1152.jpg 768w\" sizes=\"(max-width: 853px) 100vw, 853px\" \/>\t\t\t\t\t\t\t\t\t\t\t\t\t\t\t<\/div>\n\t\t\t\t<\/div>\n\t\t\t\t<\/div>\n\t\t\t\t\t<\/div>\n\t\t\t\t<\/div>\n\t\t<div class=\"elementor-element elementor-element-54b0058 e-flex e-con-boxed e-con e-parent\" data-id=\"54b0058\" data-element_type=\"container\" data-e-type=\"container\" data-settings=\"{&quot;background_background&quot;:&quot;classic&quot;}\">\n\t\t\t\t\t<div class=\"e-con-inner\">\n\t\t\t\t<div class=\"elementor-element elementor-element-c2e0b81 elementor-widget elementor-widget-heading\" data-id=\"c2e0b81\" data-element_type=\"widget\" data-e-type=\"widget\" data-widget_type=\"heading.default\">\n\t\t\t\t<div class=\"elementor-widget-container\">\n\t\t\t\t\t<span class=\"elementor-heading-title elementor-size-default\">Kh\u00e1m Ph\u00e1 C\u00e1c G\u00f3i D\u1ecbch V\u1ee5 Cao C\u1ea5p c\u1ee7a Ch\u00fang T\u00f4i<\/span>\t\t\t\t<\/div>\n\t\t\t\t<\/div>\n\t\t\t\t<div class=\"elementor-element elementor-element-737c61c elementor-widget elementor-widget-heading\" data-id=\"737c61c\" data-element_type=\"widget\" data-e-type=\"widget\" data-widget_type=\"heading.default\">\n\t\t\t\t<div class=\"elementor-widget-container\">\n\t\t\t\t\t<h2 class=\"elementor-heading-title elementor-size-default\">Kh\u00e1m Ph\u00e1 C\u00e1c Gi\u1ea3i Ph\u00e1p D\u00e2y Nh\u1ea3y c\u1ee7a Ch\u00fang T\u00f4i cho M\u1ecdi Tr\u00ecnh \u0110\u1ed9<\/h2>\t\t\t\t<\/div>\n\t\t\t\t<\/div>\n\t\t<div class=\"elementor-element elementor-element-615f79a e-con-full e-flex e-con e-child\" data-id=\"615f79a\" data-element_type=\"container\" data-e-type=\"container\">\n\t\t<div class=\"elementor-element elementor-element-6cd6341 e-con-full e-flex e-con e-child\" data-id=\"6cd6341\" data-element_type=\"container\" data-e-type=\"container\">\n\t\t\t\t<div class=\"elementor-element elementor-element-8769b53 elementor-widget elementor-widget-heading\" data-id=\"8769b53\" data-element_type=\"widget\" data-e-type=\"widget\" data-widget_type=\"heading.default\">\n\t\t\t\t<div class=\"elementor-widget-container\">\n\t\t\t\t\t<span class=\"elementor-heading-title elementor-size-default\">01<\/span>\t\t\t\t<\/div>\n\t\t\t\t<\/div>\n\t\t\t\t<div class=\"elementor-element elementor-element-624e4d1 elementor-widget elementor-widget-icon-box\" data-id=\"624e4d1\" data-element_type=\"widget\" data-e-type=\"widget\" data-widget_type=\"icon-box.default\">\n\t\t\t\t<div class=\"elementor-widget-container\">\n\t\t\t\t\t\t\t<div class=\"elementor-icon-box-wrapper\">\n\n\t\t\t\n\t\t\t\t\t\t<div class=\"elementor-icon-box-content\">\n\n\t\t\t\t\t\t\t\t\t<h3 class=\"elementor-icon-box-title\">\n\t\t\t\t\t\t<span  >\n\t\t\t\t\t\t\tD\u00e2y nh\u1ea3y t\u1ed1c \u0111\u1ed9\t\t\t\t\t\t<\/span>\n\t\t\t\t\t<\/h3>\n\t\t\t\t\n\t\t\t\t\t\t\t\t\t<p class=\"elementor-icon-box-description\">\n\t\t\t\t\t\tT\u1ea1i JumpRopeSupplier, ch\u00fang t\u00f4i ch\u1ebf t\u1ea1o d\u00e2y nh\u1ea3y hi\u1ec7u su\u1ea5t cao ph\u00f9 h\u1ee3p cho m\u1ecdi ng\u01b0\u1eddi y\u00eau th\u00edch th\u1ec3 h\u00ecnh. D\u00e2y t\u1ed1c \u0111\u1ed9 cao c\u1ee7a ch\u00fang t\u00f4i \u0111\u01b0\u1ee3c thi\u1ebft k\u1ebf \u0111\u1ec3 linh ho\u1ea1t v\u00e0 nhanh ch\u00f3ng, gi\u00fap b\u1ea1n t\u1ed1i \u0111a h\u00f3a hi\u1ec7u qu\u1ea3 t\u1eadp luy\u1ec7n. V\u1edbi chi\u1ec1u d\u00e0i \u0111i\u1ec1u ch\u1ec9nh \u0111\u01b0\u1ee3c v\u00e0 ch\u1ea5t li\u1ec7u nh\u1eb9, nh\u1eefng d\u00e2y n\u00e0y ph\u00f9 h\u1ee3p cho c\u1ea3 ng\u01b0\u1eddi m\u1edbi b\u1eaft \u0111\u1ea7u v\u00e0 v\u1eadn \u0111\u1ed9ng vi\u00ean d\u00e0y d\u1ea1n mong mu\u1ed1n n\u00e2ng cao k\u1ef9 n\u0103ng.\t\t\t\t\t<\/p>\n\t\t\t\t\n\t\t\t<\/div>\n\t\t\t\n\t\t<\/div>\n\t\t\t\t\t\t<\/div>\n\t\t\t\t<\/div>\n\t\t\t\t<\/div>\n\t\t<div class=\"elementor-element elementor-element-a44443d e-con-full e-flex e-con e-child\" data-id=\"a44443d\" data-element_type=\"container\" data-e-type=\"container\">\n\t\t\t\t<div class=\"elementor-element elementor-element-a79d279 elementor-widget elementor-widget-image\" data-id=\"a79d279\" data-element_type=\"widget\" data-e-type=\"widget\" data-widget_type=\"image.default\">\n\t\t\t\t<div class=\"elementor-widget-container\">\n\t\t\t\t\t\t\t\t\t\t\t\t\t\t\t<img decoding=\"async\" width=\"720\" height=\"1280\" src=\"https:\/\/jumpropesupplier.com\/wp-content\/uploads\/2025\/08\/jump-rope-fitness-female-956649.jpg\" class=\"attachment-full size-full wp-image-1670\" alt=\"nh\u1ea3y, d\u00e2y, th\u1ec3 h\u00ecnh, n\u1eef, th\u1ec3 h\u00ecnh, th\u1ec3 h\u00ecnh, th\u1ec3 h\u00ecnh, th\u1ec3 h\u00ecnh, th\u1ec3 h\u00ecnh\" srcset=\"https:\/\/jumpropesupplier.com\/wp-content\/uploads\/2025\/08\/jump-rope-fitness-female-956649.jpg 720w, https:\/\/jumpropesupplier.com\/wp-content\/uploads\/2025\/08\/jump-rope-fitness-female-956649-600x1067.jpg 600w, https:\/\/jumpropesupplier.com\/wp-content\/uploads\/2025\/08\/jump-rope-fitness-female-956649-169x300.jpg 169w, https:\/\/jumpropesupplier.com\/wp-content\/uploads\/2025\/08\/jump-rope-fitness-female-956649-576x1024.jpg 576w\" sizes=\"(max-width: 720px) 100vw, 720px\" \/>\t\t\t\t\t\t\t\t\t\t\t\t\t\t\t<\/div>\n\t\t\t\t<\/div>\n\t\t\t\t<\/div>\n\t\t\t\t<\/div>\n\t\t<div class=\"elementor-element elementor-element-6e243d3 e-con-full e-flex e-con e-child\" data-id=\"6e243d3\" data-element_type=\"container\" data-e-type=\"container\">\n\t\t<div class=\"elementor-element elementor-element-d939578 e-con-full e-flex e-con e-child\" data-id=\"d939578\" data-element_type=\"container\" data-e-type=\"container\">\n\t\t\t\t<div class=\"elementor-element elementor-element-5ba0d36 elementor-widget elementor-widget-image\" data-id=\"5ba0d36\" data-element_type=\"widget\" data-e-type=\"widget\" data-widget_type=\"image.default\">\n\t\t\t\t<div class=\"elementor-widget-container\">\n\t\t\t\t\t\t\t\t\t\t\t\t\t\t\t<img decoding=\"async\" width=\"853\" height=\"1280\" src=\"https:\/\/jumpropesupplier.com\/wp-content\/uploads\/2025\/08\/woman-athlete-sport-beauty-8688046.jpg\" class=\"attachment-full size-full wp-image-1662\" alt=\"ph\u1ee5 n\u1eef, v\u1eadn \u0111\u1ed9ng vi\u00ean, th\u1ec3 thao, v\u1ebb \u0111\u1eb9p, ch\u00e2n dung, phong c\u00e1ch, xinh \u0111\u1eb9p, t\u1ea1o d\u00e1ng, ng\u01b0\u1eddi m\u1eabu, ph\u1ee5 n\u1eef tr\u1ebb, th\u1ec3 thao, nh\u1ea3y d\u00e2y, th\u1ec3 h\u00ecnh, hu\u1ea5n luy\u1ec7n vi\u00ean s\u1ee9c m\u1ea1nh, kh\u1edfi \u0111\u1ed9ng, ngo\u00e0i tr\u1eddi, t\u1eadp luy\u1ec7n, d\u00e2y nh\u1ea3y, t\u00f3c v\u00e0ng hoe, \u0111\u1ed3 th\u1ec3 thao\" srcset=\"https:\/\/jumpropesupplier.com\/wp-content\/uploads\/2025\/08\/woman-athlete-sport-beauty-8688046.jpg 853w, https:\/\/jumpropesupplier.com\/wp-content\/uploads\/2025\/08\/woman-athlete-sport-beauty-8688046-600x900.jpg 600w, https:\/\/jumpropesupplier.com\/wp-content\/uploads\/2025\/08\/woman-athlete-sport-beauty-8688046-200x300.jpg 200w, https:\/\/jumpropesupplier.com\/wp-content\/uploads\/2025\/08\/woman-athlete-sport-beauty-8688046-682x1024.jpg 682w, https:\/\/jumpropesupplier.com\/wp-content\/uploads\/2025\/08\/woman-athlete-sport-beauty-8688046-768x1152.jpg 768w\" sizes=\"(max-width: 853px) 100vw, 853px\" \/>\t\t\t\t\t\t\t\t\t\t\t\t\t\t\t<\/div>\n\t\t\t\t<\/div>\n\t\t\t\t<\/div>\n\t\t<div class=\"elementor-element elementor-element-fb4f07d e-con-full e-flex e-con e-child\" data-id=\"fb4f07d\" data-element_type=\"container\" data-e-type=\"container\">\n\t\t\t\t<div class=\"elementor-element elementor-element-2d27b77 elementor-widget elementor-widget-heading\" data-id=\"2d27b77\" data-element_type=\"widget\" data-e-type=\"widget\" data-widget_type=\"heading.default\">\n\t\t\t\t<div class=\"elementor-widget-container\">\n\t\t\t\t\t<span class=\"elementor-heading-title elementor-size-default\">02<\/span>\t\t\t\t<\/div>\n\t\t\t\t<\/div>\n\t\t\t\t<div class=\"elementor-element elementor-element-37f82bc elementor-widget elementor-widget-icon-box\" data-id=\"37f82bc\" data-element_type=\"widget\" data-e-type=\"widget\" data-widget_type=\"icon-box.default\">\n\t\t\t\t<div class=\"elementor-widget-container\">\n\t\t\t\t\t\t\t<div class=\"elementor-icon-box-wrapper\">\n\n\t\t\t\n\t\t\t\t\t\t<div class=\"elementor-icon-box-content\">\n\n\t\t\t\t\t\t\t\t\t<h3 class=\"elementor-icon-box-title\">\n\t\t\t\t\t\t<span  >\n\t\t\t\t\t\t\tD\u00e2y C\u01b0\u1edbc C\u00f3 Tr\u1ecdng L\u01b0\u1ee3ng\t\t\t\t\t\t<\/span>\n\t\t\t\t\t<\/h3>\n\t\t\t\t\n\t\t\t\t\t\t\t\t\t<p class=\"elementor-icon-box-description\">\n\t\t\t\t\t\tD\u00e2y nh\u1ea3y c\u00f3 tr\u1ecdng l\u01b0\u1ee3ng c\u1ee7a ch\u00fang t\u00f4i cung c\u1ea5p m\u1ed9t c\u00e1ch hi\u1ec7u qu\u1ea3 \u0111\u1ec3 x\u00e2y d\u1ef1ng s\u1ee9c m\u1ea1nh \u0111\u1ed3ng th\u1eddi mang l\u1ea1i l\u1ee3i \u00edch tim m\u1ea1ch. \u0110\u01b0\u1ee3c thi\u1ebft k\u1ebf \u0111\u1ec3 \u1ed5n \u0111\u1ecbnh v\u00e0 b\u1ec1n b\u1ec9, nh\u1eefng d\u00e2y n\u00e0y mang \u0111\u1ebfn m\u1ed9t l\u1ef1a ch\u1ecdn t\u1eadp luy\u1ec7n tuy\u1ec7t v\u1eddi cho nh\u1eefng ng\u01b0\u1eddi mu\u1ed1n th\u1eed th\u00e1ch b\u1ea3n th\u00e2n. Ho\u00e0n h\u1ea3o cho luy\u1ec7n t\u1eadp c\u01b0\u1eddng \u0111\u1ed9 cao, m\u1ed7i d\u00e2y \u0111\u01b0\u1ee3c t\u00f9y ch\u1ec9nh \u0111\u1ec3 h\u1ed7 tr\u1ee3 c\u00e1c m\u1ee5c ti\u00eau th\u1ec3 h\u00ecnh kh\u00e1c nhau trong khi mang l\u1ea1i hi\u1ec7u su\u1ea5t v\u01b0\u1ee3t tr\u1ed9i.\t\t\t\t\t<\/p>\n\t\t\t\t\n\t\t\t<\/div>\n\t\t\t\n\t\t<\/div>\n\t\t\t\t\t\t<\/div>\n\t\t\t\t<\/div>\n\t\t\t\t<\/div>\n\t\t\t\t<\/div>\n\t\t<div class=\"elementor-element elementor-element-d7d7cb7 e-con-full e-flex e-con e-child\" data-id=\"d7d7cb7\" data-element_type=\"container\" data-e-type=\"container\">\n\t\t<div class=\"elementor-element elementor-element-125e775 e-con-full e-flex e-con e-child\" data-id=\"125e775\" data-element_type=\"container\" data-e-type=\"container\">\n\t\t\t\t<div class=\"elementor-element elementor-element-3dca7a8 elementor-widget elementor-widget-heading\" data-id=\"3dca7a8\" data-element_type=\"widget\" data-e-type=\"widget\" data-widget_type=\"heading.default\">\n\t\t\t\t<div class=\"elementor-widget-container\">\n\t\t\t\t\t<span class=\"elementor-heading-title elementor-size-default\">03<\/span>\t\t\t\t<\/div>\n\t\t\t\t<\/div>\n\t\t\t\t<div class=\"elementor-element elementor-element-387dc42 elementor-widget elementor-widget-icon-box\" data-id=\"387dc42\" data-element_type=\"widget\" data-e-type=\"widget\" data-widget_type=\"icon-box.default\">\n\t\t\t\t<div class=\"elementor-widget-container\">\n\t\t\t\t\t\t\t<div class=\"elementor-icon-box-wrapper\">\n\n\t\t\t\n\t\t\t\t\t\t<div class=\"elementor-icon-box-content\">\n\n\t\t\t\t\t\t\t\t\t<h3 class=\"elementor-icon-box-title\">\n\t\t\t\t\t\t<span  >\n\t\t\t\t\t\t\tT\u00f9y Ch\u1ecdn C\u00f3 Th\u1ec3 T\u00f9y Ch\u1ec9nh\t\t\t\t\t\t<\/span>\n\t\t\t\t\t<\/h3>\n\t\t\t\t\n\t\t\t\t\t\t\t\t\t<p class=\"elementor-icon-box-description\">\n\t\t\t\t\t\tCh\u00fang t\u00f4i \u0111\u1eb7t s\u1ef1 h\u00e0i l\u00f2ng c\u1ee7a kh\u00e1ch h\u00e0ng l\u00ean h\u00e0ng \u0111\u1ea7u b\u1eb1ng c\u00e1ch cung c\u1ea5p h\u01b0\u1edbng d\u1eabn v\u00e0 h\u1ed7 tr\u1ee3 c\u00e1 nh\u00e2n trong vi\u1ec7c ch\u1ecdn d\u00e2y nh\u1ea3y ph\u00f9 h\u1ee3p v\u1edbi nhu c\u1ea7u c\u1ee7a b\u1ea1n. \u0110\u1ed9i ng\u0169 t\u1eadn t\u00e2m c\u1ee7a ch\u00fang t\u00f4i lu\u00f4n s\u1eb5n s\u00e0ng h\u1ed7 tr\u1ee3 b\u1ea1n qua t\u1eebng quy\u1ebft \u0111\u1ecbnh, \u0111\u1ea3m b\u1ea3o b\u1ea1n t\u00ecm \u0111\u01b0\u1ee3c s\u1ea3n ph\u1ea9m ph\u00f9 h\u1ee3p \u0111\u1ec3 n\u00e2ng cao h\u00e0nh tr\u00ecnh th\u1ec3 h\u00ecnh c\u1ee7a m\u00ecnh. Ch\u00fang t\u00f4i cam k\u1ebft x\u00e2y d\u1ef1ng m\u1ed9t c\u1ed9ng \u0111\u1ed3ng h\u1ed7 tr\u1ee3 \u01b0\u1edbc m\u01a1 th\u1ec3 h\u00ecnh c\u1ee7a b\u1ea1n.\t\t\t\t\t<\/p>\n\t\t\t\t\n\t\t\t<\/div>\n\t\t\t\n\t\t<\/div>\n\t\t\t\t\t\t<\/div>\n\t\t\t\t<\/div>\n\t\t\t\t<\/div>\n\t\t<div class=\"elementor-element elementor-element-d3070d6 e-con-full e-flex e-con e-child\" data-id=\"d3070d6\" data-element_type=\"container\" data-e-type=\"container\">\n\t\t\t\t<div class=\"elementor-element elementor-element-691856d elementor-widget elementor-widget-image\" data-id=\"691856d\" data-element_type=\"widget\" data-e-type=\"widget\" data-widget_type=\"image.default\">\n\t\t\t\t<div class=\"elementor-widget-container\">\n\t\t\t\t\t\t\t\t\t\t\t\t\t\t\t<img loading=\"lazy\" decoding=\"async\" width=\"1280\" height=\"1209\" src=\"https:\/\/jumpropesupplier.com\/wp-content\/uploads\/2025\/08\/skipping-workout-fitness-rope-5029330.jpg\" class=\"attachment-full size-full wp-image-1664\" alt=\"nh\u1ea3y, t\u1eadp luy\u1ec7n, th\u1ec3 h\u00ecnh, d\u00e2y, th\u1ec3 thao, kh\u1ecfe m\u1ea1nh, hu\u1ea5n luy\u1ec7n, ph\u00f9 h\u1ee3p, crossfit, t\u1eadp luy\u1ec7n, th\u1ec3 thao, ch\u01a1i \u0111\u00f9a, nh\u1ea3y, tr\u1ebb, tr\u1ea1ng th\u00e1i, nh\u1ea3y, nh\u1ea3y, nh\u1ea3y, nh\u1ea3y, nh\u1ea3y\" srcset=\"https:\/\/jumpropesupplier.com\/wp-content\/uploads\/2025\/08\/skipping-workout-fitness-rope-5029330.jpg 1280w, https:\/\/jumpropesupplier.com\/wp-content\/uploads\/2025\/08\/skipping-workout-fitness-rope-5029330-600x567.jpg 600w, https:\/\/jumpropesupplier.com\/wp-content\/uploads\/2025\/08\/skipping-workout-fitness-rope-5029330-300x283.jpg 300w, https:\/\/jumpropesupplier.com\/wp-content\/uploads\/2025\/08\/skipping-workout-fitness-rope-5029330-1024x967.jpg 1024w, https:\/\/jumpropesupplier.com\/wp-content\/uploads\/2025\/08\/skipping-workout-fitness-rope-5029330-768x725.jpg 768w\" sizes=\"(max-width: 1280px) 100vw, 1280px\" \/>\t\t\t\t\t\t\t\t\t\t\t\t\t\t\t<\/div>\n\t\t\t\t<\/div>\n\t\t\t\t<\/div>\n\t\t\t\t<\/div>\n\t\t\t\t\t<\/div>\n\t\t\t\t<\/div>\n\t\t<div class=\"elementor-element elementor-element-c461a01 e-flex e-con-boxed e-con e-parent\" data-id=\"c461a01\" data-element_type=\"container\" data-e-type=\"container\" data-settings=\"{&quot;background_background&quot;:&quot;classic&quot;}\">\n\t\t\t\t\t<div class=\"e-con-inner\">\n\t\t<div class=\"elementor-element elementor-element-e48c08d e-con-full e-flex e-con e-child\" data-id=\"e48c08d\" data-element_type=\"container\" data-e-type=\"container\" data-settings=\"{&quot;background_background&quot;:&quot;classic&quot;}\">\n\t\t\t\t<div class=\"elementor-element elementor-element-fe33a7b elementor-widget elementor-widget-heading\" data-id=\"fe33a7b\" data-element_type=\"widget\" data-e-type=\"widget\" data-widget_type=\"heading.default\">\n\t\t\t\t<div class=\"elementor-widget-container\">\n\t\t\t\t\t<span class=\"elementor-heading-title elementor-size-default\">Tham gia c\u00f9ng ch\u00fang t\u00f4i<\/span>\t\t\t\t<\/div>\n\t\t\t\t<\/div>\n\t\t\t\t<div class=\"elementor-element elementor-element-2ec1ea6 elementor-widget elementor-widget-icon-box\" data-id=\"2ec1ea6\" data-element_type=\"widget\" data-e-type=\"widget\" data-widget_type=\"icon-box.default\">\n\t\t\t\t<div class=\"elementor-widget-container\">\n\t\t\t\t\t\t\t<div class=\"elementor-icon-box-wrapper\">\n\n\t\t\t\n\t\t\t\t\t\t<div class=\"elementor-icon-box-content\">\n\n\t\t\t\t\t\t\t\t\t<h3 class=\"elementor-icon-box-title\">\n\t\t\t\t\t\t<span  >\n\t\t\t\t\t\t\tTr\u1edf th\u00e0nh m\u1ed9t ph\u1ea7n c\u1ed9ng \u0111\u1ed3ng th\u1ec3 h\u00ecnh c\u1ee7a ch\u00fang t\u00f4i v\u00e0 c\u00f9ng nhau \u0111\u1ea1t \u0111\u01b0\u1ee3c m\u1ee5c ti\u00eau!\t\t\t\t\t\t<\/span>\n\t\t\t\t\t<\/h3>\n\t\t\t\t\n\t\t\t\t\n\t\t\t<\/div>\n\t\t\t\n\t\t<\/div>\n\t\t\t\t\t\t<\/div>\n\t\t\t\t<\/div>\n\t\t\t\t<div class=\"elementor-element elementor-element-f27a664 elementor-align-center elementor-widget elementor-widget-button\" data-id=\"f27a664\" data-element_type=\"widget\" data-e-type=\"widget\" data-widget_type=\"button.default\">\n\t\t\t\t<div class=\"elementor-widget-container\">\n\t\t\t\t\t\t\t\t\t<div class=\"elementor-button-wrapper\">\n\t\t\t\t\t<a class=\"elementor-button elementor-button-link elementor-size-sm\" href=\"\/vi\/contact\/\">\n\t\t\t\t\t\t<span class=\"elementor-button-content-wrapper\">\n\t\t\t\t\t\t\t\t\t<span class=\"elementor-button-text\">Mua ngay<\/span>\n\t\t\t\t\t<\/span>\n\t\t\t\t\t<\/a>\n\t\t\t\t<\/div>\n\t\t\t\t\t\t\t\t<\/div>\n\t\t\t\t<\/div>\n\t\t\t\t<div class=\"elementor-element elementor-element-c9a3762 elementor-widget elementor-widget-heading\" data-id=\"c9a3762\" data-element_type=\"widget\" data-e-type=\"widget\" data-widget_type=\"heading.default\">\n\t\t\t\t<div class=\"elementor-widget-container\">\n\t\t\t\t\t<span class=\"elementor-heading-title elementor-size-default\">ho\u1eb7c g\u1ecdi cho ch\u00fang t\u00f4i t\u1ea1i<\/span>\t\t\t\t<\/div>\n\t\t\t\t<\/div>\n\t\t\t\t<div class=\"elementor-element elementor-element-7a48988 elementor-widget elementor-widget-heading\" data-id=\"7a48988\" data-element_type=\"widget\" data-e-type=\"widget\" data-widget_type=\"heading.default\">\n\t\t\t\t<div class=\"elementor-widget-container\">\n\t\t\t\t\t<h3 class=\"elementor-heading-title elementor-size-default\">+86 188 5812 6258<\/h3>\t\t\t\t<\/div>\n\t\t\t\t<\/div>\n\t\t\t\t<\/div>\n\t\t\t\t\t<\/div>\n\t\t\t\t<\/div>\n\t\t\t\t<\/div>","protected":false},"excerpt":{"rendered":"<p>{{SERVICES_HERO_PREFIX}} {{SERVICES_HERO_HEADING}} {{SERVICES_SECTION_PREFIX}} {{SERVICES_HEADING}} 01 {{SERVICE_HEADING_1}} {{SERVICES_DESCRIPTION_4}} 02 {{SERVICE_HEADING_2}} {{SERVICES_DESCRIPTION_5}} 03 {{SERVICE_HEADING_3}} {{SERVICES_DESCRIPTION_6}} {{FOOTER_PREFIX}} {{FOOTER_CTA_HEADING}} {{CTA_BTN}} {{ho\u1eb7c g\u1ecdi cho ch\u00fang t\u00f4i t\u1ea1i}}: [\u2026]<\/p>","protected":false},"author":2,"featured_media":0,"parent":0,"menu_order":0,"comment_status":"closed","ping_status":"closed","template":"","meta":{"site-sidebar-layout":"no-sidebar","site-content-layout":"page-builder","ast-site-content-layout":"full-width-container","site-content-style":"default","site-sidebar-style":"default","ast-global-header-display":"","ast-banner-title-visibility":"","ast-main-header-display":"","ast-hfb-above-header-display":"","ast-hfb-below-header-display":"","ast-hfb-mobile-header-display":"","site-post-title":"disabled","ast-breadcrumbs-content":"","ast-featured-img":"disabled","footer-sml-layout":"","ast-disable-related-posts":"","theme-transparent-header-meta":"","adv-header-id-meta":"","stick-header-meta":"","header-above-stick-meta":"","header-main-stick-meta":"","header-below-stick-meta":"","astra-migrate-meta-layouts":"default","ast-page-background-enabled":"default","ast-page-background-meta":{"desktop":{"background-color":"var(--ast-global-color-4)","background-image":"","background-repeat":"repeat","background-position":"center center","background-size":"auto","background-attachment":"scroll","background-type":"","background-media":"","overlay-type":"","overlay-color":"","overlay-opacity":"","overlay-gradient":""},"tablet":{"background-color":"","background-image":"","background-repeat":"repeat","background-position":"center center","background-size":"auto","background-attachment":"scroll","background-type":"","background-media":"","overlay-type":"","overlay-color":"","overlay-opacity":"","overlay-gradient":""},"mobile":{"background-color":"","background-image":"","background-repeat":"repeat","background-position":"center center","background-size":"auto","background-attachment":"scroll","background-type":"","background-media":"","overlay-type":"","overlay-color":"","overlay-opacity":"","overlay-gradient":""}},"ast-content-background-meta":{"desktop":{"background-color":"var(--ast-global-color-5)","background-image":"","background-repeat":"repeat","background-position":"center center","background-size":"auto","background-attachment":"scroll","background-type":"","background-media":"","overlay-type":"","overlay-color":"","overlay-opacity":"","overlay-gradient":""},"tablet":{"background-color":"var(--ast-global-color-5)","background-image":"","background-repeat":"repeat","background-position":"center center","background-size":"auto","background-attachment":"scroll","background-type":"","background-media":"","overlay-type":"","overlay-color":"","overlay-opacity":"","overlay-gradient":""},"mobile":{"background-color":"var(--ast-global-color-5)","background-image":"","background-repeat":"repeat","background-position":"center center","background-size":"auto","background-attachment":"scroll","background-type":"","background-media":"","overlay-type":"","overlay-color":"","overlay-opacity":"","overlay-gradient":""}},"footnotes":""},"class_list":["post-765","page","type-page","status-publish","hentry"],"_links":{"self":[{"href":"https:\/\/jumpropesupplier.com\/vi\/wp-json\/wp\/v2\/pages\/765","targetHints":{"allow":["GET"]}}],"collection":[{"href":"https:\/\/jumpropesupplier.com\/vi\/wp-json\/wp\/v2\/pages"}],"about":[{"href":"https:\/\/jumpropesupplier.com\/vi\/wp-json\/wp\/v2\/types\/page"}],"author":[{"embeddable":true,"href":"https:\/\/jumpropesupplier.com\/vi\/wp-json\/wp\/v2\/users\/2"}],"replies":[{"embeddable":true,"href":"https:\/\/jumpropesupplier.com\/vi\/wp-json\/wp\/v2\/comments?post=765"}],"version-history":[{"count":0,"href":"https:\/\/jumpropesupplier.com\/vi\/wp-json\/wp\/v2\/pages\/765\/revisions"}],"wp:attachment":[{"href":"https:\/\/jumpropesupplier.com\/vi\/wp-json\/wp\/v2\/media?parent=765"}],"curies":[{"name":"wp","href":"https:\/\/api.w.org\/{rel}","templated":true}]}}