{"id":766,"date":"2025-03-12T10:37:35","date_gmt":"2025-03-12T10:37:35","guid":{"rendered":"https:\/\/jumpropesupplier.com\/?page_id=766"},"modified":"2025-03-27T09:43:05","modified_gmt":"2025-03-27T09:43:05","slug":"about","status":"publish","type":"page","link":"https:\/\/jumpropesupplier.com\/vi\/about\/","title":{"rendered":"Gi\u1edbi thi\u1ec7u"},"content":{"rendered":"<div data-elementor-type=\"wp-page\" data-elementor-id=\"766\" class=\"elementor elementor-766\">\n\t\t\t\t<div class=\"elementor-element elementor-element-d3eb459 e-flex e-con-boxed e-con e-parent\" data-id=\"d3eb459\" data-element_type=\"container\" data-e-type=\"container\">\n\t\t\t\t\t<div class=\"e-con-inner\">\n\t\t<div class=\"elementor-element elementor-element-f781449 e-con-full e-flex e-con e-child\" data-id=\"f781449\" data-element_type=\"container\" data-e-type=\"container\">\n\t\t\t\t<div class=\"elementor-element elementor-element-f0cf9ba elementor-widget elementor-widget-heading\" data-id=\"f0cf9ba\" data-element_type=\"widget\" data-e-type=\"widget\" data-widget_type=\"heading.default\">\n\t\t\t\t<div class=\"elementor-widget-container\">\n\t\t\t\t\t<span class=\"elementor-heading-title elementor-size-default\">N\u00e2ng cao h\u00e0nh tr\u00ecnh th\u1ec3 h\u00ecnh c\u1ee7a b\u1ea1n<\/span>\t\t\t\t<\/div>\n\t\t\t\t<\/div>\n\t\t\t\t<div class=\"elementor-element elementor-element-8d67291 elementor-widget elementor-widget-heading\" data-id=\"8d67291\" data-element_type=\"widget\" data-e-type=\"widget\" data-widget_type=\"heading.default\">\n\t\t\t\t<div class=\"elementor-widget-container\">\n\t\t\t\t\t<h1 class=\"elementor-heading-title elementor-size-default\">Ch\u00e0o m\u1eebng \u0111\u1ebfn v\u1edbi JumpRopeSupplier: \u0110\u1ed1i t\u00e1c c\u1ee7a b\u1ea1n trong hi\u1ec7u su\u1ea5t<\/h1>\t\t\t\t<\/div>\n\t\t\t\t<\/div>\n\t\t\t\t<\/div>\n\t\t<div class=\"elementor-element elementor-element-044bc6f e-con-full e-flex e-con e-child\" data-id=\"044bc6f\" data-element_type=\"container\" data-e-type=\"container\">\n\t\t\t\t<div class=\"elementor-element elementor-element-c406709 elementor-widget elementor-widget-image\" data-id=\"c406709\" data-element_type=\"widget\" data-e-type=\"widget\" data-widget_type=\"image.default\">\n\t\t\t\t<div class=\"elementor-widget-container\">\n\t\t\t\t\t\t\t\t\t\t\t\t\t\t\t<img fetchpriority=\"high\" decoding=\"async\" width=\"720\" height=\"1280\" src=\"https:\/\/jumpropesupplier.com\/wp-content\/uploads\/2025\/08\/female-jumping-rope-action-956640.jpg\" class=\"attachment-full size-full wp-image-1669\" alt=\"ph\u1ee5 n\u1eef, nh\u1ea3y, d\u00e2y, h\u00e0nh \u0111\u1ed9ng\" srcset=\"https:\/\/jumpropesupplier.com\/wp-content\/uploads\/2025\/08\/female-jumping-rope-action-956640.jpg 720w, https:\/\/jumpropesupplier.com\/wp-content\/uploads\/2025\/08\/female-jumping-rope-action-956640-600x1067.jpg 600w, https:\/\/jumpropesupplier.com\/wp-content\/uploads\/2025\/08\/female-jumping-rope-action-956640-169x300.jpg 169w, https:\/\/jumpropesupplier.com\/wp-content\/uploads\/2025\/08\/female-jumping-rope-action-956640-576x1024.jpg 576w\" sizes=\"(max-width: 720px) 100vw, 720px\" \/>\t\t\t\t\t\t\t\t\t\t\t\t\t\t\t<\/div>\n\t\t\t\t<\/div>\n\t\t\t\t<\/div>\n\t\t\t\t\t<\/div>\n\t\t\t\t<\/div>\n\t\t<div class=\"elementor-element elementor-element-f25ff50 e-flex e-con-boxed e-con e-parent\" data-id=\"f25ff50\" data-element_type=\"container\" data-e-type=\"container\" data-settings=\"{&quot;background_background&quot;:&quot;classic&quot;}\">\n\t\t\t\t\t<div class=\"e-con-inner\">\n\t\t\t\t<div class=\"elementor-element elementor-element-1e735c8 elementor-widget elementor-widget-heading\" data-id=\"1e735c8\" data-element_type=\"widget\" data-e-type=\"widget\" data-widget_type=\"heading.default\">\n\t\t\t\t<div class=\"elementor-widget-container\">\n\t\t\t\t\t<span class=\"elementor-heading-title elementor-size-default\">C\u00e2u chuy\u1ec7n c\u1ee7a ch\u00fang t\u00f4i<\/span>\t\t\t\t<\/div>\n\t\t\t\t<\/div>\n\t\t\t\t<div class=\"elementor-element elementor-element-cc22a24 elementor-widget elementor-widget-heading\" data-id=\"cc22a24\" data-element_type=\"widget\" data-e-type=\"widget\" data-widget_type=\"heading.default\">\n\t\t\t\t<div class=\"elementor-widget-container\">\n\t\t\t\t\t<h2 class=\"elementor-heading-title elementor-size-default\">\u0110\u01b0\u1ee3c th\u00e0nh l\u1eadp v\u00e0o n\u0103m 2018, ch\u00fang t\u00f4i nhanh ch\u00f3ng tr\u1edf th\u00e0nh m\u1ed9t th\u01b0\u01a1ng hi\u1ec7u \u0111\u00e1ng tin c\u1eady trong th\u1ebf gi\u1edbi th\u1ec3 h\u00ecnh.<\/h2>\t\t\t\t<\/div>\n\t\t\t\t<\/div>\n\t\t<div class=\"elementor-element elementor-element-5d7f6d1 e-con-full e-grid e-con e-child\" data-id=\"5d7f6d1\" data-element_type=\"container\" data-e-type=\"container\">\n\t\t\t\t<div class=\"elementor-element elementor-element-de36234 elementor-widget elementor-widget-heading\" data-id=\"de36234\" data-element_type=\"widget\" data-e-type=\"widget\" data-widget_type=\"heading.default\">\n\t\t\t\t<div class=\"elementor-widget-container\">\n\t\t\t\t\t<h3 class=\"elementor-heading-title elementor-size-default\">JumpRopeSupplier b\u1eaft \u0111\u1ea7u t\u1eeb m\u1ed9t x\u01b0\u1edfng nh\u1ecf t\u1ea1i Trung Qu\u1ed1c, n\u01a1i c\u00e1c ng\u01b0\u1eddi \u0111am m\u00ea th\u1ec3 h\u00ecnh v\u00e0 ngh\u1ec7 nh\u00e2n h\u1ee3p t\u00e1c \u0111\u1ec3 t\u1ea1o ra nh\u1eefng s\u1ee3i d\u00e2y nh\u1ea3y ch\u1ea5t l\u01b0\u1ee3ng cao. S\u1ef1 c\u1ed1ng hi\u1ebfn c\u1ee7a ch\u00fang t\u00f4i cho th\u1ee7 c\u00f4ng v\u00e0 \u0111\u1ed5i m\u1edbi \u0111\u00e3 gi\u00fap ch\u00fang t\u00f4i ph\u00e1t tri\u1ec3n th\u00e0nh m\u1ed9t th\u01b0\u01a1ng hi\u1ec7u \u0111\u01b0\u1ee3c c\u00f4ng nh\u1eadn qu\u1ed1c t\u1ebf.<\/h3>\t\t\t\t<\/div>\n\t\t\t\t<\/div>\n\t\t<div class=\"elementor-element elementor-element-7f6cce6 e-con-full e-flex e-con e-child\" data-id=\"7f6cce6\" data-element_type=\"container\" data-e-type=\"container\">\n\t\t\t\t<div class=\"elementor-element elementor-element-a78b1c9 elementor-widget elementor-widget-icon-box\" data-id=\"a78b1c9\" data-element_type=\"widget\" data-e-type=\"widget\" data-widget_type=\"icon-box.default\">\n\t\t\t\t<div class=\"elementor-widget-container\">\n\t\t\t\t\t\t\t<div class=\"elementor-icon-box-wrapper\">\n\n\t\t\t\n\t\t\t\t\t\t<div class=\"elementor-icon-box-content\">\n\n\t\t\t\t\t\t\t\t\t<p class=\"elementor-icon-box-title\">\n\t\t\t\t\t\t<span  >\n\t\t\t\t\t\t\tCh\u00fang t\u00f4i t\u1ef1 h\u00e0o ph\u1ee5c v\u1ee5 \u0111a d\u1ea1ng kh\u00e1ch h\u00e0ng, t\u1eeb ng\u01b0\u1eddi m\u1edbi b\u1eaft \u0111\u1ea7u mu\u1ed1n c\u1ea3i thi\u1ec7n th\u1ec3 l\u1ef1c \u0111\u1ebfn c\u00e1c v\u1eadn \u0111\u1ed9ng vi\u00ean k\u1ef3 c\u1ef1u t\u00ecm ki\u1ebfm thi\u1ebft b\u1ecb n\u00e2ng cao hi\u1ec7u su\u1ea5t. S\u1ef1 ch\u00fa tr\u1ecdng v\u00e0o ch\u1ea5t l\u01b0\u1ee3ng \u0111\u00e3 khi\u1ebfn ch\u00fang t\u00f4i tr\u1edf th\u00e0nh l\u1ef1a ch\u1ecdn y\u00eau th\u00edch trong c\u1ed9ng \u0111\u1ed3ng th\u1ec3 h\u00ecnh to\u00e0n c\u1ea7u.\t\t\t\t\t\t<\/span>\n\t\t\t\t\t<\/p>\n\t\t\t\t\n\t\t\t\t\t\t\t\t\t<p class=\"elementor-icon-box-description\">\n\t\t\t\t\t\tJumpRopeSupplier \u0111\u00e3 \u0111\u01b0\u1ee3c c\u00f4ng nh\u1eadn v\u1ec1 ch\u1ea5t l\u01b0\u1ee3ng v\u00e0 \u0111\u1ed5i m\u1edbi, nh\u1eadn nhi\u1ec1u gi\u1ea3i th\u01b0\u1edfng v\u00e0 danh hi\u1ec7u t\u1eeb c\u00e1c t\u1ed5 ch\u1ee9c th\u1ec3 h\u00ecnh v\u00e0 chuy\u00ean gia ng\u00e0nh, nh\u1ea5n m\u1ea1nh cam k\u1ebft c\u1ee7a ch\u00fang t\u00f4i v\u1edbi s\u1ef1 xu\u1ea5t s\u1eafc trong m\u1ecdi ho\u1ea1t \u0111\u1ed9ng.\t\t\t\t\t<\/p>\n\t\t\t\t\n\t\t\t<\/div>\n\t\t\t\n\t\t<\/div>\n\t\t\t\t\t\t<\/div>\n\t\t\t\t<\/div>\n\t\t\t\t<\/div>\n\t\t\t\t<\/div>\n\t\t\t\t\t<\/div>\n\t\t\t\t<\/div>\n\t\t<div class=\"elementor-element elementor-element-641cd73 e-grid e-con-boxed e-con e-parent\" data-id=\"641cd73\" data-element_type=\"container\" data-e-type=\"container\" data-settings=\"{&quot;background_background&quot;:&quot;classic&quot;}\">\n\t\t\t\t\t<div class=\"e-con-inner\">\n\t\t<div class=\"elementor-element elementor-element-85f3d6a e-con-full e-flex e-con e-child\" data-id=\"85f3d6a\" data-element_type=\"container\" data-e-type=\"container\">\n\t\t\t\t<div class=\"elementor-element elementor-element-98a2a0c elementor-widget elementor-widget-heading\" data-id=\"98a2a0c\" data-element_type=\"widget\" data-e-type=\"widget\" data-widget_type=\"heading.default\">\n\t\t\t\t<div class=\"elementor-widget-container\">\n\t\t\t\t\t<span class=\"elementor-heading-title elementor-size-default\">S\u1ee9 M\u1ec7nh c\u1ee7a Ch\u00fang T\u00f4i<\/span>\t\t\t\t<\/div>\n\t\t\t\t<\/div>\n\t\t\t\t<div class=\"elementor-element elementor-element-5e9e0bb elementor-widget elementor-widget-heading\" data-id=\"5e9e0bb\" data-element_type=\"widget\" data-e-type=\"widget\" data-widget_type=\"heading.default\">\n\t\t\t\t<div class=\"elementor-widget-container\">\n\t\t\t\t\t<h2 class=\"elementor-heading-title elementor-size-default\">Trao quy\u1ec1n cho m\u1ecdi h\u00e0nh tr\u00ecnh th\u1ec3 h\u00ecnh<\/h2>\t\t\t\t<\/div>\n\t\t\t\t<\/div>\n\t\t\t\t<\/div>\n\t\t\t\t<div class=\"elementor-element elementor-element-8b87ecf elementor-widget elementor-widget-icon-box\" data-id=\"8b87ecf\" data-element_type=\"widget\" data-e-type=\"widget\" data-widget_type=\"icon-box.default\">\n\t\t\t\t<div class=\"elementor-widget-container\">\n\t\t\t\t\t\t\t<div class=\"elementor-icon-box-wrapper\">\n\n\t\t\t\n\t\t\t\t\t\t<div class=\"elementor-icon-box-content\">\n\n\t\t\t\t\t\t\t\t\t<h3 class=\"elementor-icon-box-title\">\n\t\t\t\t\t\t<span  >\n\t\t\t\t\t\t\tCung c\u1ea5p d\u00e2y nh\u1ea3y b\u1ec1n b\u1ec9 v\u00e0 s\u00e1ng t\u1ea1o, truy\u1ec1n c\u1ea3m h\u1ee9ng cho chuy\u1ec3n \u0111\u1ed9ng v\u00e0 n\u00e2ng cao hi\u1ec7u su\u1ea5t cho m\u1ecdi tr\u00ecnh \u0111\u1ed9 th\u1ec3 l\u1ef1c.\t\t\t\t\t\t<\/span>\n\t\t\t\t\t<\/h3>\n\t\t\t\t\n\t\t\t\t\t\t\t\t\t<p class=\"elementor-icon-box-description\">\n\t\t\t\t\t\tCh\u00fang t\u00f4i tin v\u00e0o vi\u1ec7c l\u00e0m cho thi\u1ebft b\u1ecb th\u1ec3 h\u00ecnh ch\u1ea5t l\u01b0\u1ee3ng cao tr\u1edf n\u00ean d\u1ec5 ti\u1ebfp c\u1eadn v\u1edbi m\u1ecdi ng\u01b0\u1eddi. S\u1ee9 m\u1ec7nh c\u1ee7a ch\u00fang t\u00f4i l\u00e0 trao quy\u1ec1n cho c\u00e1 nh\u00e2n b\u1eb1ng c\u00e1ch cung c\u1ea5p d\u00e2y nh\u1ea3y gi\u00e1 c\u1ea3 ph\u1ea3i ch\u0103ng ph\u00f9 h\u1ee3p v\u1edbi nhi\u1ec1u nhu c\u1ea7u th\u1ec3 h\u00ecnh kh\u00e1c nhau, \u0111\u1ea3m b\u1ea3o m\u1ecdi ng\u01b0\u1eddi \u0111\u1ec1u c\u00f3 th\u1ec3 \u0111\u1ea1t \u0111\u01b0\u1ee3c m\u1ee5c ti\u00eau c\u1ee7a m\u00ecnh.\t\t\t\t\t<\/p>\n\t\t\t\t\n\t\t\t<\/div>\n\t\t\t\n\t\t<\/div>\n\t\t\t\t\t\t<\/div>\n\t\t\t\t<\/div>\n\t\t\t\t\t<\/div>\n\t\t\t\t<\/div>\n\t\t<div class=\"elementor-element elementor-element-01b0055 e-flex e-con-boxed e-con e-parent\" data-id=\"01b0055\" data-element_type=\"container\" data-e-type=\"container\" data-settings=\"{&quot;background_background&quot;:&quot;classic&quot;}\">\n\t\t\t\t\t<div class=\"e-con-inner\">\n\t\t<div class=\"elementor-element elementor-element-5b98a07 e-con-full e-flex e-con e-child\" data-id=\"5b98a07\" data-element_type=\"container\" data-e-type=\"container\" data-settings=\"{&quot;background_background&quot;:&quot;classic&quot;}\">\n\t\t\t\t<div class=\"elementor-element elementor-element-a5408bf elementor-widget elementor-widget-heading\" data-id=\"a5408bf\" data-element_type=\"widget\" data-e-type=\"widget\" data-widget_type=\"heading.default\">\n\t\t\t\t<div class=\"elementor-widget-container\">\n\t\t\t\t\t<span class=\"elementor-heading-title elementor-size-default\">Tham gia c\u00f9ng ch\u00fang t\u00f4i<\/span>\t\t\t\t<\/div>\n\t\t\t\t<\/div>\n\t\t\t\t<div class=\"elementor-element elementor-element-436a997 elementor-widget elementor-widget-icon-box\" data-id=\"436a997\" data-element_type=\"widget\" data-e-type=\"widget\" data-widget_type=\"icon-box.default\">\n\t\t\t\t<div class=\"elementor-widget-container\">\n\t\t\t\t\t\t\t<div class=\"elementor-icon-box-wrapper\">\n\n\t\t\t\n\t\t\t\t\t\t<div class=\"elementor-icon-box-content\">\n\n\t\t\t\t\t\t\t\t\t<h3 class=\"elementor-icon-box-title\">\n\t\t\t\t\t\t<span  >\n\t\t\t\t\t\t\tTr\u1edf th\u00e0nh m\u1ed9t ph\u1ea7n c\u1ed9ng \u0111\u1ed3ng th\u1ec3 h\u00ecnh c\u1ee7a ch\u00fang t\u00f4i v\u00e0 c\u00f9ng nhau \u0111\u1ea1t \u0111\u01b0\u1ee3c m\u1ee5c ti\u00eau!\t\t\t\t\t\t<\/span>\n\t\t\t\t\t<\/h3>\n\t\t\t\t\n\t\t\t\t\n\t\t\t<\/div>\n\t\t\t\n\t\t<\/div>\n\t\t\t\t\t\t<\/div>\n\t\t\t\t<\/div>\n\t\t\t\t<div class=\"elementor-element elementor-element-8efddcd elementor-align-center elementor-widget elementor-widget-button\" data-id=\"8efddcd\" data-element_type=\"widget\" data-e-type=\"widget\" data-widget_type=\"button.default\">\n\t\t\t\t<div class=\"elementor-widget-container\">\n\t\t\t\t\t\t\t\t\t<div class=\"elementor-button-wrapper\">\n\t\t\t\t\t<a class=\"elementor-button elementor-button-link elementor-size-sm\" href=\"\/vi\/contact\/\">\n\t\t\t\t\t\t<span class=\"elementor-button-content-wrapper\">\n\t\t\t\t\t\t\t\t\t<span class=\"elementor-button-text\">Mua ngay<\/span>\n\t\t\t\t\t<\/span>\n\t\t\t\t\t<\/a>\n\t\t\t\t<\/div>\n\t\t\t\t\t\t\t\t<\/div>\n\t\t\t\t<\/div>\n\t\t\t\t<div class=\"elementor-element elementor-element-8b5f788 elementor-widget elementor-widget-heading\" data-id=\"8b5f788\" data-element_type=\"widget\" data-e-type=\"widget\" data-widget_type=\"heading.default\">\n\t\t\t\t<div class=\"elementor-widget-container\">\n\t\t\t\t\t<span class=\"elementor-heading-title elementor-size-default\">ho\u1eb7c g\u1ecdi cho ch\u00fang t\u00f4i t\u1ea1i<\/span>\t\t\t\t<\/div>\n\t\t\t\t<\/div>\n\t\t\t\t<div class=\"elementor-element elementor-element-628c84c elementor-widget elementor-widget-heading\" data-id=\"628c84c\" data-element_type=\"widget\" data-e-type=\"widget\" data-widget_type=\"heading.default\">\n\t\t\t\t<div class=\"elementor-widget-container\">\n\t\t\t\t\t<h3 class=\"elementor-heading-title elementor-size-default\">+86 188 5812 6258<\/h3>\t\t\t\t<\/div>\n\t\t\t\t<\/div>\n\t\t\t\t<\/div>\n\t\t\t\t\t<\/div>\n\t\t\t\t<\/div>\n\t\t\t\t<\/div>","protected":false},"excerpt":{"rendered":"<p>{{ABOUT_HERO_PREFIX}} {{ABOUT_HERO_HEADING}} {{ABOUT_PREFIX_2}} {{ABOUT_DESCRIPTION_2}} {{ABOUT_DESCRIPTION_3}} {{ABOUT_DESCRIPTION_4}} {{ABOUT_DESCRIPTION_5}} {{MISSION_SECTION_PREFIX}} {{MISSION_SECTION_HEADING}} {{MISSION_SECTION_STATEMENT}} {{MISSION_SECTION_DESCRIPTION}} {{FOOTER_PREFIX}} {{FOOTER_CTA_HEADING}} {{CTA_BTN}} {{ho\u1eb7c g\u1ecdi cho ch\u00fang t\u00f4i t\u1ea1i}}: {{PHONE}}<\/p>","protected":false},"author":2,"featured_media":0,"parent":0,"menu_order":0,"comment_status":"closed","ping_status":"closed","template":"","meta":{"site-sidebar-layout":"no-sidebar","site-content-layout":"page-builder","ast-site-content-layout":"full-width-container","site-content-style":"default","site-sidebar-style":"default","ast-global-header-display":"","ast-banner-title-visibility":"","ast-main-header-display":"","ast-hfb-above-header-display":"","ast-hfb-below-header-display":"","ast-hfb-mobile-header-display":"","site-post-title":"disabled","ast-breadcrumbs-content":"","ast-featured-img":"disabled","footer-sml-layout":"","ast-disable-related-posts":"","theme-transparent-header-meta":"","adv-header-id-meta":"","stick-header-meta":"","header-above-stick-meta":"","header-main-stick-meta":"","header-below-stick-meta":"","astra-migrate-meta-layouts":"default","ast-page-background-enabled":"default","ast-page-background-meta":{"desktop":{"background-color":"var(--ast-global-color-4)","background-image":"","background-repeat":"repeat","background-position":"center center","background-size":"auto","background-attachment":"scroll","background-type":"","background-media":"","overlay-type":"","overlay-color":"","overlay-opacity":"","overlay-gradient":""},"tablet":{"background-color":"","background-image":"","background-repeat":"repeat","background-position":"center center","background-size":"auto","background-attachment":"scroll","background-type":"","background-media":"","overlay-type":"","overlay-color":"","overlay-opacity":"","overlay-gradient":""},"mobile":{"background-color":"","background-image":"","background-repeat":"repeat","background-position":"center center","background-size":"auto","background-attachment":"scroll","background-type":"","background-media":"","overlay-type":"","overlay-color":"","overlay-opacity":"","overlay-gradient":""}},"ast-content-background-meta":{"desktop":{"background-color":"var(--ast-global-color-5)","background-image":"","background-repeat":"repeat","background-position":"center center","background-size":"auto","background-attachment":"scroll","background-type":"","background-media":"","overlay-type":"","overlay-color":"","overlay-opacity":"","overlay-gradient":""},"tablet":{"background-color":"var(--ast-global-color-5)","background-image":"","background-repeat":"repeat","background-position":"center center","background-size":"auto","background-attachment":"scroll","background-type":"","background-media":"","overlay-type":"","overlay-color":"","overlay-opacity":"","overlay-gradient":""},"mobile":{"background-color":"var(--ast-global-color-5)","background-image":"","background-repeat":"repeat","background-position":"center center","background-size":"auto","background-attachment":"scroll","background-type":"","background-media":"","overlay-type":"","overlay-color":"","overlay-opacity":"","overlay-gradient":""}},"footnotes":""},"class_list":["post-766","page","type-page","status-publish","hentry"],"_links":{"self":[{"href":"https:\/\/jumpropesupplier.com\/vi\/wp-json\/wp\/v2\/pages\/766","targetHints":{"allow":["GET"]}}],"collection":[{"href":"https:\/\/jumpropesupplier.com\/vi\/wp-json\/wp\/v2\/pages"}],"about":[{"href":"https:\/\/jumpropesupplier.com\/vi\/wp-json\/wp\/v2\/types\/page"}],"author":[{"embeddable":true,"href":"https:\/\/jumpropesupplier.com\/vi\/wp-json\/wp\/v2\/users\/2"}],"replies":[{"embeddable":true,"href":"https:\/\/jumpropesupplier.com\/vi\/wp-json\/wp\/v2\/comments?post=766"}],"version-history":[{"count":0,"href":"https:\/\/jumpropesupplier.com\/vi\/wp-json\/wp\/v2\/pages\/766\/revisions"}],"wp:attachment":[{"href":"https:\/\/jumpropesupplier.com\/vi\/wp-json\/wp\/v2\/media?parent=766"}],"curies":[{"name":"wp","href":"https:\/\/api.w.org\/{rel}","templated":true}]}}