{"id":1957,"date":"2025-09-03T03:03:17","date_gmt":"2025-09-03T03:03:17","guid":{"rendered":"https:\/\/jumpropesupplier.com\/product\/rpm-jump-rope\/"},"modified":"2025-09-03T05:56:45","modified_gmt":"2025-09-03T05:56:45","slug":"rpm-jump-rope","status":"publish","type":"product","link":"https:\/\/jumpropesupplier.com\/vi\/product\/rpm-jump-rope\/","title":{"rendered":"D\u00e2y nh\u1ea3y t\u1ed1c \u0111\u1ed9 cao RPM c\u00f3 th\u1ec3 \u0111i\u1ec1u ch\u1ec9nh ph\u00f9 h\u1ee3p cho t\u1eadp luy\u1ec7n th\u1ec3 h\u00ecnh"},"content":{"rendered":"<h2>C\u00e1c t\u00ednh n\u0103ng ch\u00ednh v\u00e0 l\u1ee3i \u00edch c\u1ee7a D\u00e2y nh\u1ea3y RPM<\/h2>\n<p>The <strong>D\u00e2y nh\u1ea3y RPM<\/strong> \u0111\u01b0\u1ee3c thi\u1ebft k\u1ebf cho t\u1ed1c \u0111\u1ed9, ch\u00ednh x\u00e1c v\u00e0 tho\u1ea3i m\u00e1i, tr\u1edf th\u00e0nh l\u1ef1a ch\u1ecdn h\u00e0ng \u0111\u1ea7u cho v\u1eadn \u0111\u1ed9ng vi\u00ean, ng\u01b0\u1eddi y\u00eau th\u00edch th\u1ec3 h\u00ecnh v\u00e0 ng\u01b0\u1eddi m\u1edbi b\u1eaft \u0111\u1ea7u. D\u00f9 b\u1ea1n t\u1eadp CrossFit, boxing hay cardio t\u1ed5ng qu\u00e1t, d\u00e2y n\u00e0y mang l\u1ea1i hi\u1ec7u su\u1ea5t \u1ed5n \u0111\u1ecbnh.<\/p>\n<h3>H\u1ec7 th\u1ed1ng b\u1ea1c \u0111\u1ea1n t\u1ed1c \u0111\u1ed9 cao<\/h3>\n<ul>\n<li>Quay tr\u00f2n m\u01b0\u1ee3t m\u00e0 360\u00b0 cho nh\u1eefng c\u00fa swing si\u00eau nhanh<\/li>\n<li>Gi\u1ea3m ma s\u00e1t v\u00e0 ng\u0103n ng\u1eeba xo\u1eafn d\u00e2y<\/li>\n<li>Ho\u00e0n h\u1ea3o cho double unders v\u00e0 t\u1eadp luy\u1ec7n c\u01b0\u1eddng \u0111\u1ed9 cao<\/li>\n<\/ul>\n<h3>Chi\u1ec1u d\u00e0i c\u00f3 th\u1ec3 \u0111i\u1ec1u ch\u1ec9nh ph\u00f9 h\u1ee3p m\u1ecdi chi\u1ec1u cao<\/h3>\n<ul>\n<li>H\u1ec7 th\u1ed1ng \u0111i\u1ec1u ch\u1ec9nh \u0111\u01a1n gi\u1ea3n ph\u00f9 h\u1ee3p v\u1edbi chi\u1ec1u cao c\u1ee7a b\u1ea1n<\/li>\n<li>\u0110\u1ea3m b\u1ea3o chi\u1ec1u d\u00e0i d\u00e2y t\u1ed1i \u01b0u \u0111\u1ec3 ki\u1ec3m so\u00e1t v\u00e0 hi\u1ec7u qu\u1ea3 t\u1ed1t h\u01a1n<\/li>\n<\/ul>\n<h3>Ch\u1ea5t li\u1ec7u nh\u1eb9 b\u1ec1n b\u1ec9<\/h3>\n<ul>\n<li>D\u00e2y th\u00e9p cao c\u1ea5p ph\u1ee7 nylon \u0111\u1ec3 s\u1eed d\u1ee5ng l\u00e2u d\u00e0i<\/li>\n<li>Thi\u1ebft k\u1ebf nh\u1eb9 gi\u00fap gi\u1ea3m m\u1ec7t m\u1ecfi trong c\u00e1c bu\u1ed5i t\u1eadp k\u00e9o d\u00e0i<\/li>\n<\/ul>\n<h3>Tay c\u1ea7m ergonomic ch\u1ed1ng tr\u01b0\u1ee3t<\/h3>\n<ul>\n<li>Thi\u1ebft k\u1ebf cong \u0111\u1ec3 c\u1ea7m tho\u1ea3i m\u00e1i<\/li>\n<li>B\u1ec1 m\u1eb7t ch\u1ed1ng tr\u01b0\u1ee3t gi\u1eef cho tay c\u1ea7m ch\u1eafc ch\u1eafn ngay c\u1ea3 khi \u0111\u1ed5 m\u1ed3 h\u00f4i<\/li>\n<\/ul>\n<h3>Ph\u00f9 h\u1ee3p cho nhi\u1ec1u lo\u1ea1i b\u00e0i t\u1eadp<\/h3>\n<ul>\n<li>Tuy\u1ec7t v\u1eddi cho t\u1eadp t\u1ed1c \u0111\u1ed9, b\u1ec1n b\u1ec9, CrossFit, boxing v\u00e0 th\u1ec3 h\u00ecnh t\u1ed5ng qu\u00e1t<\/li>\n<li>Ph\u00f9 h\u1ee3p cho ng\u01b0\u1eddi m\u1edbi b\u1eaft \u0111\u1ea7u v\u00e0 chuy\u00ean nghi\u1ec7p<\/li>\n<\/ul>\n<h3>Thi\u1ebft k\u1ebf di \u0111\u1ed9ng v\u00e0 nh\u1ecf g\u1ecdn<\/h3>\n<ul>\n<li>D\u1ec5 d\u00e0ng ph\u00f9 h\u1ee3p v\u00e0o t\u00fai t\u1eadp th\u1ec3 d\u1ee5c ho\u1eb7c h\u1ed9p du l\u1ecbch c\u1ee7a b\u1ea1n<\/li>\n<li>Nh\u1eb9 \u0111\u1ee7 \u0111\u1ec3 mang \u0111i b\u1ea5t c\u1ee9 \u0111\u00e2u cho c\u00e1c b\u00e0i t\u1eadp nhanh<\/li>\n<\/ul>\n<table>\n<thead>\n<tr>\n<th>\u0110\u1eb7c \u0111i\u1ec3m<\/th>\n<th>L\u1ee3i \u00edch<\/th>\n<\/tr>\n<\/thead>\n<tbody>\n<tr>\n<td>B\u1ea1c \u0111\u1ea1n t\u1ed1c \u0111\u1ed9 cao<\/td>\n<td>Quay nhanh h\u01a1n, m\u01b0\u1ee3t m\u00e0 h\u01a1n<\/td>\n<\/tr>\n<tr>\n<td>Chi\u1ec1u d\u00e0i \u0111i\u1ec1u ch\u1ec9nh \u0111\u01b0\u1ee3c<\/td>\n<td>Ph\u00f9 h\u1ee3p v\u1edbi m\u1ecdi chi\u1ec1u cao \u0111\u1ec3 t\u00f9y ch\u1ec9nh tho\u1ea3i m\u00e1i<\/td>\n<\/tr>\n<tr>\n<td>Ch\u1ea5t li\u1ec7u b\u1ec1n, nh\u1eb9<\/td>\n<td>Tu\u1ed5i th\u1ecd l\u00e2u h\u01a1n v\u00e0 d\u1ec5 d\u00e0ng s\u1eed d\u1ee5ng<\/td>\n<\/tr>\n<tr>\n<td>Tay c\u1ea7m ch\u1ed1ng tr\u01b0\u1ee3t, ergonomic<\/td>\n<td>T\u0103ng c\u01b0\u1eddng \u0111\u1ed9 b\u00e1m ch\u1eafc \u0111\u1ec3 hi\u1ec7u su\u1ea5t t\u1ed1t h\u01a1n<\/td>\n<\/tr>\n<tr>\n<td>S\u1eed d\u1ee5ng \u0111a d\u1ea1ng cho c\u00e1c b\u00e0i t\u1eadp<\/td>\n<td>Ph\u00f9 h\u1ee3p v\u1edbi nhi\u1ec1u phong c\u00e1ch t\u1eadp luy\u1ec7n kh\u00e1c nhau<\/td>\n<\/tr>\n<tr>\n<td>Thi\u1ebft k\u1ebf di \u0111\u1ed9ng<\/td>\n<td>Ti\u1ec7n l\u1ee3i cho du l\u1ecbch v\u00e0 c\u00e1c b\u00e0i t\u1eadp nhanh<\/td>\n<\/tr>\n<\/tbody>\n<\/table>\n<h2>Th\u00f4ng s\u1ed1 k\u1ef9 thu\u1eadt s\u1ea3n ph\u1ea9m<\/h2>\n<p><img decoding=\"async\" src=\"https:\/\/jumpropesupplier.com\/wp-content\/uploads\/2025\/09\/Adjustable_Steel_Cable_Jump_Rope_5U5EM3l8M.webp\" alt=\"D\u00e2y D\u00e2y Nh\u1ea3y Th\u00e9p \u0110i\u1ec1u Ch\u1ec9nh \u0110\u01b0\u1ee3c\" \/><\/p>\n<p>D\u00e2y nh\u1ea3y RPM \u0111\u01b0\u1ee3c ch\u1ebf t\u1ea1o \u0111\u1ec3 t\u1ed1c \u0111\u1ed9, \u0111\u1ed9 b\u1ec1n v\u00e0 s\u1ef1 tho\u1ea3i m\u00e1i. M\u1ecdi b\u1ed9 ph\u1eadn \u0111\u1ec1u \u0111\u01b0\u1ee3c thi\u1ebft k\u1ebf \u0111\u1ec3 mang l\u1ea1i v\u00f2ng quay m\u01b0\u1ee3t m\u00e0 v\u00e0 hi\u1ec7u su\u1ea5t l\u00e2u d\u00e0i, d\u00f9 b\u1ea1n t\u1eadp luy\u1ec7n cho CrossFit, boxing hay th\u1ec3 d\u1ee5c h\u00e0ng ng\u00e0y.<\/p>\n<table>\n<thead>\n<tr>\n<th>\u0110\u1eb7c \u0111i\u1ec3m<\/th>\n<th>Chi ti\u1ebft<\/th>\n<\/tr>\n<\/thead>\n<tbody>\n<tr>\n<td><strong>Chi\u1ec1u d\u00e0i d\u00e2y<\/strong><\/td>\n<td>\u0110i\u1ec1u ch\u1ec9nh t\u1eeb 8 ft \u0111\u1ebfn 10 ft ph\u00f9 h\u1ee3p v\u1edbi m\u1ecdi chi\u1ec1u cao<\/td>\n<\/tr>\n<tr>\n<td><strong>Ch\u1ea5t li\u1ec7u d\u00e2y c\u00e1p<\/strong><\/td>\n<td>D\u00e2y c\u00e1p th\u00e9p ph\u1ee7 nylon b\u1ea3o v\u1ec7 cho v\u00f2ng quay m\u01b0\u1ee3t m\u00e0, kh\u00f4ng r\u1ed1i<\/td>\n<\/tr>\n<tr>\n<td><strong>V\u1eadt li\u1ec7u x\u1eed l\u00fd<\/strong><\/td>\n<td>Nh\u1ef1a ergonomic ch\u1ecbu l\u1ef1c cao v\u1edbi kh\u1ea3 n\u0103ng ch\u1ed1ng tr\u01b0\u1ee3t<\/td>\n<\/tr>\n<tr>\n<td><strong>Lo\u1ea1i b\u1ea1c \u0111\u1ea1n<\/strong><\/td>\n<td>V\u00f2ng bi bi s\u1eaft ch\u00ednh x\u00e1c cho t\u1ed1c \u0111\u1ed9 cao v\u00e0 duy tr\u00ec t\u1ed1c \u0111\u1ed9 \u1ed5n \u0111\u1ecbnh<\/td>\n<\/tr>\n<tr>\n<td><strong>Tr\u1ecdng l\u01b0\u1ee3ng<\/strong><\/td>\n<td>150 gram (nh\u1eb9 \u0111\u1ec3 di chuy\u1ec3n nhanh ch\u00f3ng)<\/td>\n<\/tr>\n<tr>\n<td><strong>T\u00f9y ch\u1ecdn m\u00e0u s\u1eafc<\/strong><\/td>\n<td>\u0110en, \u0111\u1ecf, xanh d\u01b0\u01a1ng<\/td>\n<\/tr>\n<tr>\n<td><strong>Bao g\u1ed3m trong g\u00f3i<\/strong><\/td>\n<td>D\u00e2y nh\u1ea3y RPM, t\u00fai \u0111\u1ef1ng, s\u00e1ch h\u01b0\u1edbng d\u1eabn s\u1eed d\u1ee5ng<\/td>\n<\/tr>\n<\/tbody>\n<\/table>\n<p>Nh\u1eb9 nh\u01b0ng ch\u1eafc ch\u1eafn, d\u00e2y nh\u1ea3y RPM n\u00e0y d\u1ec5 \u0111i\u1ec1u ch\u1ec9nh, kh\u00f4ng b\u1ecb r\u1ed1i v\u00e0 c\u1ea3m gi\u00e1c t\u1ed1t khi c\u1ea7m, l\u00e0 l\u1ef1a ch\u1ecdn to\u00e0n di\u1ec7n ph\u00f9 h\u1ee3p cho b\u1ea5t k\u1ef3 ch\u1ebf \u0111\u1ed9 t\u1eadp luy\u1ec7n n\u00e0o.<\/p>\n<h2>M\u1eb9o s\u1eed d\u1ee5ng v\u00e0 b\u1ea3o tr\u00ec d\u00e2y nh\u1ea3y RPM<\/h2>\n<p><img decoding=\"async\" src=\"https:\/\/jumpropesupplier.com\/wp-content\/uploads\/2025\/09\/Jump_Rope_Usage_and_Maintenance_Tips_ZKQ4guApr.webp\" alt=\"L\u1eddi khuy\u00ean s\u1eed d\u1ee5ng v\u00e0 b\u1ea3o tr\u00ec d\u00e2y nh\u1ea3y\" \/><\/p>\n<h3>\u0110i\u1ec1u ch\u1ec9nh \u0111\u1ed9 d\u00e0i d\u00e2y<\/h3>\n<p>Ch\u1ecdn \u0111\u1ed9 d\u00e0i d\u00e2y ph\u00f9 h\u1ee3p l\u00e0 y\u1ebfu t\u1ed1 then ch\u1ed1t \u0111\u1ec3 tho\u1ea3i m\u00e1i v\u00e0 nhanh ch\u00f3ng:<\/p>\n<ul>\n<li><strong>B\u01b0\u1edbc 1:<\/strong> \u0110\u1ee9ng v\u1edbi m\u1ed9t ch\u00e2n \u1edf ch\u00ednh gi\u1eefa d\u00e2y.<\/li>\n<li><strong>B\u01b0\u1edbc 2:<\/strong> K\u00e9o tay c\u1ea7m th\u1eb3ng l\u00ean theo chi\u1ec1u d\u1ecdc c\u1ee7a c\u01a1 th\u1ec3.<\/li>\n<li><strong>B\u01b0\u1edbc 3:<\/strong> \u0110\u1ed1i v\u1edbi ng\u01b0\u1eddi m\u1edbi b\u1eaft \u0111\u1ea7u, tay c\u1ea7m n\u00ean \u0111\u1ebfn quanh n\u00e1ch. \u0110\u1ed1i v\u1edbi t\u1eadp luy\u1ec7n t\u1ed1c \u0111\u1ed9, h\u01b0\u1edbng \u0111\u1ebfn chi\u1ec1u cao ngang ng\u1ef1c.<\/li>\n<li><strong>B\u01b0\u1edbc 4:<\/strong> S\u1eed d\u1ee5ng \u1ed1c \u0111i\u1ec1u ch\u1ec9nh t\u00edch h\u1ee3p \u0111\u1ec3 r\u00fat ng\u1eafn ho\u1eb7c k\u00e9o d\u00e0i theo nhu c\u1ea7u. C\u1eaft b\u1ecf ph\u1ea7n d\u00e2y th\u1eeba n\u1ebfu mu\u1ed1n thi\u1ebft l\u1eadp g\u1ecdn g\u00e0ng h\u01a1n.<\/li>\n<\/ul>\n<h3>T\u1ed1i \u0111a h\u00f3a t\u1ed1c \u0111\u1ed9 d\u00e2y v\u00e0 ph\u00f2ng tr\u00e1nh r\u1ed1i d\u00e2y<\/h3>\n<ul>\n<li>Lu\u00f4n kh\u1edfi \u0111\u1ed9ng b\u1eb1ng v\u00e0i c\u00fa nh\u1ea3y ch\u1eadm tr\u01b0\u1edbc khi t\u0103ng t\u1ed1c t\u1ed1i \u0111a.<\/li>\n<li>Gi\u1eef khu\u1ef7u tay g\u1ea7n c\u01a1 th\u1ec3 v\u00e0 xoay t\u1eeb c\u1ed5 tay, kh\u00f4ng ph\u1ea3i vai.<\/li>\n<li>\u0110\u1eb7t d\u00e2y th\u1eb3ng ra ho\u1eb7c treo khi l\u01b0u tr\u1eef \u0111\u1ec3 tr\u00e1nh b\u1ecb xo\u1eafn.<\/li>\n<li>Tr\u00e1nh s\u1eed d\u1ee5ng d\u00e2y tr\u00ean b\u00ea t\u00f4ng th\u00f4 \u0111\u1ec3 b\u1ea3o v\u1ec7 l\u1edbp ph\u1ee7 v\u00e0 gi\u1eef cho c\u00e1c v\u00f2ng quay m\u01b0\u1ee3t m\u00e0.<\/li>\n<\/ul>\n<h3>V\u1ec7 sinh v\u00e0 B\u1ea3o tr\u00ec \u0111\u1ec3 k\u00e9o d\u00e0i tu\u1ed5i th\u1ecd<\/h3>\n<ul>\n<li>Lau d\u00e2y b\u1eb1ng kh\u0103n kh\u00f4 ho\u1eb7c h\u01a1i \u1ea9m sau khi s\u1eed d\u1ee5ng \u0111\u1ec3 lo\u1ea1i b\u1ecf m\u1ed3 h\u00f4i v\u00e0 b\u1ee5i b\u1ea9n.<\/li>\n<li>Ki\u1ec3m tra v\u00f2ng bi \u0111\u1ecbnh k\u1ef3 \u2014 m\u1ed9t ch\u00fat d\u1ea7u b\u00f4i tr\u01a1n nh\u1eb9 gi\u00fap duy tr\u00ec t\u1ed1c \u0111\u1ed9 v\u00f2ng quay cao.<\/li>\n<li>Ki\u1ec3m tra l\u1edbp ph\u1ee7 xem c\u00f3 v\u1ebft n\u1ee9t ho\u1eb7c m\u00f2n kh\u00f4ng v\u00e0 thay d\u00e2y tr\u01b0\u1edbc khi b\u1ecb s\u1eddn r\u00e1ch.<\/li>\n<li>L\u01b0u tr\u1eef d\u00e2y c\u1ee7a b\u1ea1n \u1edf n\u01a1i kh\u00f4 r\u00e1o, m\u00e1t m\u1ebb, t\u1ed1t nh\u1ea5t l\u00e0 trong t\u00fai \u0111\u1ef1ng \u0111i k\u00e8m \u0111\u1ec3 b\u1ea3o v\u1ec7 kh\u1ecfi \u0111\u1ed9 \u1ea9m v\u00e0 h\u01b0 h\u1ecfng.<\/li>\n<\/ul>\n<h2>\u0110\u00e1nh gi\u00e1 v\u00e0 L\u1eddi ch\u1ee9ng th\u1ef1c c\u1ee7a kh\u00e1ch h\u00e0ng<\/h2>\n<p><img decoding=\"async\" src=\"https:\/\/jumpropesupplier.com\/wp-content\/uploads\/2025\/09\/Jump_Rope_Speed_Durability_Reviews_NSFpDqj8x.webp\" alt=\"\u0110\u00e1nh gi\u00e1 \u0111\u1ed9 b\u1ec1n c\u1ee7a d\u00e2y nh\u1ea3y t\u1ed1c \u0111\u1ed9\" \/><\/p>\n<p>H\u1ea7u h\u1ebft kh\u00e1ch h\u00e0ng n\u00f3i r\u1eb1ng <strong>D\u00e2y nh\u1ea3y RPM<\/strong> l\u00e0 d\u00e2y nhanh nh\u1ea5t m\u00e0 h\u1ecd t\u1eebng s\u1eed d\u1ee5ng. C\u00e1c <strong>b\u1ea1c \u0111\u1ea1n t\u1ed1c \u0111\u1ed9 cao<\/strong> l\u00e0m cho m\u1ed7i v\u00f2ng quay m\u01b0\u1ee3t m\u00e0 v\u00e0 kh\u00f4ng b\u1ecb r\u1ed1i, \u0111i\u1ec1u n\u00e0y l\u00e0 m\u1ed9t l\u1ee3i th\u1ebf l\u1edbn cho nh\u1eefng ng\u01b0\u1eddi t\u1eadp luy\u1ec7n CrossFit, boxing ho\u1eb7c c\u00e1c b\u00e0i t\u1eadp c\u01b0\u1eddng \u0111\u1ed9 cao. Nhi\u1ec1u ng\u01b0\u1eddi c\u0169ng ch\u1ec9 ra r\u1eb1ng d\u00e2y c\u1ee7a <strong>tay c\u1ea7m ergonomic<\/strong> gi\u1eef ch\u1eb7t ngay c\u1ea3 trong c\u00e1c bu\u1ed5i t\u1eadp d\u00e0i, v\u00ec v\u1eady kh\u00f4ng b\u1ecb tr\u01b0\u1ee3t khi tay b\u1ea1n \u0111\u1ed5 m\u1ed3 h\u00f4i.<\/p>\n<p>D\u01b0\u1edbi \u0111\u00e2y l\u00e0 nh\u1eefng g\u00ec ng\u01b0\u1eddi d\u00f9ng th\u1ef1c s\u1ef1 n\u00f3i:<\/p>\n<ul>\n<li><em>\u201cD\u00e2y n\u00e0y \u0111\u00e3 bi\u1ebfn nh\u1eefng c\u00fa nh\u1ea3y \u0111\u00f4i c\u1ee7a t\u00f4i t\u1eeb kh\u00f3 kh\u0103n th\u00e0nh m\u01b0\u1ee3t m\u00e0 ch\u1ec9 trong m\u1ed9t tu\u1ea7n. T\u1ed1c \u0111\u1ed9 th\u1eadt \u0111i\u00ean r\u1ed3.\u201d<\/em> \u2013 Mark R., Vi\u1ec7t Nam<\/li>\n<li><em>\u201cNh\u1eb9, d\u1ec5 \u0111i\u1ec1u ch\u1ec9nh v\u00e0 c\u1ef1c k\u1ef3 b\u1ec1n b\u1ec9. T\u00f4i \u0111\u00e3 s\u1eed d\u1ee5ng h\u00e0ng ng\u00e0y trong nhi\u1ec1u th\u00e1ng, v\u00e0 n\u00f3 v\u1eabn nh\u01b0 m\u1edbi.\u201d<\/em> \u2013 Jessica L., Vi\u1ec7t Nam<\/li>\n<li><em>\u201cL\u00e0 hu\u1ea5n luy\u1ec7n vi\u00ean boxing, t\u00f4i \u0111\u00e3 th\u1eed nhi\u1ec1u lo\u1ea1i d\u00e2y. D\u00e2y n\u00e0y l\u00e0 th\u1eadt \u2014 nhanh, ch\u1eafc ch\u1eafn, kh\u00f4ng b\u1ecb r\u1ed1i.\u201d<\/em> \u2013 Hu\u1ea5n luy\u1ec7n vi\u00ean Dan M., Vi\u1ec7t Nam<\/li>\n<\/ul>\n<p>Ng\u01b0\u1eddi d\u00f9ng \u0111\u1ed3ng \u00fd r\u1eb1ng \u0111\u00e2y kh\u00f4ng ch\u1ec9 l\u00e0 m\u1ed9t chi\u1ebfc d\u00e2y nh\u1ea3y c\u01a1 b\u1ea3n. \u0110\u00f3 l\u00e0 m\u1ed9t <strong>c\u00f4ng c\u1ee5 t\u1eadp luy\u1ec7n<\/strong> \u0111\u01b0\u1ee3c thi\u1ebft k\u1ebf cho t\u1ed1c \u0111\u1ed9, \u0111\u1ed9 b\u1ec1n v\u00e0 hi\u1ec7u su\u1ea5t, l\u00e0m cho n\u00f3 x\u1ee9ng \u0111\u00e1ng v\u1edbi kho\u1ea3n \u0111\u1ea7u t\u01b0 cho c\u1ea3 ng\u01b0\u1eddi m\u1edbi b\u1eaft \u0111\u1ea7u v\u00e0 chuy\u00ean nghi\u1ec7p.<\/p>\n<h2>T\u1ea1i sao ch\u1ecdn D\u00e2y nh\u1ea3y RPM t\u1eeb JumpRopeSupplier<\/h2>\n<p><img decoding=\"async\" src=\"https:\/\/jumpropesupplier.com\/wp-content\/uploads\/2025\/09\/RPM_Jump_Rope_Supplier_Benefits_7cAS7rV0U.webp\" alt=\"L\u1ee3i \u00edch c\u1ee7a Nh\u00e0 cung c\u1ea5p D\u00e2y Nh\u1ea3y RPM\" \/><\/p>\n<p>Khi b\u1ea1n mua d\u00e2y nh\u1ea3y RPM t\u1eeb JumpRopeSupplier, b\u1ea1n nh\u1eadn \u0111\u01b0\u1ee3c nhi\u1ec1u h\u01a1n m\u1ed9t chi\u1ebfc d\u00e2y t\u1ed1c \u0111\u1ed9 \u2014 b\u1ea1n \u0111ang mua ch\u1ea5t l\u01b0\u1ee3ng m\u00e0 b\u1ea1n c\u00f3 th\u1ec3 tin t\u01b0\u1edfng. Ch\u00fang t\u00f4i \u0111\u00e3 s\u1ea3n xu\u1ea5t v\u00e0 cung c\u1ea5p d\u00e2y nh\u1ea3y trong nhi\u1ec1u n\u0103m, ph\u1ee5c v\u1ee5 t\u1eeb ng\u01b0\u1eddi m\u1edbi t\u1eadp th\u1ec3 h\u00ecnh \u0111\u1ebfn v\u1eadn \u0111\u1ed9ng vi\u00ean thi \u0111\u1ea5u tr\u00ean to\u00e0n qu\u1ed1c.<\/p>\n<p>D\u01b0\u1edbi \u0111\u00e2y l\u00e0 l\u00fd do kh\u00e1ch h\u00e0ng trung th\u00e0nh v\u1edbi ch\u00fang t\u00f4i:<\/p>\n<h3>Kinh nghi\u1ec7m trong ng\u00e0nh \u0111\u00e3 \u0111\u01b0\u1ee3c ch\u1ee9ng minh<\/h3>\n<ul>\n<li>H\u00e0ng th\u1eadp k\u1ef7 kinh nghi\u1ec7m trong thi\u1ebft k\u1ebf d\u00e2y nh\u1ea3y cho t\u1ed1c \u0111\u1ed9, \u0111\u1ed9 b\u1ec1n v\u00e0 hi\u1ec7u su\u1ea5t.<\/li>\n<li>H\u1ee3p t\u00e1c v\u1edbi ph\u00f2ng t\u1eadp gym, c\u00e2u l\u1ea1c b\u1ed9 CrossFit, c\u00e2u l\u1ea1c b\u1ed9 boxing v\u00e0 nh\u1eefng ng\u01b0\u1eddi \u0111am m\u00ea th\u1ec3 h\u00ecnh t\u1ea1i kh\u1eafp n\u01a1i.<\/li>\n<\/ul>\n<h3>Ch\u1ea5t l\u01b0\u1ee3ng \u0111\u00e1ng tin c\u1eady<\/h3>\n<ul>\n<li>M\u1ed7i s\u1ee3i d\u00e2y tr\u1ea3i qua <strong>ki\u1ec3m tra ch\u1ea5t l\u01b0\u1ee3ng nghi\u00eam ng\u1eb7t<\/strong> tr\u01b0\u1edbc khi v\u1eadn chuy\u1ec3n.<\/li>\n<li>T\u1ed1c \u0111\u1ed9 nh\u1ea5t qu\u00e1n, c\u00e2n b\u1eb1ng v\u00e0 \u0111\u1ed9 b\u1ec1n cho th\u1eddi gian d\u00e0i.<\/li>\n<li>\u0110\u01b0\u1ee3c ch\u1ebf t\u1ea1o \u0111\u1ec3 x\u1eed l\u00fd c\u00e1c bu\u1ed5i t\u1eadp luy\u1ec7n h\u00e0ng ng\u00e0y c\u01b0\u1eddng \u0111\u1ed9 cao m\u00e0 kh\u00f4ng b\u1ecb x\u01a1, g\u00e3y ho\u1eb7c ch\u1eadm l\u1ea1i.<\/li>\n<\/ul>\n<h3>Gi\u00e1 c\u1ea3 c\u1ea1nh tranh<\/h3>\n<ul>\n<li>Gi\u00e1 c\u1ea3 h\u1ee3p l\u00fd m\u00e0 kh\u00f4ng c\u1eaft gi\u1ea3m ch\u1ea5t l\u01b0\u1ee3ng v\u1eadt li\u1ec7u ho\u1eb7c hi\u1ec7u su\u1ea5t.<\/li>\n<li><strong>Gi\u1ea3m gi\u00e1 s\u1ed1 l\u01b0\u1ee3ng<\/strong> d\u00e0nh cho ph\u00f2ng t\u1eadp gym, c\u00e2u l\u1ea1c b\u1ed9 v\u00e0 ch\u01b0\u01a1ng tr\u00ecnh \u0111\u00e0o t\u1ea1o nh\u00f3m.<\/li>\n<li>T\u00f9y ch\u1ecdn \u0111\u1eb7t h\u00e0ng OEM\/ODM n\u1ebfu b\u1ea1n mu\u1ed1n th\u01b0\u01a1ng hi\u1ec7u ri\u00eang c\u1ee7a m\u00ecnh.<\/li>\n<\/ul>\n<table>\n<thead>\n<tr>\n<th>L\u1ee3i \u00edch<\/th>\n<th>Nh\u1eefng g\u00ec b\u1ea1n nh\u1eadn \u0111\u01b0\u1ee3c<\/th>\n<\/tr>\n<\/thead>\n<tbody>\n<tr>\n<td>Chuy\u00ean gia ch\u1ebf t\u1ea1o<\/td>\n<td>Thi\u1ebft k\u1ebf cho t\u1ed1c \u0111\u1ed9 &amp; ki\u1ec3m so\u00e1t<\/td>\n<\/tr>\n<tr>\n<td>\u0110\u1ed9 tin c\u1eady<\/td>\n<td>\u0110\u01b0\u1ee3c ki\u1ec3m tra v\u1ec1 \u0111\u1ed9 b\u1ec1n &amp; \u0111\u1ed9 m\u01b0\u1ee3t<\/td>\n<\/tr>\n<tr>\n<td>L\u1ef1a ch\u1ecdn ph\u00f9 h\u1ee3p v\u1edbi ng\u00e2n s\u00e1ch<\/td>\n<td>Gi\u00e1 c\u1ea3 h\u1ee3p l\u00fd + ti\u1ebft ki\u1ec7m s\u1ed1 l\u01b0\u1ee3ng l\u1edbn<\/td>\n<\/tr>\n<tr>\n<td>Gi\u1ea3i ph\u00e1p t\u00f9y ch\u1ec9nh<\/td>\n<td>C\u00f3 th\u1ec3 t\u00f9y ch\u1ec9nh th\u01b0\u01a1ng hi\u1ec7u cho \u0111\u01a1n h\u00e0ng doanh nghi\u1ec7p<\/td>\n<\/tr>\n<\/tbody>\n<\/table>\n<h2>C\u00e2u h\u1ecfi th\u01b0\u1eddng g\u1eb7p<\/h2>\n<h3>S\u1ef1 kh\u00e1c bi\u1ec7t gi\u1eefa d\u00e2y nh\u1ea3y RPM v\u00e0 d\u00e2y nh\u1ea3y th\u00f4ng th\u01b0\u1eddng l\u00e0 g\u00ec<\/h3>\n<p>D\u00e2y nh\u1ea3y RPM s\u1eed d\u1ee5ng m\u1ed9t <strong>h\u1ec7 th\u1ed1ng v\u00f2ng bi t\u1ed1c \u0111\u1ed9 cao<\/strong> gi\u00fap d\u00e2y quay nhanh h\u01a1n v\u00e0 m\u01b0\u1ee3t m\u00e0 h\u01a1n so v\u1edbi d\u00e2y th\u00f4ng th\u01b0\u1eddng. \u0110i\u1ec1u n\u00e0y mang l\u1ea1i nhi\u1ec1u v\u00f2ng quay m\u1ed7i ph\u00fat h\u01a1n, r\u1ea5t ph\u00f9 h\u1ee3p cho CrossFit, boxing v\u00e0 t\u1eadp luy\u1ec7n t\u1ed1c \u0111\u1ed9. D\u00e2y nh\u1ea3y th\u00f4ng th\u01b0\u1eddng th\u01b0\u1eddng c\u00f3 b\u1ed9 xoay \u0111\u01a1n gi\u1ea3n ho\u1eb7c kh\u00f4ng c\u00f3, \u0111i\u1ec1u n\u00e0y c\u00f3 th\u1ec3 l\u00e0m ch\u1eadm l\u1ea1i v\u00e0 g\u00e2y r\u1ed1i d\u00e2y.<\/p>\n<h3>D\u00e2y nh\u1ea3y n\u00e0y c\u00f3 th\u1ec3 d\u00e0nh cho ng\u01b0\u1eddi m\u1edbi b\u1eaft \u0111\u1ea7u kh\u00f4ng<\/h3>\n<p>C\u00f3. M\u1eb7c d\u00f9 \u0111\u01b0\u1ee3c thi\u1ebft k\u1ebf cho hi\u1ec7u su\u1ea5t cao, b\u1ea1n c\u00f3 th\u1ec3 \u0111i\u1ec1u ch\u1ec9nh t\u1ed1c \u0111\u1ed9 ph\u00f9 h\u1ee3p v\u1edbi tr\u00ecnh \u0111\u1ed9 c\u1ee7a m\u00ecnh. Ng\u01b0\u1eddi m\u1edbi b\u1eaft \u0111\u1ea7u s\u1ebd h\u01b0\u1edfng l\u1ee3i t\u1eeb s\u1ef1 quay m\u01b0\u1ee3t m\u00e0 v\u00e0 <strong>d\u00e2y c\u00e1p kh\u00f4ng g\u00e2y r\u1ed1i<\/strong>, gi\u00fap vi\u1ec7c h\u1ecdc d\u1ec5 d\u00e0ng h\u01a1n v\u00e0 \u00edt g\u00e2y th\u1ea5t v\u1ecdng h\u01a1n.<\/p>\n<h3>C\u00e1c v\u00f2ng bi RPM c\u1ea3i thi\u1ec7n t\u1ed1c \u0111\u1ed9 d\u00e2y nh\u1ea3y nh\u01b0 th\u1ebf n\u00e0o<\/h3>\n<p>C\u00e1c v\u00f2ng bi bi\u00ean ch\u00ednh x\u00e1c gi\u1ea3m ma s\u00e1t gi\u1eefa tay c\u1ea7m v\u00e0 d\u00e2y, gi\u00fap m\u1ed7i v\u00f2ng quay tr\u1edf n\u00ean hi\u1ec7u qu\u1ea3 v\u00e0 \u0111\u1ec1u \u0111\u1eb7n h\u01a1n. \u0110i\u1ec1u n\u00e0y c\u00f3 ngh\u0129a l\u00e0 ti\u00eau hao n\u0103ng l\u01b0\u1ee3ng \u00edt h\u01a1n, th\u1ef1c hi\u1ec7n double unders s\u1ea1ch s\u1ebd h\u01a1n v\u00e0 d\u00f2ng ch\u1ea3y m\u01b0\u1ee3t m\u00e0 h\u01a1n d\u00f9 b\u1ea1n \u0111i ch\u1eadm hay c\u1ed1 g\u1eafng \u0111\u1ea1t t\u1ed1c \u0111\u1ed9 t\u1ed1i \u0111a.<\/p>\n<h3>Th\u1eddi gian b\u1ea3o h\u00e0nh l\u00e0 bao l\u00e2u<\/h3>\n<p>D\u00e2y nh\u1ea3y RPM c\u1ee7a ch\u00fang t\u00f4i \u0111i k\u00e8m v\u1edbi <strong>b\u1ea3o h\u00e0nh m\u1ed9t n\u0103m<\/strong> bao g\u1ed3m c\u00e1c l\u1ed7i v\u1ec1 v\u1eadt li\u1ec7u v\u00e0 k\u1ef9 thu\u1eadt. N\u1ebfu c\u00f3 v\u1ea5n \u0111\u1ec1, ch\u1ec9 c\u1ea7n li\u00ean h\u1ec7 v\u1edbi ch\u00fang t\u00f4i v\u00e0 ch\u00fang t\u00f4i s\u1ebd s\u1eeda ch\u1eefa cho b\u1ea1n.<\/p>\n<h2>H\u00e0nh \u0111\u1ed9ng ngay<\/h2>\n<p>S\u1eb5n s\u00e0ng n\u00e2ng cao hi\u1ec7u qu\u1ea3 t\u1eadp luy\u1ec7n c\u1ee7a b\u1ea1n ch\u01b0a? H\u00e3y s\u1edf h\u1eefu <strong>D\u00e2y nh\u1ea3y RPM<\/strong> v\u00e0 c\u1ea3m nh\u1eadn s\u1ef1 kh\u00e1c bi\u1ec7t v\u1ec1 t\u1ed1c \u0111\u1ed9, ki\u1ec3m so\u00e1t v\u00e0 hi\u1ec7u su\u1ea5t. D\u00f9 b\u1ea1n y\u00eau th\u00edch CrossFit, boxing hay ch\u1ec9 mu\u1ed1n m\u1ed9t bu\u1ed5i cardio \u0111\u1ec9nh cao, chi\u1ebfc n\u00e0y <strong>D\u00e2y d\u00e2y t\u1ed1c \u0111\u1ed9 RPM cao<\/strong> \u0111\u01b0\u1ee3c x\u00e2y d\u1ef1ng \u0111\u1ec3 \u0111\u1ea1t k\u1ebft qu\u1ea3.<\/p>\n<p>H\u00e0ng t\u1ed3n kho \u0111ang b\u00e1n ch\u1ea1y \u2014 \u0111\u1eb7t h\u00e0ng h\u00f4m nay t\u1eeb <strong>Nh\u00e0 cung c\u1ea5p d\u00e2y nh\u1ea3y<\/strong>, nh\u00e0 s\u1ea3n xu\u1ea5t v\u00e0 nh\u00e0 cung c\u1ea5p d\u00e2y nh\u1ea3y \u0111\u00e1ng tin c\u1eady c\u1ee7a b\u1ea1n, v\u00e0 b\u1eaft \u0111\u1ea7u chinh ph\u1ee5c m\u1ee5c ti\u00eau th\u1ec3 h\u00ecnh c\u1ee7a b\u1ea1n.<\/p>\n<h2>S\u1ea3n ph\u1ea9m v\u00e0 Ph\u1ee5 ki\u1ec7n li\u00ean quan<\/h2>\n<p>\u0110\u1ec3 t\u1eadn d\u1ee5ng t\u1ed1i \u0111a d\u00e2y nh\u1ea3y RPM c\u1ee7a b\u1ea1n, ch\u00fang t\u00f4i c\u00f3 m\u1ed9t s\u1ed1 ph\u1ee5 ki\u1ec7n v\u00e0 ph\u1ee5 ki\u1ec7n b\u1ed5 sung gi\u00fap vi\u1ec7c t\u1eadp luy\u1ec7n tr\u1edf n\u00ean m\u01b0\u1ee3t m\u00e0 h\u01a1n, nhanh h\u01a1n v\u00e0 hi\u1ec7u qu\u1ea3 h\u01a1n.<\/p>\n<p><strong>Gi\u00e1 \u0111\u1ee1 D\u00e2y D\u00e2y T\u1ed1c \u0110\u1ed9<\/strong> \u2013 Gi\u1eef cho d\u00e2y c\u1ee7a b\u1ea1n g\u1ecdn g\u00e0ng, kh\u00f4ng r\u1ed1i v\u00e0 s\u1eb5n s\u00e0ng s\u1eed d\u1ee5ng. Ho\u00e0n h\u1ea3o cho ph\u00f2ng t\u1eadp t\u1ea1i nh\u00e0 ho\u1eb7c ph\u00f2ng t\u1eadp hu\u1ea5n luy\u1ec7n.<\/p>\n<p><strong>D\u00e2y thay th\u1ebf<\/strong> \u2013 Lu\u00f4n c\u00f3 s\u1eb5n m\u1ed9t d\u00e2y d\u1ef1 ph\u00f2ng. Thay th\u1ebf d\u1ec5 d\u00e0ng, gi\u00fap b\u1ea1n duy tr\u00ec t\u1ed1c \u0111\u1ed9 d\u00e2y t\u1ed1i \u0111a m\u00e0 kh\u00f4ng lo l\u1eafng v\u1ec1 m\u00e0i m\u00f2n ho\u1eb7c h\u01b0 h\u1ecfng.<\/p>\n<p><strong>Th\u1ea3m D\u00e2y Nh\u1ea3y<\/strong> \u2013 B\u1ea3o v\u1ec7 s\u00e0n nh\u00e0 v\u00e0 d\u00e2y c\u1ee7a b\u1ea1n. Th\u1ea3m c\u0169ng cung c\u1ea5p m\u1ed9t b\u1ec1 m\u1eb7t \u1ed5n \u0111\u1ecbnh, ch\u1ed1ng tr\u01b0\u1ee3t \u0111\u1ec3 nh\u1ea3y nhanh h\u01a1n, s\u1ea1ch h\u01a1n.<\/p>\n<p><strong>H\u01b0\u1edbng d\u1eabn t\u1eadp luy\u1ec7n v\u00e0 \u0110\u1ed3ng h\u1ed3 b\u1ea5m gi\u1edd<\/strong> \u2013 N\u00e2ng cao hi\u1ec7u qu\u1ea3 t\u1eadp luy\u1ec7n c\u1ee7a b\u1ea1n v\u1edbi c\u00e1c b\u00e0i t\u1eadp c\u00f3 c\u1ea5u tr\u00fac v\u00e0 \u0111\u1ed3ng h\u1ed3 k\u1ef9 thu\u1eadt s\u1ed1 \u0111\u1ec3 theo d\u00f5i s\u1ed1 l\u1ea7n t\u1eadp, th\u1eddi gian ngh\u1ec9 v\u00e0 ti\u1ebfn tr\u00ecnh.<\/p>\n<p>N\u1ebfu b\u1ea1n c\u1ea7n th\u00eam c\u00e1c t\u00f9y ch\u1ecdn d\u00e2y nh\u1ea3y ho\u1eb7c ph\u1ee5 ki\u1ec7n, b\u1ea1n c\u00f3 th\u1ec3 kh\u00e1m ph\u00e1 trang <a href=\"https:\/\/jumpropesupplier.com\/vi\/shops\/\">c\u1eeda h\u00e0ng c\u1ee7a ch\u00fang t\u00f4i<\/a> cho \u0111\u1ea7y \u0111\u1ee7 c\u00e1c thi\u1ebft b\u1ecb t\u1eadp luy\u1ec7n.<\/p>","protected":false},"excerpt":{"rendered":"<p>D\u00e2y nh\u1ea3y t\u1ed1c \u0111\u1ed9 cao v\u1edbi t\u1ed1c \u0111\u1ed9 quay cao, chi\u1ec1u d\u00e0i c\u00f3 th\u1ec3 \u0111i\u1ec1u ch\u1ec9nh, d\u00e2y th\u00e9p b\u1ec1n ch\u1eafc v\u00e0 v\u00f2ng bi tr\u01a1n tru cho t\u1eadp luy\u1ec7n CrossFit, boxing v\u00e0 th\u1ec3 h\u00ecnh<\/p>","protected":false},"featured_media":1952,"comment_status":"open","ping_status":"closed","template":"","meta":{"site-sidebar-layout":"default","site-content-layout":"","ast-site-content-layout":"default","site-content-style":"default","site-sidebar-style":"default","ast-global-header-display":"","ast-banner-title-visibility":"","ast-main-header-display":"","ast-hfb-above-header-display":"","ast-hfb-below-header-display":"","ast-hfb-mobile-header-display":"","site-post-title":"","ast-breadcrumbs-content":"","ast-featured-img":"","footer-sml-layout":"","ast-disable-related-posts":"","theme-transparent-header-meta":"default","adv-header-id-meta":"","stick-header-meta":"","header-above-stick-meta":"","header-main-stick-meta":"","header-below-stick-meta":"","astra-migrate-meta-layouts":"set","ast-page-background-enabled":"default","ast-page-background-meta":{"desktop":{"background-color":"var(--ast-global-color-4)","background-image":"","background-repeat":"repeat","background-position":"center center","background-size":"auto","background-attachment":"scroll","background-type":"","background-media":"","overlay-type":"","overlay-color":"","overlay-opacity":"","overlay-gradient":""},"tablet":{"background-color":"","background-image":"","background-repeat":"repeat","background-position":"center center","background-size":"auto","background-attachment":"scroll","background-type":"","background-media":"","overlay-type":"","overlay-color":"","overlay-opacity":"","overlay-gradient":""},"mobile":{"background-color":"","background-image":"","background-repeat":"repeat","background-position":"center center","background-size":"auto","background-attachment":"scroll","background-type":"","background-media":"","overlay-type":"","overlay-color":"","overlay-opacity":"","overlay-gradient":""}},"ast-content-background-meta":{"desktop":{"background-color":"var(--ast-global-color-5)","background-image":"","background-repeat":"repeat","background-position":"center center","background-size":"auto","background-attachment":"scroll","background-type":"","background-media":"","overlay-type":"","overlay-color":"","overlay-opacity":"","overlay-gradient":""},"tablet":{"background-color":"var(--ast-global-color-5)","background-image":"","background-repeat":"repeat","background-position":"center center","background-size":"auto","background-attachment":"scroll","background-type":"","background-media":"","overlay-type":"","overlay-color":"","overlay-opacity":"","overlay-gradient":""},"mobile":{"background-color":"var(--ast-global-color-5)","background-image":"","background-repeat":"repeat","background-position":"center center","background-size":"auto","background-attachment":"scroll","background-type":"","background-media":"","overlay-type":"","overlay-color":"","overlay-opacity":"","overlay-gradient":""}}},"product_brand":[],"product_cat":[18],"product_tag":[],"class_list":{"0":"post-1957","1":"product","2":"type-product","3":"status-publish","4":"has-post-thumbnail","6":"product_cat-jump-ropes","7":"desktop-align-left","8":"tablet-align-left","9":"mobile-align-left","11":"first","12":"instock","13":"shipping-taxable","14":"purchasable","15":"product-type-simple"},"_links":{"self":[{"href":"https:\/\/jumpropesupplier.com\/vi\/wp-json\/wp\/v2\/product\/1957","targetHints":{"allow":["GET"]}}],"collection":[{"href":"https:\/\/jumpropesupplier.com\/vi\/wp-json\/wp\/v2\/product"}],"about":[{"href":"https:\/\/jumpropesupplier.com\/vi\/wp-json\/wp\/v2\/types\/product"}],"replies":[{"embeddable":true,"href":"https:\/\/jumpropesupplier.com\/vi\/wp-json\/wp\/v2\/comments?post=1957"}],"wp:featuredmedia":[{"embeddable":true,"href":"https:\/\/jumpropesupplier.com\/vi\/wp-json\/wp\/v2\/media\/1952"}],"wp:attachment":[{"href":"https:\/\/jumpropesupplier.com\/vi\/wp-json\/wp\/v2\/media?parent=1957"}],"wp:term":[{"taxonomy":"product_brand","embeddable":true,"href":"https:\/\/jumpropesupplier.com\/vi\/wp-json\/wp\/v2\/product_brand?post=1957"},{"taxonomy":"product_cat","embeddable":true,"href":"https:\/\/jumpropesupplier.com\/vi\/wp-json\/wp\/v2\/product_cat?post=1957"},{"taxonomy":"product_tag","embeddable":true,"href":"https:\/\/jumpropesupplier.com\/vi\/wp-json\/wp\/v2\/product_tag?post=1957"}],"curies":[{"name":"wp","href":"https:\/\/api.w.org\/{rel}","templated":true}]}}