{"id":1965,"date":"2025-09-03T03:09:00","date_gmt":"2025-09-03T03:09:00","guid":{"rendered":"https:\/\/jumpropesupplier.com\/product\/double-under-jump-rope\/"},"modified":"2025-09-03T05:59:49","modified_gmt":"2025-09-03T05:59:49","slug":"double-under-jump-rope","status":"publish","type":"product","link":"https:\/\/jumpropesupplier.com\/vi\/product\/double-under-jump-rope\/","title":{"rendered":"D\u00e2y nh\u1ea3y \u0111\u00f4i cao c\u1ea5p cho t\u1ed1c \u0111\u1ed9 v\u00e0 hi\u1ec7u su\u1ea5t"},"content":{"rendered":"<h2>C\u00e1c t\u00ednh n\u0103ng ch\u00ednh v\u00e0 l\u1ee3i \u00edch<\/h2>\n<p>The <strong>D\u00e2y nh\u1ea3y \u0111\u00f4i<\/strong> \u0111\u01b0\u1ee3c thi\u1ebft k\u1ebf cho t\u1ed1c \u0111\u1ed9, tho\u1ea3i m\u00e1i v\u00e0 \u0111\u1ed9 b\u1ec1n, tr\u1edf th\u00e0nh l\u1ef1a ch\u1ecdn h\u00e0ng \u0111\u1ea7u cho v\u1eadn \u0111\u1ed9ng vi\u00ean, ng\u01b0\u1eddi m\u1edbi b\u1eaft \u0111\u1ea7u v\u00e0 nh\u1eefng ng\u01b0\u1eddi \u0111am m\u00ea th\u1ec3 h\u00ecnh n\u00e2ng cao. D\u00f9 b\u1ea1n th\u00edch <strong>CrossFit<\/strong>, <strong>HIIT<\/strong>, <strong>\u0111\u1ea5m b\u1ed1c<\/strong>, ho\u1eb7c c\u00e1c b\u00e0i t\u1eadp cardio chung, d\u00e2y n\u00e0y mang l\u1ea1i hi\u1ec7u su\u1ea5t b\u1ea1n c\u1ea7n.<\/p>\n<h3>D\u00e2y c\u00e1p t\u1ed1c \u0111\u1ed9 cao cho Double Under<\/h3>\n<p>D\u00e2y th\u00e9p \u0111\u01b0\u1ee3c gia c\u1ed1, ph\u1ee7 l\u1edbp b\u1ea3o v\u1ec7 \u0111\u1ea3m b\u1ea3o quay m\u01b0\u1ee3t m\u00e0, nhanh nh\u01b0 ch\u1edbp, gi\u00fap b\u1ea1n l\u00e0m ch\u1ee7 k\u1ef9 thu\u1eadt double under v\u1edbi \u00edt n\u1ed7 l\u1ef1c h\u01a1n. \u0110\u1ed9 ma s\u00e1t t\u1ed1i thi\u1ec3u v\u00e0 quay \u0111\u1ec1u li\u00ean t\u1ee5c khi\u1ebfn n\u00f3 l\u00fd t\u01b0\u1edfng cho c\u00e1c bu\u1ed5i t\u1eadp s\u1ed1 l\u01b0\u1ee3ng l\u1edbn.<\/p>\n<h3>Chi\u1ec1u d\u00e0i \u0111i\u1ec1u ch\u1ec9nh ph\u00f9 h\u1ee3p m\u1ecdi tr\u00ecnh \u0111\u1ed9<\/h3>\n<p>D\u1ec5 d\u00e0ng t\u00f9y ch\u1ec9nh chi\u1ec1u d\u00e0i d\u00e2y \u0111\u1ec3 ph\u00f9 h\u1ee3p v\u1edbi chi\u1ec1u cao v\u00e0 phong c\u00e1ch t\u1eadp luy\u1ec7n c\u1ee7a b\u1ea1n. H\u1ec7 th\u1ed1ng \u0111i\u1ec1u ch\u1ec9nh cho ph\u00e9p c\u1ea3 ng\u01b0\u1eddi m\u1edbi b\u1eaft \u0111\u1ea7u v\u00e0 chuy\u00ean nghi\u1ec7p t\u00ecm ra thi\u1ebft l\u1eadp ho\u00e0n h\u1ea3o trong v\u00f2ng v\u00e0i ph\u00fat.<\/p>\n<h3>Tay c\u1ea7m ergonomic cho s\u1ef1 tho\u1ea3i m\u00e1i<\/h3>\n<p>Tay c\u1ea7m b\u1eb1ng nh\u00f4m cao c\u1ea5p nh\u1eb9, c\u00f3 l\u1edbp silicone ch\u1ed1ng tr\u01b0\u1ee3t gi\u1ea3m m\u1ec7t m\u1ecfi tay, gi\u00fap b\u1ea1n ki\u1ec3m so\u00e1t t\u1ed1t h\u01a1n trong c\u00e1c bu\u1ed5i t\u1eadp c\u01b0\u1eddng \u0111\u1ed9 cao m\u00e0 kh\u00f4ng lo tr\u01b0\u1ee3t.<\/p>\n<h3>Ch\u1ecbu b\u1ec1n v\u00e0 ch\u1ed1ng r\u1ed1i<\/h3>\n<p>S\u1ef1 k\u1ebft h\u1ee3p gi\u1eefa v\u1eadt li\u1ec7u cao c\u1ea5p v\u00e0 thi\u1ebft k\u1ebf ch\u1ed1ng r\u1ed1i \u0111\u1ea3m b\u1ea3o d\u00e2y gi\u1eef h\u00ecnh d\u1ea1ng v\u00e0 hi\u1ec7u su\u1ea5t ngay c\u1ea3 khi s\u1eed d\u1ee5ng nhi\u1ec1u l\u1ea7n.<\/p>\n<h3>\u0110a d\u1ee5ng cho m\u1ecdi b\u00e0i t\u1eadp<\/h3>\n<p>Ho\u00e0n h\u1ea3o cho v\u1eadn \u0111\u1ed9ng vi\u00ean m\u1ecdi tr\u00ecnh \u0111\u1ed9, \u0111\u01b0\u1ee3c thi\u1ebft k\u1ebf \u0111\u1ec3 x\u1eed l\u00fd c\u00e1c b\u00e0i t\u1eadp t\u1ed1c \u0111\u1ed9, b\u1ec1n b\u1ec9 v\u00e0 c\u00e1c k\u1ef9 n\u0103ng \u0111a d\u1ea1ng trong nhi\u1ec1u m\u00f4n th\u1ec3 thao.<\/p>\n<table>\n<thead>\n<tr>\n<th>\u0110\u1eb7c \u0111i\u1ec3m<\/th>\n<th>L\u1ee3i \u00edch<\/th>\n<\/tr>\n<\/thead>\n<tbody>\n<tr>\n<td>D\u00e2y th\u00e9p t\u1ed1c \u0111\u1ed9 cao<\/td>\n<td>Quay nhanh, m\u01b0\u1ee3t m\u00e0 cho k\u1ef9 thu\u1eadt double unders<\/td>\n<\/tr>\n<tr>\n<td>Chi\u1ec1u d\u00e0i \u0111i\u1ec1u ch\u1ec9nh t\u1eeb 8-10 ft<\/td>\n<td>Ph\u00f9 h\u1ee3p m\u1ecdi chi\u1ec1u cao v\u00e0 tr\u00ecnh \u0111\u1ed9 kinh nghi\u1ec7m<\/td>\n<\/tr>\n<tr>\n<td>Tay c\u1ea7m nh\u00f4m ergonomic<\/td>\n<td>Gi\u1ea3m m\u1ec7t m\u1ecfi v\u00e0 t\u0103ng c\u01b0\u1eddng \u0111\u1ed9 b\u00e1m grip<\/td>\n<\/tr>\n<tr>\n<td>Thi\u1ebft k\u1ebf ch\u1ed1ng r\u1ed1i<\/td>\n<td>Hi\u1ec7u su\u1ea5t \u1ed5n \u0111\u1ecbnh v\u00e0 d\u1ec5 l\u01b0u tr\u1eef<\/td>\n<\/tr>\n<tr>\n<td>Ph\u00f9 h\u1ee3p cho nhi\u1ec1u m\u00f4n th\u1ec3 thao<\/td>\n<td>CrossFit, HIIT, boxing, t\u1eadp luy\u1ec7n cardio<\/td>\n<\/tr>\n<\/tbody>\n<\/table>\n<h2>Th\u00f4ng s\u1ed1 k\u1ef9 thu\u1eadt s\u1ea3n ph\u1ea9m<\/h2>\n<p><img decoding=\"async\" src=\"https:\/\/jumpropesupplier.com\/wp-content\/uploads\/2025\/09\/Adjustable_Aluminum_Jump_Rope_70KNywfzU.webp\" alt=\"D\u00e2y nh\u1ea3y nh\u00f4m c\u00f3 th\u1ec3 \u0111i\u1ec1u ch\u1ec9nh\" \/><\/p>\n<p>D\u01b0\u1edbi \u0111\u00e2y l\u00e0 nh\u1eefng g\u00ec b\u1ea1n nh\u1eadn \u0111\u01b0\u1ee3c v\u1edbi <strong>JumpRopeSupplier D\u00e2y nh\u1ea3y Double Under<\/strong>:<\/p>\n<table>\n<thead>\n<tr>\n<th>\u0110\u1eb7c \u0111i\u1ec3m<\/th>\n<th>Chi ti\u1ebft<\/th>\n<\/tr>\n<\/thead>\n<tbody>\n<tr>\n<td><strong>Ch\u1ea5t li\u1ec7u d\u00e2y<\/strong><\/td>\n<td>D\u00e2y c\u00e1p th\u00e9p ph\u1ee7 gia c\u1ed1 \u2013 ch\u1eafc ch\u1eafn, nhanh v\u00e0 ch\u1ed1ng r\u1ed1i<\/td>\n<\/tr>\n<tr>\n<td><strong>V\u1eadt li\u1ec7u x\u1eed l\u00fd<\/strong><\/td>\n<td>Nh\u00f4m cao c\u1ea5p v\u1edbi tay c\u1ea7m silicone ch\u1ed1ng tr\u01b0\u1ee3t<\/td>\n<\/tr>\n<tr>\n<td><strong>Chi\u1ec1u d\u00e0i<\/strong><\/td>\n<td>\u0110i\u1ec1u ch\u1ec9nh t\u1eeb 8 ft \u0111\u1ebfn 10 ft \u0111\u1ec3 ph\u00f9 h\u1ee3p v\u1edbi chi\u1ec1u cao kh\u00e1c nhau<\/td>\n<\/tr>\n<tr>\n<td><strong>Tr\u1ecdng l\u01b0\u1ee3ng<\/strong><\/td>\n<td>Nh\u1eb9 \u2013 kho\u1ea3ng 100g m\u1ed7i tay c\u1ea7m \u0111\u1ec3 ki\u1ec3m so\u00e1t t\u1ed1t h\u01a1n<\/td>\n<\/tr>\n<tr>\n<td><strong>M\u00e0u s\u1eafc<\/strong><\/td>\n<td>\u0110en, \u0110\u1ecf, Xanh d\u01b0\u01a1ng<\/td>\n<\/tr>\n<tr>\n<td><strong>B\u1ea3o h\u00e0nh<\/strong><\/td>\n<td>B\u1ea3o h\u00e0nh nh\u00e0 s\u1ea3n xu\u1ea5t 12 th\u00e1ng<\/td>\n<\/tr>\n<tr>\n<td><strong>Th\u01b0\u01a1ng hi\u1ec7u<\/strong><\/td>\n<td>Nh\u00e0 cung c\u1ea5p d\u00e2y nh\u1ea3y<\/td>\n<\/tr>\n<\/tbody>\n<\/table>\n<p>D\u00e2y nh\u1ea3y t\u1ed1c \u0111\u1ed9 n\u00e0y \u0111\u01b0\u1ee3c thi\u1ebft k\u1ebf cho hi\u1ec7u su\u1ea5t \u2014 \u0111\u1ee7 b\u1ec1n cho c\u00e1c bu\u1ed5i t\u1eadp CrossFit, HIIT v\u00e0 boxing h\u00e0ng ng\u00e0y, nh\u01b0ng nh\u1eb9 v\u00e0 nhanh \u0111\u1ec3 th\u1ef1c hi\u1ec7n c\u00e1c c\u00fa nh\u1ea3y \u0111\u00f4i s\u1ea1ch s\u1ebd. Chi\u1ec1u d\u00e0i c\u00f3 th\u1ec3 \u0111i\u1ec1u ch\u1ec9nh gi\u00fap c\u1ea3 ng\u01b0\u1eddi m\u1edbi b\u1eaft \u0111\u1ea7u v\u00e0 chuy\u00ean nghi\u1ec7p d\u1ec5 d\u00e0ng t\u00ecm ra thi\u1ebft l\u1eadp ph\u00f9 h\u1ee3p nh\u1ea5t.<\/p>\n<h2>H\u01b0\u1edbng d\u1eabn s\u1eed d\u1ee5ng v\u00e0 m\u1eb9o cho c\u00e1c c\u00fa nh\u1ea3y \u0111\u00f4i<\/h2>\n<h3>\u0110i\u1ec1u ch\u1ec9nh chi\u1ec1u d\u00e0i d\u00e2y \u0111\u1ec3 \u0111\u1ea1t hi\u1ec7u qu\u1ea3 t\u1ed1i \u0111a<\/h3>\n<p>Ch\u1ecdn \u0111\u00fang chi\u1ec1u d\u00e0i d\u00e2y l\u00e0 ch\u00eca kh\u00f3a cho c\u00e1c c\u00fa nh\u1ea3y \u0111\u00f4i. M\u1ed9t d\u00e2y qu\u00e1 ng\u1eafn ho\u1eb7c qu\u00e1 d\u00e0i s\u1ebd l\u00e0m ch\u1eadm b\u1ea1n l\u1ea1i. D\u01b0\u1edbi \u0111\u00e2y l\u00e0 c\u00e1ch nhanh \u0111\u1ec3 x\u00e1c \u0111\u1ecbnh k\u00edch th\u01b0\u1edbc:<\/p>\n<ul>\n<li>\u0110\u1ee9ng tr\u00ean trung t\u00e2m c\u1ee7a d\u00e2y v\u1edbi c\u1ea3 hai ch\u00e2n.<\/li>\n<li>K\u00e9o tay c\u1ea7m th\u1eb3ng l\u00ean tr\u00ean.<\/li>\n<li>C\u00e1c \u0111\u1ea7u d\u00e2y n\u00ean ch\u1ea1m t\u1edbi gi\u1eefa n\u00e1ch v\u00e0 vai c\u1ee7a b\u1ea1n.<\/li>\n<li>S\u1eed d\u1ee5ng h\u1ec7 th\u1ed1ng \u0111i\u1ec1u ch\u1ec9nh \u0111\u1ec3 th\u1ef1c hi\u1ec7n c\u00e1c thay \u0111\u1ed5i nh\u1ecf cho \u0111\u1ebfn khi c\u1ea3m th\u1ea5y v\u1eeba v\u1eb7n.<\/li>\n<\/ul>\n<h3>H\u01b0\u1edbng D\u1eabn T\u1eebng B\u01b0\u1edbc \u0111\u1ec3 L\u00e0m Ch\u1ee7 Double Unders<\/h3>\n<p>N\u1ebfu b\u1ea1n m\u1edbi b\u1eaft \u0111\u1ea7u t\u1eadp double unders, h\u00e3y ch\u1eadm r\u00e3i v\u00e0 t\u1eadp trung v\u00e0o k\u1ef9 thu\u1eadt tr\u01b0\u1edbc khi t\u0103ng t\u1ed1c:<\/p>\n<ol>\n<li><strong>B\u1eaft \u0111\u1ea7u v\u1edbi c\u00e1c l\u1ea7n nh\u1ea3y \u0111\u01a1n<\/strong> \u2013 T\u1ea1o nh\u1ecbp \u0111i\u1ec7u \u0111\u1ec1u \u0111\u1eb7n tr\u01b0\u1edbc.<\/li>\n<li><strong>Nh\u1ea3y nh\u1eb9 v\u00e0 gi\u1eef d\u00e1ng cao<\/strong> \u2013 Gi\u1eef c\u00e1c c\u00fa nh\u1ea3y th\u1ea5p v\u00e0 ki\u1ec3m so\u00e1t.<\/li>\n<li><strong>L\u1eafc c\u1ed5 tay<\/strong> \u2013 T\u1ed1c \u0111\u1ed9 c\u1ee7a d\u00e2y \u0111\u1ebfn t\u1eeb c\u1ed5 tay c\u1ee7a b\u1ea1n, kh\u00f4ng ph\u1ea3i c\u00e1nh tay.<\/li>\n<li><strong>M\u1ed9t l\u1ea7n double under m\u1ed7i l\u1ea7n<\/strong> \u2013 K\u1ebft h\u1ee3p nh\u1ea3y \u0111\u01a1n v\u00e0 double unders cho \u0111\u1ebfn khi th\u00e0nh th\u1ea1o.<\/li>\n<li><strong>X\u00e2y d\u1ef1ng s\u1ef1 nh\u1ea5t qu\u00e1n<\/strong> \u2013 T\u0103ng s\u1ed1 l\u1ea7n double unders li\u00ean ti\u1ebfp theo th\u1eddi gian.<\/li>\n<\/ol>\n<h3>M\u1eb9o B\u1ea3o Tr\u00ec \u0111\u1ec3 \u0110\u1ed9 B\u1ec1n v\u00e0 Hi\u1ec7u Su\u1ea5t Cao<\/h3>\n<p>\u0110\u1ec3 gi\u1eef d\u00e2y cao su t\u1ed1c \u0111\u1ed9 cao c\u1ee7a b\u1ea1n lu\u00f4n trong t\u00ecnh tr\u1ea1ng t\u1ed1t nh\u1ea5t:<\/p>\n<ul>\n<li>S\u1eed d\u1ee5ng tr\u00ean c\u00e1c b\u1ec1 m\u1eb7t ph\u1eb3ng nh\u01b0 s\u00e0n ph\u00f2ng t\u1eadp ho\u1eb7c th\u1ea3m nh\u1ea3y d\u00e2y \u0111\u1ec3 tr\u00e1nh b\u1ecb s\u1eddn r\u00e1ch.<\/li>\n<li>Lau ch\u00f9i tay c\u1ea7m v\u00e0 d\u00e2y sau khi t\u1eadp \u0111\u1ec3 lo\u1ea1i b\u1ecf m\u1ed3 h\u00f4i v\u00e0 b\u1ee5i b\u1ea9n.<\/li>\n<li>L\u01b0u tr\u1eef d\u00e2y c\u1ee7a b\u1ea1n cu\u1ed9n l\u1ecfng \u0111\u1ec3 tr\u00e1nh b\u1ecb g\u1eadp kh\u00fac v\u00e0 r\u1ed1i d\u00e2y.<\/li>\n<li>Ki\u1ec3m tra v\u00edt v\u00e0 \u0111\u1ea7u c\u00e1p th\u01b0\u1eddng xuy\u00ean \u0111\u1ec3 \u0111\u1ea3m b\u1ea3o ch\u1eafc ch\u1eafn.<\/li>\n<\/ul>\n<h2>\u0110\u00e1nh gi\u00e1 v\u00e0 L\u1eddi ch\u1ee9ng th\u1ef1c c\u1ee7a kh\u00e1ch h\u00e0ng<\/h2>\n<p>H\u1ea7u h\u1ebft kh\u00e1ch h\u00e0ng c\u1ee7a ch\u00fang t\u00f4i \u0111\u1ec1u nghi\u00eam t\u00fac v\u1edbi vi\u1ec7c t\u1eadp luy\u1ec7n \u2014 t\u1eeb v\u1eadn \u0111\u1ed9ng vi\u00ean CrossFit \u0111\u1ebfn nh\u1eefng ng\u01b0\u1eddi y\u00eau th\u00edch th\u1ec3 h\u00ecnh h\u00e0ng ng\u00e0y \u2014 v\u00e0 ph\u1ea3n h\u1ed3i v\u1ec1 <strong>d\u00e2y nh\u1ea3y double under<\/strong> n\u00f3i l\u00ean nhi\u1ec1u v\u1ec1 hi\u1ec7u su\u1ea5t c\u1ee7a n\u00f3.<\/p>\n<p><strong>V\u1ec1 t\u1ed1c \u0111\u1ed9:<\/strong> Nhi\u1ec1u ng\u01b0\u1eddi d\u00f9ng ch\u1ec9 ra r\u1eb1ng <strong>d\u00e2y c\u00e1p t\u1ed1c \u0111\u1ed9 cao<\/strong> gi\u00fap h\u1ecd th\u1ef1c hi\u1ec7n c\u00e1c c\u00fa nh\u1ea3y double under \u0111\u1ec1u \u0111\u1eb7n m\u00e0 kh\u00f4ng b\u1ecb m\u1eafc ho\u1eb7c m\u1ea5t nh\u1ecbp. C\u00e1c v\u1eadn \u0111\u1ed9ng vi\u00ean n\u00f3i r\u1eb1ng n\u00f3 quay m\u01b0\u1ee3t m\u00e0 v\u00e0 ph\u1ee5c h\u1ed3i nhanh ch\u00f3ng, gi\u00fap duy tr\u00ec nh\u1ecbp \u0111\u1ed9 trong qu\u00e1 tr\u00ecnh t\u1eadp luy\u1ec7n.<\/p>\n<p><strong>V\u1ec1 \u0111\u1ed9 b\u1ec1n:<\/strong> Kh\u00e1ch h\u00e0ng \u0111\u1ec1 c\u1eadp \u0111\u1ebfn <strong>d\u00e2y c\u00e1p th\u00e9p ph\u1ee7 gia c\u1ed1<\/strong> ch\u1ecbu \u0111\u1ef1ng t\u1ed1t ngay c\u1ea3 sau nhi\u1ec1u th\u00e1ng s\u1eed d\u1ee5ng tr\u00ean c\u00e1c b\u1ec1 m\u1eb7t kh\u00e1c nhau. M\u1ed9t s\u1ed1 \u0111\u00e1nh gi\u00e1 nh\u1ea5n m\u1ea1nh r\u1eb1ng n\u00f3 kh\u00f4ng b\u1ecb g\u1eadp ho\u1eb7c r\u1ed1i, gi\u00fap ti\u1ebft ki\u1ec7m th\u1eddi gian gi\u1eefa c\u00e1c hi\u1ec7p t\u1eadp.<\/p>\n<p><strong>V\u1ec1 s\u1ef1 tho\u1ea3i m\u00e1i:<\/strong> The <strong>tay c\u1ea7m b\u1eb1ng nh\u00f4m ergonomics v\u1edbi l\u1edbp cao su silicon<\/strong> \u0111\u01b0\u1ee3c \u0111\u00e1nh gi\u00e1 cao v\u1ec1 kh\u1ea3 n\u0103ng gi\u1ea3m m\u1ecfi tay. C\u00e1c bu\u1ed5i t\u1eadp d\u00e0i c\u1ea3m th\u1ea5y d\u1ec5 d\u00e0ng h\u01a1n v\u00ec tay c\u1ea7m nh\u1eb9 nh\u01b0ng ch\u1eafc ch\u1eafn.<\/p>\n<p>D\u01b0\u1edbi \u0111\u00e2y l\u00e0 nh\u1eefng chia s\u1ebb c\u1ee7a m\u1ed9t s\u1ed1 ng\u01b0\u1eddi:<\/p>\n<ul>\n<li>\u201cD\u00e2y nh\u1ea3y t\u1ed1t nh\u1ea5t t\u00f4i t\u1eebng d\u00f9ng \u0111\u1ec3 nh\u1ea3y double under \u2014 quay nhanh v\u00e0 m\u01b0\u1ee3t m\u00e0.\u201d<\/li>\n<li>\u201cT\u00f4i \u0111\u00e3 d\u00f9ng qua nhi\u1ec1u lo\u1ea1i d\u00e2y, nh\u01b0ng chi\u1ebfc n\u00e0y v\u1eabn nh\u01b0 m\u1edbi sau nhi\u1ec1u th\u00e1ng.\u201d<\/li>\n<li>\u201cCh\u1ea5t l\u01b0\u1ee3ng c\u1ea7m n\u1eafm v\u00e0 c\u00e2n b\u1eb1ng ho\u00e0n h\u1ea3o. Tay t\u00f4i kh\u00f4ng tr\u01b0\u1ee3t, ngay c\u1ea3 khi \u0111\u1ed5 m\u1ed3 h\u00f4i.\u201d<\/li>\n<\/ul>\n<h2>D\u00e2y nh\u1ea3y Double Under c\u1ee7a JumpRopeSupplier so v\u1edbi c\u00e1c lo\u1ea1i d\u00e2y truy\u1ec1n th\u1ed1ng<\/h2>\n<p><img decoding=\"async\" src=\"https:\/\/jumpropesupplier.com\/wp-content\/uploads\/2025\/09\/Double_under_vs_traditional_jump_ropes_6AoInywBp.webp\" alt=\"Nh\u1ea3y \u0111\u00f4i so v\u1edbi d\u00e2y nh\u1ea3y truy\u1ec1n th\u1ed1ng\" \/><\/p>\n<p>N\u1ebfu b\u1ea1n \u0111\u00e3 t\u1eebng th\u1eed nh\u1ea3y d\u00e2y \u0111\u00f4i v\u1edbi d\u00e2y PVC ho\u1eb7c cotton c\u01a1 b\u1ea3n, b\u1ea1n bi\u1ebft c\u1ea3m gi\u00e1c th\u1ea5t v\u1ecdng nh\u01b0 th\u1ebf n\u00e0o. A <strong>d\u00e2y nh\u1ea3y double under<\/strong> \u0111\u01b0\u1ee3c thi\u1ebft k\u1ebf \u0111\u1ec3 t\u1ed1c \u0111\u1ed9, \u0111\u1ed9 ch\u00ednh x\u00e1c v\u00e0 hi\u1ec7u qu\u1ea3 \u2014 t\u1ea5t c\u1ea3 nh\u1eefng \u0111i\u1ec1u m\u00e0 d\u00e2y ti\u00eau chu\u1ea9n kh\u00f4ng th\u1ec3 s\u00e1nh b\u1eb1ng. D\u01b0\u1edbi \u0111\u00e2y l\u00e0 m\u1ed9t ph\u00e2n t\u00edch nhanh:<\/p>\n<table>\n<thead>\n<tr>\n<th>\u0110\u1eb7c \u0111i\u1ec3m<\/th>\n<th>D\u00e2y Nh\u1ea3y \u0110\u00f4i c\u1ee7a Nh\u00e0 Cung C\u1ea5p JumpRope<\/th>\n<th>D\u00e2y nh\u1ea3y truy\u1ec1n th\u1ed1ng<\/th>\n<\/tr>\n<\/thead>\n<tbody>\n<tr>\n<td><strong>T\u1ed1c \u0111\u1ed9<\/strong><\/td>\n<td>D\u00e2y c\u00e1p th\u00e9p ph\u1ee7 t\u1ed1c \u0111\u1ed9 cao \u0111\u1ec3 quay nhanh h\u01a1n<\/td>\n<td>Quay ch\u1eadm h\u01a1n, t\u1ea1o l\u1ef1c c\u1ea3n nhi\u1ec1u h\u01a1n<\/td>\n<\/tr>\n<tr>\n<td><strong>Tay c\u1ea7m<\/strong><\/td>\n<td>Nh\u00f4m nh\u1eb9 v\u1edbi tay c\u1ea7m silicon<\/td>\n<td>Nh\u1ef1a ho\u1eb7c x\u1ed1p, \u00edt b\u1ec1n h\u01a1n<\/td>\n<\/tr>\n<tr>\n<td><strong>\u0110i\u1ec1u ch\u1ec9nh<\/strong><\/td>\n<td>\u0110i\u1ec1u ch\u1ec9nh chi\u1ec1u d\u00e0i nhanh ch\u00f3ng (8\u201310 ft)<\/td>\n<td>H\u1ea1n ch\u1ebf ho\u1eb7c kh\u00f4ng th\u1ec3 \u0111i\u1ec1u ch\u1ec9nh<\/td>\n<\/tr>\n<tr>\n<td><strong>\u0110\u1ed9 b\u1ec1n<\/strong><\/td>\n<td>D\u00e2y c\u00e1p ch\u1ed1ng r\u1ed1i, gia c\u1ed1<\/td>\n<td>D\u1ec5 b\u1ecb x\u00f9 l\u00f4ng v\u00e0 cong v\u00eanh<\/td>\n<\/tr>\n<tr>\n<td><strong>Hi\u1ec7u su\u1ea5t<\/strong><\/td>\n<td>Thi\u1ebft k\u1ebf cho nh\u1ea3y \u0111\u00f4i, CrossFit, HIIT, boxing<\/td>\n<td>C\u00e1c b\u00e0i t\u1eadp cardio c\u01a1 b\u1ea3n v\u00e0 th\u01b0 gi\u00e3n<\/td>\n<\/tr>\n<\/tbody>\n<\/table>\n<h3>Khi n\u00e0o n\u00ean n\u00e2ng c\u1ea5p<\/h3>\n<p>B\u1ea1n n\u00ean xem x\u00e9t chuy\u1ec3n sang m\u1ed9t <strong>d\u00e2y nh\u1ea3y chuy\u00ean nghi\u1ec7p cho nh\u1ea3y \u0111\u00f4i<\/strong> n\u1ebfu:<\/p>\n<ul>\n<li>B\u1ea1n \u0111\u00e3 s\u1eb5n s\u00e0ng \u0111\u1ec3 n\u00e2ng cao t\u1ed1c \u0111\u1ed9 v\u00e0 hi\u1ec7u qu\u1ea3 trong t\u1eadp luy\u1ec7n<\/li>\n<li>B\u1ea1n \u0111ang t\u1eadp luy\u1ec7n cho CrossFit, HIIT ho\u1eb7c boxing<\/li>\n<li>D\u00e2y c\u1ee7a b\u1ea1n hi\u1ec7n t\u1ea1i c\u1ea3m th\u1ea5y n\u1eb7ng, ch\u1eadm ho\u1eb7c m\u1ea5t c\u00e2n b\u1eb1ng<\/li>\n<li>B\u1ea1n g\u1eb7p kh\u00f3 kh\u0103n v\u1edbi vi\u1ec7c gi\u1eef nh\u1ecbp double under \u0111\u1ec1u \u0111\u1eb7n<\/li>\n<li>B\u1ea1n mu\u1ed1n c\u00f3 \u0111\u1ed9 b\u00e1m t\u1ed1t h\u01a1n v\u00e0 \u00edt m\u1ec7t m\u1ecfi h\u01a1n trong c\u00e1c set d\u00e0i h\u01a1n<\/li>\n<\/ul>\n<p>M\u1ed9t lo\u1ea1i chuy\u00ean d\u1ee5ng <strong>d\u00e2y nh\u1ea3y t\u1ed1c \u0111\u1ed9<\/strong> kh\u00f4ng ch\u1ec9 gi\u00fap th\u1ef1c hi\u1ec7n double under d\u1ec5 d\u00e0ng h\u01a1n\u2014n\u00f3 c\u00f2n l\u00e0m cho ch\u00fang m\u01b0\u1ee3t m\u00e0, \u0111\u1ec1u \u0111\u1eb7n v\u00e0 d\u1ec5 l\u00e0m ch\u1ee7 h\u01a1n.<\/p>\n<h2>H\u00e0nh \u0111\u1ed9ng ngay<\/h2>\n<p>S\u1eb5n s\u00e0ng chinh ph\u1ee5c double under c\u1ee7a b\u1ea1n ch\u01b0a? H\u00e3y l\u1ea5y <strong>d\u00e2y nh\u1ea3y double under t\u1ed1t nh\u1ea5t<\/strong> ngay h\u00f4m nay v\u00e0 c\u1ea3m nh\u1eadn s\u1ef1 kh\u00e1c bi\u1ec7t v\u1ec1 t\u1ed1c \u0111\u1ed9, tho\u1ea3i m\u00e1i v\u00e0 \u0111\u1ed9 b\u1ec1n. Trong th\u1eddi gian <strong>gi\u1edbi h\u1ea1n<\/strong>, h\u00e3y t\u1eadn h\u01b0\u1edfng <strong>mi\u1ec5n ph\u00ed v\u1eadn chuy\u1ec3n cho \u0111\u01a1n h\u00e0ng tr\u00ean $50<\/strong> b\u1ea5t c\u1ee9 n\u01a1i n\u00e0o t\u1ea1i Vi\u1ec7t Nam<\/p>\n<p>N\u1ebfu b\u1ea1n \u0111i\u1ec1u h\u00e0nh ph\u00f2ng t\u1eadp, hu\u1ea5n luy\u1ec7n vi\u00ean ho\u1eb7c \u0111\u00e0o t\u1ea1o nh\u00f3m, ch\u00fang t\u00f4i c\u0169ng cung c\u1ea5p <strong>gi\u1ea3m gi\u00e1 mua s\u1ed1 l\u01b0\u1ee3ng l\u1edbn<\/strong> \u0111\u1ec3 to\u00e0n \u0111\u1ed9i c\u1ee7a b\u1ea1n c\u00f3 th\u1ec3 trang b\u1ecb d\u00e2y nh\u1ea3y chuy\u00ean nghi\u1ec7p m\u00e0 kh\u00f4ng c\u1ea7n chi ti\u00eau qu\u00e1 nhi\u1ec1u.<\/p>\n<h2>C\u00e2u h\u1ecfi th\u01b0\u1eddng g\u1eb7p<\/h2>\n<h3>Ng\u01b0\u1eddi m\u1edbi c\u00f3 th\u1ec3 s\u1eed d\u1ee5ng d\u00e2y n\u00e0y \u0111\u1ec3 th\u1ef1c hi\u1ec7n double under kh\u00f4ng?<\/h3>\n<p>C\u00f3. D\u00e2y nh\u1ea3y \u0111i\u1ec1u ch\u1ec9nh n\u00e0y \u0111\u01b0\u1ee3c thi\u1ebft k\u1ebf cho c\u1ea3 ng\u01b0\u1eddi m\u1edbi b\u1eaft \u0111\u1ea7u v\u00e0 v\u1eadn \u0111\u1ed9ng vi\u00ean n\u00e2ng cao. N\u1ebfu b\u1ea1n m\u1edbi b\u1eaft \u0111\u1ea7u, b\u1ea1n c\u00f3 th\u1ec3 gi\u1ea3m t\u1ed1c \u0111\u1ed9 v\u00e0 \u0111i\u1ec1u ch\u1ec9nh \u0111\u1ed9 d\u00e0i d\u00e2y d\u00e0i h\u01a1n m\u1ed9t ch\u00fat \u0111\u1ec3 c\u00f3 nhi\u1ec1u th\u1eddi gian h\u01a1n gi\u1eefa c\u00e1c c\u00fa swing. Theo th\u1eddi gian, b\u1ea1n c\u00f3 th\u1ec3 r\u00fat ng\u1eafn l\u1ea1i v\u00e0 t\u0103ng t\u1ed1c.<\/p>\n<h3>C\u00f3 ph\u00f9 h\u1ee3p \u0111\u1ec3 s\u1eed d\u1ee5ng ngo\u00e0i tr\u1eddi v\u00e0 trong nh\u00e0 kh\u00f4ng?<\/h3>\n<p>Ch\u1eafc ch\u1eafn r\u1ed3i. D\u00e2y c\u00e1p th\u00e9p ph\u1ee7 gia c\u1ed1 ho\u1ea1t \u0111\u1ed9ng t\u1ed1t tr\u00ean h\u1ea7u h\u1ebft c\u00e1c b\u1ec1 m\u1eb7t. \u0110\u1ed1i v\u1edbi s\u1eed d\u1ee5ng ngo\u00e0i tr\u1eddi, h\u00e3y s\u1eed d\u1ee5ng tr\u00ean b\u00ea t\u00f4ng ph\u1eb3ng, s\u00e0n ph\u00f2ng t\u1eadp ho\u1eb7c th\u1ea3m nh\u1ea3y \u0111\u1ec3 b\u1ea3o v\u1ec7 l\u1edbp ph\u1ee7 c\u1ee7a d\u00e2y v\u00e0 k\u00e9o d\u00e0i tu\u1ed5i th\u1ecd. Trong nh\u00e0, s\u00e0n g\u1ed7, g\u1ea1ch ho\u1eb7c s\u00e0n cao su c\u1ee7a ph\u00f2ng t\u1eadp l\u00e0 l\u00fd t\u01b0\u1edfng.<\/p>\n<h3>L\u00e0m th\u1ebf n\u00e0o \u0111\u1ec3 ch\u1ecdn \u0111\u1ed9 d\u00e0i d\u00e2y ph\u00f9 h\u1ee3p?<\/h3>\n<ul>\n<li>\u0110\u1ee9ng \u1edf gi\u1eefa d\u00e2y v\u1edbi m\u1ed9t ch\u00e2n<\/li>\n<li>K\u00e9o tay c\u1ea7m th\u1eb3ng l\u00ean theo chi\u1ec1u d\u1ecdc c\u01a1 th\u1ec3 c\u1ee7a b\u1ea1n<\/li>\n<li>D\u00e0nh cho ng\u01b0\u1eddi m\u1edbi b\u1eaft \u0111\u1ea7u: tay c\u1ea7m n\u00ean ch\u1ea1m \u0111\u1ebfn g\u1ea7n vai c\u1ee7a b\u1ea1n<\/li>\n<li>D\u00e0nh cho ng\u01b0\u1eddi n\u00e2ng cao: tay c\u1ea7m c\u00f3 th\u1ec3 n\u1eb1m quanh v\u00f9ng gi\u1eefa ng\u1ef1c \u0111\u1ec3 quay nhanh h\u01a1n<br \/>\nD\u00e2y nh\u1ea3y \u0111i\u1ec1u ch\u1ec9nh n\u00e0y cho ph\u00e9p b\u1ea1n tinh ch\u1ec9nh \u0111\u1ed9 d\u00e0i trong v\u00e0i gi\u00e2y.<\/li>\n<\/ul>\n<h3>Ch\u00ednh s\u00e1ch thay th\u1ebf v\u00e0 b\u1ea3o h\u00e0nh<\/h3>\n<p>M\u1ed7i s\u1ee3i d\u00e2y \u0111i k\u00e8m v\u1edbi <strong>B\u1ea3o h\u00e0nh nh\u00e0 s\u1ea3n xu\u1ea5t 12 th\u00e1ng<\/strong> t\u1eeb Nh\u00e0 cung c\u1ea5p D\u00e2y Nh\u1ea3y. D\u00e2y thay th\u1ebf c\u00f3 s\u1eb5n n\u1ebfu d\u00e2y c\u1ee7a b\u1ea1n b\u1ecb m\u00f2n do s\u1eed d\u1ee5ng nhi\u1ec1u. Ch\u1ec9 c\u1ea7n li\u00ean h\u1ec7 b\u1ed9 ph\u1eadn h\u1ed7 tr\u1ee3 kh\u00e1ch h\u00e0ng v\u1edbi th\u00f4ng tin \u0111\u01a1n h\u00e0ng c\u1ee7a b\u1ea1n, h\u1ecd s\u1ebd gi\u00fap \u0111\u1ee1 v\u1edbi vi\u1ec7c thay th\u1ebf ho\u1eb7c y\u00eau c\u1ea7u b\u1ea3o h\u00e0nh.<\/p>\n<h2>S\u1ea3n ph\u1ea9m v\u00e0 Ph\u1ee5 ki\u1ec7n li\u00ean quan<\/h2>\n<p>N\u1ebfu b\u1ea1n t\u1eadp luy\u1ec7n th\u01b0\u1eddng xuy\u00ean ho\u1eb7c coi tr\u1ecdng <strong>d\u00e2y nh\u1ea3y double under<\/strong> c\u00e1c bu\u1ed5i t\u1eadp c\u1ee7a m\u00ecnh, m\u1ed9t v\u00e0i ph\u1ee5 ki\u1ec7n c\u00f3 th\u1ec3 t\u1ea1o ra s\u1ef1 kh\u00e1c bi\u1ec7t l\u1edbn v\u1ec1 hi\u1ec7u su\u1ea5t v\u00e0 tu\u1ed5i th\u1ecd c\u1ee7a d\u00e2y. D\u01b0\u1edbi \u0111\u00e2y l\u00e0 m\u1ed9t s\u1ed1 l\u1ef1a ch\u1ecdn \u0111\u00e1ng \u0111\u1ec3 xem x\u00e9t:<\/p>\n<ul>\n<li><strong>D\u00e2y thay th\u1ebf:<\/strong> Ngay c\u1ea3 nh\u1eefng d\u00e2y b\u1ec1n nh\u1ea5t <strong>d\u00e2y nh\u1ea3y t\u1ed1c \u0111\u1ed9<\/strong> c\u0169ng s\u1ebd m\u00f2n theo th\u1eddi gian, \u0111\u1eb7c bi\u1ec7t khi s\u1eed d\u1ee5ng n\u1eb7ng trong CrossFit ho\u1eb7c HIIT. Thay d\u00e2y th\u00e9p ph\u1ee7 t\u1ed1c \u0111\u1ed9 cao m\u1edbi gi\u00fap d\u00e2y c\u1ee7a b\u1ea1n c\u1ea3m th\u1ea5y nhanh v\u00e0 ph\u1ea3n h\u1ed3i t\u1ed1t m\u00e0 kh\u00f4ng c\u1ea7n ph\u1ea3i mua b\u1ed9 m\u1edbi ho\u00e0n to\u00e0n.<\/li>\n<li><strong>Th\u1ea3m v\u00e0 s\u00e0n t\u1eadp d\u00e2y nh\u1ea3y:<\/strong> B\u1ec1 m\u1eb7t b\u00ea t\u00f4ng, nh\u1ef1a \u0111\u01b0\u1eddng v\u00e0 c\u00e1c b\u1ec1 m\u1eb7t th\u00f4 r\u00e1p c\u00f3 th\u1ec3 l\u00e0m m\u00f2n d\u00e2y nhanh ch\u00f3ng. M\u1ed9t chi\u1ebfc th\u1ea3m d\u00e2y nh\u1ea3y kh\u00f4ng ch\u1ec9 b\u1ea3o v\u1ec7 d\u00e2y m\u00e0 c\u00f2n gi\u00fap gi\u1ea3m s\u1ed1c, l\u00e0m cho bu\u1ed5i t\u1eadp cardio c\u1ee7a b\u1ea1n d\u1ec5 ch\u1ecbu h\u01a1n cho c\u00e1c kh\u1edbp. Th\u00edch h\u1ee3p cho c\u1ea3 trong nh\u00e0 v\u00e0 ngo\u00e0i tr\u1eddi.<\/li>\n<li><strong>H\u1ed9p \u0111\u1ef1ng mang theo:<\/strong> M\u1ed9t h\u1ed9p \u0111\u1ef1ng \u0111\u01a1n gi\u1ea3n gi\u00fap tr\u00e1nh r\u1ed1i, xo\u1eafn v\u00e0 s\u1ee3i d\u00e2y b\u1ecb fray khi b\u1ecf v\u00e0o t\u00fai t\u1eadp. N\u00f3 c\u0169ng gi\u00fap gi\u1eef cho tay c\u1ea7m c\u1ee7a b\u1ea1n s\u1ea1ch s\u1ebd v\u00e0 s\u1eb5n s\u00e0ng cho bu\u1ed5i t\u1eadp ti\u1ebfp theo.<\/li>\n<\/ul>\n<p>Nh\u1eefng ph\u1ee5 ki\u1ec7n n\u00e0y gi\u00fap b\u1ea1n t\u1eadn d\u1ee5ng t\u1ed1i \u0111a <strong>d\u00e2y nh\u1ea3y \u0111i\u1ec1u ch\u1ec9nh cho c\u00e1c c\u00fa nh\u1ea3y \u0111\u00f4i<\/strong> v\u00e0 l\u00e0m cho vi\u1ec7c t\u1eadp luy\u1ec7n \u1edf b\u1ea5t c\u1ee9 \u0111\u00e2u tr\u1edf n\u00ean ti\u1ec7n l\u1ee3i h\u01a1n.<\/p>","protected":false},"excerpt":{"rendered":"<p>D\u00e2y nh\u1ea3y \u0111\u00f4i cao c\u1ea5p c\u00f3 th\u1ec3 \u0111i\u1ec1u ch\u1ec9nh \u0111\u1ed9 d\u00e0i, d\u00e2y c\u00e1p b\u1ec1n v\u00e0 tay c\u1ea7m ergonomic cho t\u1ed1c \u0111\u1ed9, linh ho\u1ea1t v\u00e0 th\u1ec3 l\u1ef1c tim m\u1ea1ch<\/p>","protected":false},"featured_media":2066,"comment_status":"open","ping_status":"closed","template":"","meta":{"site-sidebar-layout":"default","site-content-layout":"","ast-site-content-layout":"default","site-content-style":"default","site-sidebar-style":"default","ast-global-header-display":"","ast-banner-title-visibility":"","ast-main-header-display":"","ast-hfb-above-header-display":"","ast-hfb-below-header-display":"","ast-hfb-mobile-header-display":"","site-post-title":"","ast-breadcrumbs-content":"","ast-featured-img":"","footer-sml-layout":"","ast-disable-related-posts":"","theme-transparent-header-meta":"default","adv-header-id-meta":"","stick-header-meta":"","header-above-stick-meta":"","header-main-stick-meta":"","header-below-stick-meta":"","astra-migrate-meta-layouts":"set","ast-page-background-enabled":"default","ast-page-background-meta":{"desktop":{"background-color":"var(--ast-global-color-4)","background-image":"","background-repeat":"repeat","background-position":"center center","background-size":"auto","background-attachment":"scroll","background-type":"","background-media":"","overlay-type":"","overlay-color":"","overlay-opacity":"","overlay-gradient":""},"tablet":{"background-color":"","background-image":"","background-repeat":"repeat","background-position":"center center","background-size":"auto","background-attachment":"scroll","background-type":"","background-media":"","overlay-type":"","overlay-color":"","overlay-opacity":"","overlay-gradient":""},"mobile":{"background-color":"","background-image":"","background-repeat":"repeat","background-position":"center center","background-size":"auto","background-attachment":"scroll","background-type":"","background-media":"","overlay-type":"","overlay-color":"","overlay-opacity":"","overlay-gradient":""}},"ast-content-background-meta":{"desktop":{"background-color":"var(--ast-global-color-5)","background-image":"","background-repeat":"repeat","background-position":"center center","background-size":"auto","background-attachment":"scroll","background-type":"","background-media":"","overlay-type":"","overlay-color":"","overlay-opacity":"","overlay-gradient":""},"tablet":{"background-color":"var(--ast-global-color-5)","background-image":"","background-repeat":"repeat","background-position":"center center","background-size":"auto","background-attachment":"scroll","background-type":"","background-media":"","overlay-type":"","overlay-color":"","overlay-opacity":"","overlay-gradient":""},"mobile":{"background-color":"var(--ast-global-color-5)","background-image":"","background-repeat":"repeat","background-position":"center center","background-size":"auto","background-attachment":"scroll","background-type":"","background-media":"","overlay-type":"","overlay-color":"","overlay-opacity":"","overlay-gradient":""}}},"product_brand":[],"product_cat":[18],"product_tag":[],"class_list":{"0":"post-1965","1":"product","2":"type-product","3":"status-publish","4":"has-post-thumbnail","6":"product_cat-jump-ropes","7":"desktop-align-left","8":"tablet-align-left","9":"mobile-align-left","11":"first","12":"instock","13":"shipping-taxable","14":"purchasable","15":"product-type-simple"},"_links":{"self":[{"href":"https:\/\/jumpropesupplier.com\/vi\/wp-json\/wp\/v2\/product\/1965","targetHints":{"allow":["GET"]}}],"collection":[{"href":"https:\/\/jumpropesupplier.com\/vi\/wp-json\/wp\/v2\/product"}],"about":[{"href":"https:\/\/jumpropesupplier.com\/vi\/wp-json\/wp\/v2\/types\/product"}],"replies":[{"embeddable":true,"href":"https:\/\/jumpropesupplier.com\/vi\/wp-json\/wp\/v2\/comments?post=1965"}],"wp:featuredmedia":[{"embeddable":true,"href":"https:\/\/jumpropesupplier.com\/vi\/wp-json\/wp\/v2\/media\/2066"}],"wp:attachment":[{"href":"https:\/\/jumpropesupplier.com\/vi\/wp-json\/wp\/v2\/media?parent=1965"}],"wp:term":[{"taxonomy":"product_brand","embeddable":true,"href":"https:\/\/jumpropesupplier.com\/vi\/wp-json\/wp\/v2\/product_brand?post=1965"},{"taxonomy":"product_cat","embeddable":true,"href":"https:\/\/jumpropesupplier.com\/vi\/wp-json\/wp\/v2\/product_cat?post=1965"},{"taxonomy":"product_tag","embeddable":true,"href":"https:\/\/jumpropesupplier.com\/vi\/wp-json\/wp\/v2\/product_tag?post=1965"}],"curies":[{"name":"wp","href":"https:\/\/api.w.org\/{rel}","templated":true}]}}