{"id":2063,"date":"2025-09-03T05:49:30","date_gmt":"2025-09-03T05:49:30","guid":{"rendered":"https:\/\/jumpropesupplier.com\/product\/wooden-handle-jump-rope\/"},"modified":"2025-09-03T06:11:53","modified_gmt":"2025-09-03T06:11:53","slug":"wooden-handle-jump-rope","status":"publish","type":"product","link":"https:\/\/jumpropesupplier.com\/vi\/product\/wooden-handle-jump-rope\/","title":{"rendered":"D\u00e2y nh\u1ea3y cao c\u1ea5p tay c\u1ea7m g\u1ed7 \u0111\u1ec3 t\u1eadp th\u1ec3 d\u1ee5c v\u00e0 cardio"},"content":{"rendered":"<h2>\u0110i\u1ec3m n\u1ed5i b\u1eadt ch\u00ednh c\u1ee7a s\u1ea3n ph\u1ea9m<\/h2>\n<h3>Tay c\u1ea7m g\u1ed7 ergonomic cho \u0111\u1ed9 b\u00e1m v\u00e0 tho\u1ea3i m\u00e1i v\u01b0\u1ee3t tr\u1ed9i<\/h3>\n<p>Ch\u00fang t\u00f4i <strong>d\u00e2y nh\u1ea3y tay c\u1ea7m g\u1ed7<\/strong> c\u00f3 \u0111\u1eb7c \u0111i\u1ec3m tay c\u1ea7m b\u1eb1ng g\u1ed7 t\u1ef1 nhi\u00ean h\u00ecnh d\u1ea1ng ergonomic ph\u00f9 h\u1ee3p tho\u1ea3i m\u00e1i trong l\u00f2ng b\u00e0n tay, cung c\u1ea5p \u0111\u1ed9 b\u00e1m ch\u1eafc ch\u1eafn, ch\u1ed1ng tr\u01b0\u1ee3t trong c\u00e1c bu\u1ed5i t\u1eadp c\u01b0\u1eddng \u0111\u1ed9 cao. B\u1ec1 m\u1eb7t m\u1ecbn gi\u00fap tho\u1ea3i m\u00e1i v\u00e0 gi\u1ea3m m\u1ecfi tay, ngay c\u1ea3 trong c\u00e1c bu\u1ed5i t\u1eadp k\u00e9o d\u00e0i.<\/p>\n<h3>D\u00e2y d\u00e2y cao c\u1ea5p c\u00f3 th\u1ec3 \u0111i\u1ec1u ch\u1ec9nh ph\u00f9 h\u1ee3p m\u1ecdi tr\u00ecnh \u0111\u1ed9 th\u1ec3 h\u00ecnh<\/h3>\n<p>\u0110\u01b0\u1ee3c thi\u1ebft k\u1ebf v\u1edbi <strong>\u0111\u1ed9 d\u00e0i d\u00e2y c\u00f3 th\u1ec3 \u0111i\u1ec1u ch\u1ec9nh<\/strong> l\u00ean t\u1edbi 3 m\u00e9t, d\u00e2y nh\u1ea3y n\u00e0y ph\u00f9 h\u1ee3p v\u1edbi m\u1ecdi chi\u1ec1u cao v\u00e0 tr\u00ecnh \u0111\u1ed9 k\u1ef9 n\u0103ng ng\u01b0\u1eddi d\u00f9ng. D\u00f9 b\u1ea1n l\u00e0 ng\u01b0\u1eddi m\u1edbi b\u1eaft \u0111\u1ea7u, ng\u01b0\u1eddi \u0111am m\u00ea th\u1ec3 h\u00ecnh hay v\u1eadn \u0111\u1ed9ng vi\u00ean chuy\u00ean nghi\u1ec7p, b\u1ea1n c\u00f3 th\u1ec3 t\u00f9y ch\u1ec9nh \u0111\u1ec3 \u0111\u1ea1t \u0111\u1ed9 ch\u00ednh x\u00e1c v\u00e0 hi\u1ec7u su\u1ea5t t\u1ed1i \u01b0u.<\/p>\n<h3>Ch\u1ea5t li\u1ec7u nh\u1eb9 nh\u01b0ng b\u1ec1n b\u1ec9 cho v\u00f2ng quay m\u01b0\u1ee3t m\u00e0<\/h3>\n<p>\u0110\u01b0\u1ee3c l\u00e0m b\u1eb1ng <strong>d\u00e2y th\u00e9p ph\u1ee7 ho\u1eb7c PVC<\/strong>, d\u00e2y nh\u1ea3y n\u00e0y mang l\u1ea1i chuy\u1ec3n \u0111\u1ed9ng \u0111\u1ec1u \u0111\u1eb7n, kh\u00f4ng r\u1ed1i trong m\u1ed7i v\u00f2ng quay. H\u1ec7 th\u1ed1ng <strong>b\u1ea1c \u0111\u1ea1n c\u1ea7u 360\u00b0<\/strong> \u0111\u1ea3m b\u1ea3o quay m\u01b0\u1ee3t, nhanh cho t\u1eadp luy\u1ec7n t\u1ed1c \u0111\u1ed9, n\u00e2ng cao s\u1ee9c b\u1ec1n ho\u1eb7c c\u00e1c b\u00e0i t\u1eadp ch\u00ednh x\u00e1c.<\/p>\n<h3>Thi\u1ebft k\u1ebf truy\u1ec1n th\u1ed1ng th\u00e2n thi\u1ec7n v\u1edbi m\u00f4i tr\u01b0\u1eddng v\u00e0 phong c\u00e1ch<\/h3>\n<p>\u0110\u01b0\u1ee3c ch\u1ebf t\u00e1c t\u1eeb g\u1ed7 t\u1ef1 nhi\u00ean c\u00f3 ngu\u1ed3n g\u1ed1c b\u1ec1n v\u1eefng, <strong>d\u00e2y nh\u1ea3y th\u00e2n thi\u1ec7n v\u1edbi m\u00f4i tr\u01b0\u1eddng<\/strong> mang l\u1ea1i v\u1ebb \u0111\u1eb9p c\u1ed5 \u0111i\u1ec3n c\u00f9ng l\u1ee3i \u00edch hi\u1ec7u su\u1ea5t hi\u1ec7n \u0111\u1ea1i. V\u00e2n g\u1ed7 t\u1ef1 nhi\u00ean v\u00e0 phong c\u00e1ch v\u01b0\u1ee3t th\u1eddi gian khi\u1ebfn n\u00f3 ph\u00f9 h\u1ee3p cho s\u1eed d\u1ee5ng t\u1ea1i nh\u00e0, ph\u00f2ng t\u1eadp ho\u1eb7c t\u1eadp ngo\u00e0i tr\u1eddi.<\/p>\n<h3>Ph\u00f9 h\u1ee3p cho nhi\u1ec1u bu\u1ed5i t\u1eadp luy\u1ec7n v\u00e0 phong c\u00e1ch hu\u1ea5n luy\u1ec7n<\/h3>\n<p>T\u1eeb <strong>CrossFit v\u00e0 boxing<\/strong> to <strong>\u0111i b\u1ed9, t\u1eadp luy\u1ec7n linh ho\u1ea1t v\u00e0 th\u1ec3 d\u1ee5c t\u1ea1i nh\u00e0<\/strong>, lo\u1ea1i truy\u1ec1n th\u1ed1ng n\u00e0y <strong>d\u00e2y nh\u1ea3y tay c\u1ea7m g\u1ed7 c\u1ee9ng<\/strong> l\u00e0 m\u1ed9t c\u00f4ng c\u1ee5 \u0111a n\u0103ng \u0111\u1ec3 x\u00e2y d\u1ef1ng s\u1ee9c b\u1ec1n, c\u1ea3i thi\u1ec7n ph\u1ed1i h\u1ee3p v\u00e0 n\u00e2ng cao hi\u1ec7u su\u1ea5t th\u1ec3 thao t\u1ed5ng th\u1ec3.<\/p>\n<h2>M\u00f4 t\u1ea3 s\u1ea3n ph\u1ea9m<\/h2>\n<p><img decoding=\"async\" src=\"https:\/\/jumpropesupplier.com\/wp-content\/uploads\/2025\/09\/Premium_Jump_Rope_Specifications_6rYmmsDM4.webp\" alt=\"Th\u00f4ng s\u1ed1 k\u1ef9 thu\u1eadt d\u00e2y nh\u1ea3y cao c\u1ea5p\" \/><\/p>\n<h3>Ch\u1ea5t li\u1ec7u v\u00e0 l\u1ee3i \u00edch c\u1ee7a tay c\u1ea7m<\/h3>\n<p>D\u00e2y nh\u1ea3y tay c\u1ea7m g\u1ed7 \u0111i k\u00e8m v\u1edbi <strong>tay c\u1ea7m g\u1ed7 t\u1ef1 nhi\u00ean<\/strong> nh\u01b0 s\u1ed3i, phong ho\u1eb7c tre. Nh\u1eefng tay c\u1ea7m n\u00e0y c\u1ea3m gi\u00e1c m\u1ecbn trong tay, cung c\u1ea5p <strong>ki\u1ec3m so\u00e1t grip t\u1ed1t h\u01a1n<\/strong>, v\u00e0 kh\u00f4ng b\u1ecb tr\u01b0\u1ee3t khi \u0111\u1ed5 m\u1ed3 h\u00f4i nh\u01b0 nh\u1ef1a. G\u1ed7 c\u0169ng b\u1ec1n h\u01a1n, ch\u1ed1ng n\u1ee9t n\u1ebb v\u00e0 mang l\u1ea1i v\u1ebb ngo\u00e0i c\u1ed5 \u0111i\u1ec3n, truy\u1ec1n th\u1ed1ng n\u1ed5i b\u1eadt trong b\u1ea5t k\u1ef3 t\u00fai t\u1eadp n\u00e0o.<\/p>\n<h3>Th\u00f4ng s\u1ed1 k\u1ef9 thu\u1eadt c\u1ee7a d\u00e2y<\/h3>\n<p>D\u00e2y \u0111\u01b0\u1ee3c l\u00e0m t\u1eeb <strong>d\u00e2y c\u00e1p th\u00e9p ph\u1ee7 ho\u1eb7c PVC ch\u1ecbu l\u1ef1c cao<\/strong> \u0111\u1ec3 c\u1ea3 t\u1ed1c \u0111\u1ed9 v\u00e0 \u0111\u1ed9 b\u1ec1n. N\u00f3 <strong>ho\u00e0n to\u00e0n c\u00f3 th\u1ec3 \u0111i\u1ec1u ch\u1ec9nh<\/strong>\u2014\u0111\u1ebfn 3 m\u00e9t\u2014 \u0111\u1ec3 b\u1ea1n c\u00f3 th\u1ec3 tinh ch\u1ec9nh ph\u00f9 h\u1ee3p v\u1edbi chi\u1ec1u cao c\u1ee7a m\u00ecnh trong v\u00e0i ph\u00fat. Ph\u00f9 h\u1ee3p cho ng\u01b0\u1eddi m\u1edbi b\u1eaft \u0111\u1ea7u, ng\u01b0\u1eddi d\u00f9ng th\u01b0\u1eddng xuy\u00ean v\u00e0 v\u1eadn \u0111\u1ed9ng vi\u00ean chuy\u00ean nghi\u1ec7p.<\/p>\n<table>\n<thead>\n<tr>\n<th>\u0110\u1eb7c \u0111i\u1ec3m<\/th>\n<th>Th\u00f4ng s\u1ed1 k\u1ef9 thu\u1eadt<\/th>\n<\/tr>\n<\/thead>\n<tbody>\n<tr>\n<td>V\u1eadt li\u1ec7u x\u1eed l\u00fd<\/td>\n<td>G\u1ed7 s\u1ed3i, Maple ho\u1eb7c tre c\u1ee9ng<\/td>\n<\/tr>\n<tr>\n<td>Ch\u1ea5t li\u1ec7u d\u00e2y<\/td>\n<td>D\u00e2y c\u00e1p th\u00e9p ph\u1ee7 \/ PVC<\/td>\n<\/tr>\n<tr>\n<td>Chi\u1ec1u d\u00e0i tay c\u1ea7m<\/td>\n<td>~15 cm<\/td>\n<\/tr>\n<tr>\n<td>Chi\u1ec1u d\u00e0i d\u00e2y<\/td>\n<td>\u0110i\u1ec1u ch\u1ec9nh l\u00ean \u0111\u1ebfn 3 m<\/td>\n<\/tr>\n<tr>\n<td>V\u00f2ng bi<\/td>\n<td>H\u1ec7 th\u1ed1ng quay v\u00f2ng bi 360\u00b0<\/td>\n<\/tr>\n<tr>\n<td>Tr\u1ecdng l\u01b0\u1ee3ng<\/td>\n<td>Nh\u1eb9 \u0111\u1ec3 t\u0103ng t\u1ed1c v\u00e0 s\u1ee9c b\u1ec1n<\/td>\n<\/tr>\n<\/tbody>\n<\/table>\n<h3>\u0110\u1ed9 b\u1ec1n v\u00e0 Hi\u1ec7u su\u1ea5t<\/h3>\n<p>H\u1ec7 th\u1ed1ng v\u00f2ng bi 360\u00b0 mang l\u1ea1i <strong>quay m\u01b0\u1ee3t m\u00e0, kh\u00f4ng r\u1ed1i<\/strong> cho c\u00e1c bu\u1ed5i t\u1eadp hi\u1ec7u qu\u1ea3. Tay c\u1ea7m b\u1eb1ng g\u1ed7 c\u1ee9ng c\u00f3 th\u1ec3 ch\u1ecbu \u0111\u1ef1ng nhi\u1ec1u n\u0103m s\u1eed d\u1ee5ng n\u1eb7ng\u2014l\u00e0m cho ch\u00fang \u0111\u00e1ng tin c\u1eady h\u01a1n nhi\u1ec1u so v\u1edbi grip nh\u1ef1a ti\u00eau chu\u1ea9n.<\/p>\n<h3>C\u00e1c tr\u01b0\u1eddng h\u1ee3p s\u1eed d\u1ee5ng<\/h3>\n<ul>\n<li><strong>CrossFit<\/strong> nh\u1ea3y \u0111\u00f4i v\u00e0 t\u1eadp t\u1ed1c \u0111\u1ed9<\/li>\n<li><strong>Quy\u1ec1n anh<\/strong> kh\u1edfi \u0111\u1ed9ng v\u00e0 r\u00e8n luy\u1ec7n th\u1ec3 l\u1ef1c<\/li>\n<li><strong>Th\u1ec3 d\u1ee5c tim m\u1ea1ch<\/strong> t\u1eadp luy\u1ec7n t\u1ea1i nh\u00e0 ho\u1eb7c ph\u00f2ng gym<\/li>\n<li>Hu\u1ea5n luy\u1ec7n ngo\u00e0i tr\u1eddi trong c\u00f4ng vi\u00ean ho\u1eb7c tr\u00ean \u0111\u01b0\u1eddng ch\u1ea1y<\/li>\n<\/ul>\n<h3>T\u1ea1i sao ch\u1ecdn Nh\u00e0 cung c\u1ea5p Nh\u1ea3y D\u00e2y<\/h3>\n<p>L\u00e0 nh\u00e0 s\u1ea3n xu\u1ea5t d\u00e2y nh\u1ea3y tr\u1ef1c ti\u1ebfp, ch\u00fang t\u00f4i t\u1eadp trung v\u00e0o <strong>ch\u1ea5t l\u01b0\u1ee3ng h\u00e0ng \u0111\u1ea7u<\/strong>. B\u1ea1n nh\u1eadn \u0111\u01b0\u1ee3c m\u1ed9t s\u1ea3n ph\u1ea9m truy\u1ec1n th\u1ed1ng, th\u00e2n thi\u1ec7n v\u1edbi m\u00f4i tr\u01b0\u1eddng v\u00e0 ho\u1ea1t \u0111\u1ed9ng b\u1ec1n b\u1ec9 l\u00e2u d\u00e0i. Ch\u00fang t\u00f4i cung c\u1ea5p <strong>T\u00f9y ch\u1ecdn OEM\/ODM<\/strong>, \u0111\u1eb7t h\u00e0ng s\u1ed1 l\u01b0\u1ee3ng l\u1edbn, v\u00e0 v\u1eadn chuy\u1ec3n nhanh tr\u00ean to\u00e0n qu\u1ed1c. B\u1ea1n c\u00f3 th\u1ec3 xem <a href=\"https:\/\/jumpropesupplier.com\/vi\/shops\/\">to\u00e0n b\u1ed9 d\u00f2ng s\u1ea3n ph\u1ea9m d\u00e2y c\u1ee7a ch\u00fang t\u00f4i t\u1ea1i \u0111\u00e2y<\/a> ho\u1eb7c kh\u00e1m ph\u00e1 <a href=\"https:\/\/jumpropesupplier.com\/vi\/wholesale-jump-ropes\/\">t\u00f9y ch\u1ecdn d\u00e2y nh\u1ea3y t\u00f9y ch\u1ec9nh<\/a> ph\u00f9 h\u1ee3p v\u1edbi phong c\u00e1ch v\u00e0 nhu c\u1ea7u t\u1eadp luy\u1ec7n c\u1ee7a b\u1ea1n.<\/p>\n<h2>Th\u00f4ng s\u1ed1 k\u1ef9 thu\u1eadt \/ Chi ti\u1ebft s\u1ea3n ph\u1ea9m<\/h2>\n<p><img decoding=\"async\" src=\"https:\/\/jumpropesupplier.com\/wp-content\/uploads\/2025\/09\/Adjustable_Hardwood_Handle_Jump_Rope_rXPWwUEIB.webp\" alt=\"D\u00e2y nh\u1ea3y tay c\u1ea7m g\u1ed7 \u0111i\u1ec1u ch\u1ec9nh\" \/><\/p>\n<p>Ch\u00fang t\u00f4i <strong>d\u00e2y nh\u1ea3y tay c\u1ea7m g\u1ed7<\/strong> \u0111\u01b0\u1ee3c x\u00e2y d\u1ef1ng \u0111\u1ec3 hi\u1ec7u su\u1ea5t, \u0111\u1ed9 b\u1ec1n v\u00e0 nhu c\u1ea7u t\u1eadp luy\u1ec7n h\u00e0ng ng\u00e0y. D\u01b0\u1edbi \u0111\u00e2y l\u00e0 c\u00e1c th\u00f4ng s\u1ed1 ch\u00ednh c\u1ee7a s\u1ea3n ph\u1ea9m \u0111\u1ec3 b\u1ea1n c\u00f3 th\u1ec3 th\u1ea5y ch\u00ednh x\u00e1c nh\u1eefng g\u00ec b\u1ea1n nh\u1eadn \u0111\u01b0\u1ee3c:<\/p>\n<table>\n<thead>\n<tr>\n<th>\u0110\u1eb7c \u0111i\u1ec3m<\/th>\n<th>Th\u00f4ng s\u1ed1 k\u1ef9 thu\u1eadt<\/th>\n<\/tr>\n<\/thead>\n<tbody>\n<tr>\n<td><strong>V\u1eadt li\u1ec7u x\u1eed l\u00fd<\/strong><\/td>\n<td>G\u1ed7 t\u1ef1 nhi\u00ean c\u1ee9ng (Th\u00f4ng, T\u1ea7n b\u00ec ho\u1eb7c Tre)<\/td>\n<\/tr>\n<tr>\n<td><strong>Ch\u1ea5t li\u1ec7u d\u00e2y<\/strong><\/td>\n<td>D\u00e2y th\u00e9p ph\u1ee7 l\u1edbp PVC b\u1ec1n ch\u1eafc<\/td>\n<\/tr>\n<tr>\n<td><strong>Chi\u1ec1u d\u00e0i tay c\u1ea7m<\/strong><\/td>\n<td>Kho\u1ea3ng 15 cm (6 inch)<\/td>\n<\/tr>\n<tr>\n<td><strong>Chi\u1ec1u d\u00e0i d\u00e2y<\/strong><\/td>\n<td>\u0110i\u1ec1u ch\u1ec9nh l\u00ean \u0111\u1ebfn 3 m\u00e9t (9.8 feet) \u0111\u1ec3 ph\u00f9 h\u1ee3p v\u1edbi m\u1ecdi chi\u1ec1u cao<\/td>\n<\/tr>\n<tr>\n<td><strong>Tr\u1ecdng l\u01b0\u1ee3ng<\/strong><\/td>\n<td>Thi\u1ebft k\u1ebf nh\u1eb9, t\u1ed5ng tr\u1ecdng l\u01b0\u1ee3ng kho\u1ea3ng XX gram<\/td>\n<\/tr>\n<tr>\n<td><strong>V\u00f2ng bi<\/strong><\/td>\n<td>H\u1ec7 th\u1ed1ng b\u1ea1c \u0111\u1ea1n b\u00f3ng 360\u00b0 cho quay m\u01b0\u1ee3t m\u00e0, kh\u00f4ng r\u1ed1i<\/td>\n<\/tr>\n<\/tbody>\n<\/table>\n<p><strong>\u0110i\u1ec3m n\u1ed5i b\u1eadt:<\/strong><\/p>\n<ul>\n<li><strong>Tay c\u1ea7m b\u1eb1ng g\u1ed7 c\u1ee9ng ch\u1eafc<\/strong> mang l\u1ea1i c\u1ea3m gi\u00e1c c\u1ea7m ch\u1eafc ch\u1eafn, tho\u1ea3i m\u00e1i.<\/li>\n<li><strong>D\u00e2y th\u00e9p ph\u1ee7\/PVC<\/strong> cung c\u1ea5p t\u1ed1c \u0111\u1ed9, \u0111\u1ed9 b\u1ec1n v\u00e0 s\u1eed d\u1ee5ng trong nh\u00e0\/ngo\u00e0i tr\u1eddi.<\/li>\n<li><strong>\u0110i\u1ec1u ch\u1ec9nh ho\u00e0n to\u00e0n<\/strong> ph\u00f9 h\u1ee3p cho v\u1eadn \u0111\u1ed9ng vi\u00ean m\u1edbi b\u1eaft \u0111\u1ea7u \u0111\u1ebfn n\u00e2ng cao.<\/li>\n<li><strong>B\u1ea1c \u0111\u1ea1n<\/strong> \u0111\u1ea3m b\u1ea3o t\u1ed1c \u0111\u1ed9 \u0111\u1ec1u \u0111\u1eb7n v\u00e0 gi\u1ea3m c\u0103ng c\u1ed5 tay trong qu\u00e1 tr\u00ecnh t\u1eadp luy\u1ec7n.<\/li>\n<\/ul>\n<h2>L\u1ee3i \u00edch c\u1ee7a D\u00e2y nh\u1ea3y tay c\u1ea7m G\u1ed7<\/h2>\n<p>S\u1eed d\u1ee5ng <strong>d\u00e2y nh\u1ea3y tay c\u1ea7m g\u1ed7<\/strong> \u0111i k\u00e8m nh\u1eefng l\u1ee3i th\u1ebf th\u1ef1c s\u1ef1 t\u1ea1o s\u1ef1 kh\u00e1c bi\u1ec7t trong luy\u1ec7n t\u1eadp h\u00e0ng ng\u00e0y. D\u01b0\u1edbi \u0111\u00e2y l\u00e0 nh\u1eefng \u0111i\u1ec3m n\u1ed5i b\u1eadt:<\/p>\n<h3>T\u0103ng c\u01b0\u1eddng \u0111\u1ed9 b\u00e1m v\u00e0 ph\u00f2ng tr\u00e1nh ch\u1ea5n th\u01b0\u01a1ng<\/h3>\n<ul>\n<li>Tay c\u1ea7m b\u1eb1ng g\u1ed7 c\u1ee9ng, m\u01b0\u1ee3t m\u00e0, ph\u00f9 h\u1ee3p t\u1ef1 nhi\u00ean trong tay b\u1ea1n.<\/li>\n<li>\u00cdt tr\u01b0\u1ee3t h\u01a1n, ngay c\u1ea3 khi l\u00f2ng b\u00e0n tay \u0111\u1ed5 m\u1ed3 h\u00f4i.<\/li>\n<li>Ki\u1ec3m so\u00e1t t\u1ed1t h\u01a1n m\u1ed7i v\u00f2ng quay gi\u00fap gi\u1ea3m nguy c\u01a1 v\u1ea5p ng\u00e3 ho\u1eb7c c\u0103ng c\u1ed5 tay.<\/li>\n<\/ul>\n<h3>Ch\u1ebf t\u1ea1o \u0111\u1ec3 b\u1ec1n l\u00e2u<\/h3>\n<ul>\n<li>Tay c\u1ea7m b\u1eb1ng g\u1ed7 c\u1ee9ng ch\u1eafc ch\u1eafn c\u00f3 tu\u1ed5i th\u1ecd cao h\u01a1n c\u00e1c tay c\u1ea7m nh\u1ef1a d\u1ec5 n\u1ee9t ho\u1eb7c bi\u1ebfn d\u1ea1ng.<\/li>\n<li>Ch\u1ea5t li\u1ec7u ch\u1ea5t l\u01b0\u1ee3ng ch\u1ecbu \u0111\u1ef1ng t\u1ed1t d\u01b0\u1edbi s\u1eed d\u1ee5ng h\u00e0ng ng\u00e0y, d\u00f9 trong ph\u00f2ng t\u1eadp hay ngo\u00e0i tr\u1eddi.<\/li>\n<\/ul>\n<h3>L\u1ef1a ch\u1ecdn th\u00e2n thi\u1ec7n v\u1edbi m\u00f4i tr\u01b0\u1eddng<\/h3>\n<ul>\n<li>\u0110\u01b0\u1ee3c l\u00e0m t\u1eeb g\u1ed7 t\u1ef1 nhi\u00ean c\u00f3 ngu\u1ed3n g\u1ed1c b\u1ec1n v\u1eefng.<\/li>\n<li>L\u1ef1a ch\u1ecdn xanh h\u01a1n so v\u1edbi d\u00e2y nh\u1ea3y ho\u00e0n to\u00e0n b\u1eb1ng nh\u1ef1a m\u00e0 kh\u00f4ng gi\u1ea3m hi\u1ec7u su\u1ea5t.<\/li>\n<\/ul>\n<h3>\u0110i\u1ec1u ch\u1ec9nh ph\u00f9 h\u1ee3p m\u1ecdi chi\u1ec1u cao<\/h3>\n<ul>\n<li>\u0110i\u1ec1u ch\u1ec9nh \u0111\u1ed9 d\u00e0i d\u00e2y nhanh ch\u00f3ng v\u00e0 d\u1ec5 d\u00e0ng.<\/li>\n<li>Ph\u00f9 h\u1ee3p cho c\u1ea3 ng\u01b0\u1eddi l\u1edbn v\u00e0 tr\u1ebb em, ng\u01b0\u1eddi m\u1edbi b\u1eaft \u0111\u1ea7u ho\u1eb7c chuy\u00ean nghi\u1ec7p.<\/li>\n<\/ul>\n<h3>Th\u1ec3 h\u00ecnh to\u00e0n th\u00e2n<\/h3>\n<ul>\n<li>T\u1ed1t cho <strong>tim m\u1ea1ch, linh ho\u1ea1t v\u00e0 ph\u1ed1i h\u1ee3p<\/strong> hu\u1ea5n luy\u1ec7n.<\/li>\n<li>Ph\u00f9 h\u1ee3p cho boxing, CrossFit, HIIT ho\u1eb7c t\u1eadp luy\u1ec7n t\u1ea1i nh\u00e0 \u0111\u01a1n gi\u1ea3n.<\/li>\n<\/ul>\n<table>\n<thead>\n<tr>\n<th>L\u1ee3i \u00edch<\/th>\n<th>T\u1ea1i sao n\u00f3 quan tr\u1ecdng<\/th>\n<\/tr>\n<\/thead>\n<tbody>\n<tr>\n<td>Ki\u1ec3m so\u00e1t c\u1ea7m n\u1eafm<\/td>\n<td>T\u1eadp luy\u1ec7n an to\u00e0n h\u01a1n, \u00edt tr\u01b0\u1ee3t h\u01a1n<\/td>\n<\/tr>\n<tr>\n<td>Ch\u1ebf t\u1ea1o b\u1ec1n l\u00e2u<\/td>\n<td>Ti\u1ebft ki\u1ec7m ti\u1ec1n theo th\u1eddi gian<\/td>\n<\/tr>\n<tr>\n<td>Th\u00e2n thi\u1ec7n v\u1edbi m\u00f4i tr\u01b0\u1eddng<\/td>\n<td>Gi\u1ea3m s\u1eed d\u1ee5ng nh\u1ef1a<\/td>\n<\/tr>\n<tr>\n<td>Chi\u1ec1u d\u00e0i \u0111i\u1ec1u ch\u1ec9nh \u0111\u01b0\u1ee3c<\/td>\n<td>Ph\u00f9 h\u1ee3p v\u1edbi t\u1ea5t c\u1ea3 ng\u01b0\u1eddi d\u00f9ng<\/td>\n<\/tr>\n<tr>\n<td>K\u1ebft qu\u1ea3 th\u1ec3 h\u00ecnh<\/td>\n<td>C\u1ea3i thi\u1ec7n s\u1ee9c b\u1ec1n, t\u1ed1c \u0111\u1ed9 v\u00e0 c\u00e2n b\u1eb1ng<\/td>\n<\/tr>\n<\/tbody>\n<\/table>\n<h2>\u0110\u00e1nh gi\u00e1 v\u00e0 L\u1eddi ch\u1ee9ng th\u1ef1c c\u1ee7a kh\u00e1ch h\u00e0ng<\/h2>\n<h3>S\u1ef1 tho\u1ea3i m\u00e1i<\/h3>\n<p>H\u1ea7u h\u1ebft ng\u01b0\u1eddi mua n\u00f3i r\u1eb1ng tay c\u1ea7m b\u1eb1ng g\u1ed7 c\u00f4ng nghi\u1ec7p c\u1ea3m gi\u00e1c r\u1ea5t t\u1ed1t khi c\u1ea7m, ngay c\u1ea3 trong c\u00e1c bu\u1ed5i nh\u1ea3y d\u00e0i h\u01a1n. B\u1ec1 m\u1eb7t m\u1ecbn kh\u00f4ng g\u00e2y ph\u1ed3ng r\u1ed9p, v\u00e0 tay c\u1ea7m cong gi\u00fap d\u1ec5 ki\u1ec3m so\u00e1t m\u00e0 kh\u00f4ng c\u1ea7n n\u1eafm ch\u1eb7t qu\u00e1 m\u1ee9c. M\u1ed9t s\u1ed1 ng\u01b0\u1eddi d\u00f9ng cho bi\u1ebft n\u00f3 tho\u1ea3i m\u00e1i h\u01a1n so v\u1edbi d\u00e2y nh\u1ea3y c\u00f3 tay c\u1ea7m b\u1eb1ng nh\u1ef1a, \u0111\u1eb7c bi\u1ec7t l\u00e0 cho luy\u1ec7n t\u1eadp h\u00e0ng ng\u00e0y.<\/p>\n<h3>\u0110\u1ed9 b\u1ec1n<\/h3>\n<p>Kh\u00e1ch h\u00e0ng nh\u1ea5n m\u1ea1nh tay c\u1ea7m b\u1eb1ng g\u1ed7 c\u1ee9ng v\u00e0 d\u00e2y th\u00e9p\/ PVC ph\u1ee7 l\u1edbp s\u01a1n l\u00e0 c\u00f3 tu\u1ed5i th\u1ecd l\u00e2u h\u01a1n nhi\u1ec1u so v\u1edbi c\u00e1c d\u00e2y r\u1ebb ti\u1ec1n. Nhi\u1ec1u ng\u01b0\u1eddi b\u00e1o c\u00e1o s\u1eed d\u1ee5ng trong nhi\u1ec1u th\u00e1ng m\u00e0 kh\u00f4ng c\u00f3 d\u1ea5u hi\u1ec7u n\u1ee9t, r\u00e1ch ho\u1eb7c bi\u1ebfn d\u1ea1ng, ngay c\u1ea3 khi s\u1eed d\u1ee5ng ngo\u00e0i tr\u1eddi. C\u00e1c v\u00f2ng bi 360\u00b0 ho\u1ea1t \u0111\u1ed9ng tr\u01a1n tru sau nhi\u1ec1u l\u1ea7n s\u1eed d\u1ee5ng n\u1eb7ng, khi\u1ebfn n\u00f3 tr\u1edf th\u00e0nh l\u1ef1a ch\u1ecdn y\u00eau th\u00edch cho luy\u1ec7n t\u1eadp c\u01b0\u1eddng \u0111\u1ed9 cao.<\/p>\n<h3>Hi\u1ec7u qu\u1ea3<\/h3>\n<p>C\u00e1c \u0111\u00e1nh gi\u00e1 th\u01b0\u1eddng ch\u1ec9 ra c\u00e1ch tr\u1ecdng l\u01b0\u1ee3ng c\u00e2n \u0111\u1ed1i v\u00e0 xoay tr\u01a1n gi\u00fap c\u1ea3i thi\u1ec7n t\u1ed1c \u0111\u1ed9, th\u1eddi gian v\u00e0 s\u1ee9c b\u1ec1n. Ng\u01b0\u1eddi d\u00f9ng trong CrossFit, boxing v\u00e0 cardio chung nh\u1eadn th\u1ea5y kh\u1ea3 n\u0103ng linh ho\u1ea1t v\u00e0 ph\u1ed1i h\u1ee3p t\u1ed1t h\u01a1n so v\u1edbi c\u00e1c d\u00e2y kh\u00e1c. Chi\u1ec1u d\u00e0i d\u00e2y c\u00f3 th\u1ec3 \u0111i\u1ec1u ch\u1ec9nh d\u1ec5 d\u00e0ng \u0111\u1ec3 ph\u00f9 h\u1ee3p v\u1edbi c\u00e1c chi\u1ec1u cao kh\u00e1c nhau, l\u00e0m cho n\u00f3 \u0111a n\u0103ng cho m\u1ecdi th\u00e0nh vi\u00ean trong gia \u0111\u00ecnh.<\/p>\n<h2>C\u00e2u h\u1ecfi th\u01b0\u1eddng g\u1eb7p<\/h2>\n<h3>L\u00e0m th\u1ebf n\u00e0o \u0111\u1ec3 t\u00f4i \u0111i\u1ec1u ch\u1ec9nh \u0111\u1ed9 d\u00e0i d\u00e2y<\/h3>\n<p>\u0110\u1ec3 \u0111i\u1ec1u ch\u1ec9nh, h\u00e3y m\u1edf n\u1eafp cu\u1ed1i ho\u1eb7c n\u1edbi l\u1ecfng \u1ed1c v\u00edt g\u1ea7n tay c\u1ea7m, k\u00e9o d\u00e2y qua \u0111\u1ed9 d\u00e0i mong mu\u1ed1n, sau \u0111\u00f3 c\u1eaft b\u1edbt ph\u1ea7n th\u1eeba n\u1ebfu c\u1ea7n. \u0110\u1ea3m b\u1ea3o c\u1ea3 hai b\u00ean \u0111\u1ec1u nhau tr\u01b0\u1edbc khi b\u1ea1n b\u1eaft \u0111\u1ea7u nh\u1ea3y.<\/p>\n<h3>Tay c\u1ea7m b\u1eb1ng g\u1ed7 \u0111\u00e3 \u0111\u01b0\u1ee3c x\u1eed l\u00fd hay s\u01a1n ch\u01b0a<\/h3>\n<p>R\u1ed3i. Tay c\u1ea7m b\u1eb1ng g\u1ed7 c\u1ee9ng \u0111\u01b0\u1ee3c ph\u1ee7 m\u1ed9t l\u1edbp v\u00e9c-ni m\u1ecfng \u0111\u1ec3 t\u0103ng \u0111\u1ed9 b\u1ec1n, ch\u1ed1ng m\u1ed3 h\u00f4i v\u00e0 c\u1ea7m n\u1eafm \u00eam \u00e1i. L\u1edbp ph\u1ee7 n\u00e0y gi\u1eef \u0111\u01b0\u1ee3c v\u1ebb t\u1ef1 nhi\u00ean c\u1ee7a g\u1ed7 \u0111\u1ed3ng th\u1eddi b\u1ea3o v\u1ec7 g\u1ed7 kh\u1ecfi b\u1ecb m\u00e0i m\u00f2n.<\/p>\n<h3>D\u00e2y nh\u1ea3y n\u00e0y c\u00f3 th\u1ec3 d\u00f9ng ngo\u00e0i tr\u1eddi kh\u00f4ng<\/h3>\n<p>Ho\u00e0n to\u00e0n c\u00f3 th\u1ec3. D\u00e2y th\u00e9p\/PVC \u0111\u01b0\u1ee3c ph\u1ee7 l\u1edbp b\u1ecdc c\u00f3 th\u1ec3 d\u00f9ng tr\u00ean c\u00e1c b\u1ec1 m\u1eb7t ngo\u00e0i tr\u1eddi nh\u01b0 b\u00ea t\u00f4ng ho\u1eb7c nh\u1ef1a \u0111\u01b0\u1eddng, nh\u01b0ng d\u00f9ng tr\u00ean c\u00e1c b\u1ec1 m\u1eb7t nh\u1eb5n h\u01a1n s\u1ebd k\u00e9o d\u00e0i tu\u1ed5i th\u1ecd c\u1ee7a d\u00e2y.<\/p>\n<h3>D\u00e2y n\u00e0y ph\u00f9 h\u1ee3p v\u1edbi nh\u1eefng b\u00e0i t\u1eadp n\u00e0o<\/h3>\n<p>D\u00e2y nh\u1ea3y tay c\u1ea7m b\u1eb1ng g\u1ed7 n\u00e0y ph\u00f9 h\u1ee3p v\u1edbi:<\/p>\n<ul>\n<li>CrossFit v\u00e0 t\u1eadp luy\u1ec7n t\u1ed1c \u0111\u1ed9<\/li>\n<li>Kh\u1edfi \u0111\u1ed9ng cho Boxing v\u00e0 MMA<\/li>\n<li>C\u00e1c b\u00e0i t\u1eadp cardio v\u00e0 \u0111\u1ed1t m\u1ee1<\/li>\n<li>C\u00e1c b\u00e0i t\u1eadp r\u00e8n luy\u1ec7n s\u1ef1 nhanh nh\u1eb9n, kh\u1ea3 n\u0103ng di chuy\u1ec3n ch\u00e2n v\u00e0 ph\u1ed1i h\u1ee3p<\/li>\n<li>C\u00e1c b\u00e0i t\u1eadp th\u1ec3 d\u1ee5c t\u1ea1i nh\u00e0 v\u00e0 ph\u00f2ng gym<\/li>\n<\/ul>\n<h3>D\u00e2y n\u00e0y kh\u00e1c g\u00ec so v\u1edbi d\u00e2y nh\u1ea3y tay c\u1ea7m b\u1eb1ng nh\u1ef1a<\/h3>\n<p>D\u00e2y nh\u1ea3y tay c\u1ea7m b\u1eb1ng g\u1ed7 cho c\u1ea3m gi\u00e1c c\u1ea7m n\u1eafm ch\u1eafc ch\u1eafn, t\u1ef1 nhi\u00ean v\u00e0 b\u1ec1n h\u01a1n. Ch\u00fang s\u1ebd kh\u00f4ng b\u1ecb n\u1ee9t ho\u1eb7c xu\u1ed1ng c\u1ea5p nhanh nh\u01b0 nh\u1ef1a khi s\u1eed d\u1ee5ng th\u01b0\u1eddng xuy\u00ean, v\u00e0 phong c\u00e1ch c\u1ed5 \u0111i\u1ec3n c\u1ee7a ch\u00fang h\u1ea5p d\u1eabn nh\u1eefng ai coi tr\u1ecdng m\u1ed9t l\u1ef1a ch\u1ecdn truy\u1ec1n th\u1ed1ng, th\u00e2n thi\u1ec7n v\u1edbi m\u00f4i tr\u01b0\u1eddng.<\/p>\n<h2>S\u1ea3n ph\u1ea9m li\u00ean quan v\u00e0 B\u00e1n ch\u00e9o<\/h2>\n<p>B\u1ea1n \u0111ang t\u00ecm ki\u1ebfm th\u00eam c\u00e1ch \u0111\u1ec3 thay \u0111\u1ed5i b\u00e0i t\u1eadp d\u00e2y nh\u1ea3y c\u1ee7a m\u00ecnh? Ch\u00fang t\u00f4i c\u0169ng cung c\u1ea5p:<\/p>\n<ul>\n<li><strong>D\u00e2y nh\u1ea3y c\u00f3 tr\u1ecdng l\u01b0\u1ee3ng<\/strong> \u2013 Th\u00eam l\u1ef1c c\u1ea3n \u0111\u1ec3 t\u0103ng c\u01b0\u1eddng s\u1ee9c m\u1ea1nh v\u00e0 s\u1ee9c b\u1ec1n trong khi v\u1eabn c\u1ea3i thi\u1ec7n t\u1ed1c \u0111\u1ed9 v\u00e0 s\u1ef1 ph\u1ed1i h\u1ee3p. R\u1ea5t ph\u00f9 h\u1ee3p cho c\u00e1c b\u00e0i t\u1eadp c\u01b0\u1eddng \u0111\u1ed9 cao.<\/li>\n<li><strong>D\u00e2y nh\u1ea3y t\u1ed1c \u0111\u1ed9 v\u1edbi tay c\u1ea7m b\u1eb1ng nh\u00f4m<\/strong> \u2013 \u0110\u01b0\u1ee3c thi\u1ebft k\u1ebf \u0111\u1ec3 \u0111\u1ea1t t\u1ed1c \u0111\u1ed9 t\u1ed1i \u0111a v\u00e0 xoay nhanh, ho\u00e0n h\u1ea3o cho c\u00e1c c\u00fa double-under, luy\u1ec7n t\u1eadp thi \u0111\u1ea5u v\u00e0 c\u00e1c b\u00e0i t\u1eadp CrossFit.<\/li>\n<li><strong>D\u00e2y v\u00e0 ph\u1ee5 ki\u1ec7n thay th\u1ebf<\/strong> \u2013 Gi\u1eef cho d\u00e2y nh\u1ea3y tay c\u1ea7m b\u1eb1ng g\u1ed7 c\u1ee7a b\u1ea1n lu\u00f4n trong t\u00ecnh tr\u1ea1ng t\u1ed1t nh\u1ea5t v\u1edbi d\u00e2y d\u1ef1 ph\u00f2ng, v\u00f2ng bi, v\u00e0 b\u1ecdc grip \u0111\u1ec3 b\u1ea1n kh\u00f4ng bao gi\u1edd b\u1ecb gi\u00e1n \u0111o\u1ea1n.<\/li>\n<\/ul>\n<p>K\u1ebft h\u1ee3p c\u00e1c phong c\u00e1ch d\u00e2y nh\u1ea3y kh\u00e1c nhau c\u00f3 th\u1ec3 gi\u00fap b\u1ea1n \u0111\u1ea1t m\u1ee5c ti\u00eau th\u1ec3 h\u00ecnh nhanh h\u01a1n, d\u00f9 b\u1ea1n t\u1eadp trung v\u00e0o cardio, s\u1ee9c m\u1ea1nh hay s\u1ef1 linh ho\u1ea1t.<\/p>\n<h2>Li\u00ean h\u1ec7 v\u1edbi CH\u00daNG T\u00d4I<\/h2>\n<p>N\u00e2ng c\u1ea5p luy\u1ec7n t\u1eadp c\u1ee7a b\u1ea1n v\u1edbi m\u1ed9t <strong>d\u00e2y nh\u1ea3y tay c\u1ea7m g\u1ed7<\/strong> \u0111\u01b0\u1ee3c thi\u1ebft k\u1ebf \u0111\u1ec3 tho\u1ea3i m\u00e1i, nhanh ch\u00f3ng v\u00e0 hi\u1ec7u su\u1ea5t l\u00e2u d\u00e0i. D\u00f9 b\u1ea1n y\u00eau th\u00edch boxing, CrossFit, cardio hay ch\u1ec9 \u0111\u01a1n gi\u1ea3n l\u00e0 gi\u1eef d\u00e1ng t\u1ea1i nh\u00e0, d\u00e2y nh\u1ea3y tay c\u1ea7m g\u1ed7 \u0111i\u1ec1u ch\u1ec9nh c\u1ee7a ch\u00fang t\u00f4i mang l\u1ea1i \u0111\u1ed9 b\u00e1m, ki\u1ec3m so\u00e1t v\u00e0 xoay m\u01b0\u1ee3t m\u00e0 b\u1ea1n c\u1ea7n.<\/p>\n<p>Nh\u1ea5n <strong>Mua Ngay<\/strong> \u0111\u1ec3 nh\u1eadn <strong>d\u00e2y nh\u1ea3y g\u1ed7 c\u1ed5 \u0111i\u1ec3n<\/strong> v\u00e0 t\u1eadn h\u01b0\u1edfng thi\u1ebft k\u1ebf b\u1ec1n b\u1ec9, th\u00e2n thi\u1ec7n v\u1edbi m\u00f4i tr\u01b0\u1eddng, ho\u1ea1t \u0111\u1ed9ng ch\u0103m ch\u1ec9 nh\u01b0 ch\u00ednh b\u1ea1n. Ho\u00e0n h\u1ea3o cho m\u1ecdi tr\u00ecnh \u0111\u1ed9 th\u1ec3 h\u00ecnh\u2014\u0111i\u1ec1u ch\u1ec9nh, quay v\u00e0 b\u1eaft \u0111\u1ea7u nh\u1ea3y \u0111\u1ec3 ti\u1ebfn t\u1edbi m\u1ee5c ti\u00eau c\u1ee7a b\u1ea1n h\u00f4m nay.<\/p>","protected":false},"excerpt":{"rendered":"<p>D\u00e2y nh\u1ea3y tay c\u1ea7m b\u1eb1ng g\u1ed7 cao c\u1ea5p v\u1edbi grip ergonomic, \u0111i\u1ec1u ch\u1ec9nh chi\u1ec1u d\u00e0i v\u00e0 xoay tr\u01a1n tru cho c\u00e1c b\u00e0i t\u1eadp cardio boxing v\u00e0 th\u1ec3 h\u00ecnh<\/p>","protected":false},"featured_media":2060,"comment_status":"open","ping_status":"closed","template":"","meta":{"site-sidebar-layout":"default","site-content-layout":"","ast-site-content-layout":"default","site-content-style":"default","site-sidebar-style":"default","ast-global-header-display":"","ast-banner-title-visibility":"","ast-main-header-display":"","ast-hfb-above-header-display":"","ast-hfb-below-header-display":"","ast-hfb-mobile-header-display":"","site-post-title":"","ast-breadcrumbs-content":"","ast-featured-img":"","footer-sml-layout":"","ast-disable-related-posts":"","theme-transparent-header-meta":"default","adv-header-id-meta":"","stick-header-meta":"","header-above-stick-meta":"","header-main-stick-meta":"","header-below-stick-meta":"","astra-migrate-meta-layouts":"set","ast-page-background-enabled":"default","ast-page-background-meta":{"desktop":{"background-color":"var(--ast-global-color-4)","background-image":"","background-repeat":"repeat","background-position":"center center","background-size":"auto","background-attachment":"scroll","background-type":"","background-media":"","overlay-type":"","overlay-color":"","overlay-opacity":"","overlay-gradient":""},"tablet":{"background-color":"","background-image":"","background-repeat":"repeat","background-position":"center center","background-size":"auto","background-attachment":"scroll","background-type":"","background-media":"","overlay-type":"","overlay-color":"","overlay-opacity":"","overlay-gradient":""},"mobile":{"background-color":"","background-image":"","background-repeat":"repeat","background-position":"center center","background-size":"auto","background-attachment":"scroll","background-type":"","background-media":"","overlay-type":"","overlay-color":"","overlay-opacity":"","overlay-gradient":""}},"ast-content-background-meta":{"desktop":{"background-color":"var(--ast-global-color-5)","background-image":"","background-repeat":"repeat","background-position":"center center","background-size":"auto","background-attachment":"scroll","background-type":"","background-media":"","overlay-type":"","overlay-color":"","overlay-opacity":"","overlay-gradient":""},"tablet":{"background-color":"var(--ast-global-color-5)","background-image":"","background-repeat":"repeat","background-position":"center center","background-size":"auto","background-attachment":"scroll","background-type":"","background-media":"","overlay-type":"","overlay-color":"","overlay-opacity":"","overlay-gradient":""},"mobile":{"background-color":"var(--ast-global-color-5)","background-image":"","background-repeat":"repeat","background-position":"center center","background-size":"auto","background-attachment":"scroll","background-type":"","background-media":"","overlay-type":"","overlay-color":"","overlay-opacity":"","overlay-gradient":""}}},"product_brand":[],"product_cat":[18],"product_tag":[],"class_list":{"0":"post-2063","1":"product","2":"type-product","3":"status-publish","4":"has-post-thumbnail","6":"product_cat-jump-ropes","7":"desktop-align-left","8":"tablet-align-left","9":"mobile-align-left","11":"first","12":"instock","13":"shipping-taxable","14":"purchasable","15":"product-type-simple"},"_links":{"self":[{"href":"https:\/\/jumpropesupplier.com\/vi\/wp-json\/wp\/v2\/product\/2063","targetHints":{"allow":["GET"]}}],"collection":[{"href":"https:\/\/jumpropesupplier.com\/vi\/wp-json\/wp\/v2\/product"}],"about":[{"href":"https:\/\/jumpropesupplier.com\/vi\/wp-json\/wp\/v2\/types\/product"}],"replies":[{"embeddable":true,"href":"https:\/\/jumpropesupplier.com\/vi\/wp-json\/wp\/v2\/comments?post=2063"}],"wp:featuredmedia":[{"embeddable":true,"href":"https:\/\/jumpropesupplier.com\/vi\/wp-json\/wp\/v2\/media\/2060"}],"wp:attachment":[{"href":"https:\/\/jumpropesupplier.com\/vi\/wp-json\/wp\/v2\/media?parent=2063"}],"wp:term":[{"taxonomy":"product_brand","embeddable":true,"href":"https:\/\/jumpropesupplier.com\/vi\/wp-json\/wp\/v2\/product_brand?post=2063"},{"taxonomy":"product_cat","embeddable":true,"href":"https:\/\/jumpropesupplier.com\/vi\/wp-json\/wp\/v2\/product_cat?post=2063"},{"taxonomy":"product_tag","embeddable":true,"href":"https:\/\/jumpropesupplier.com\/vi\/wp-json\/wp\/v2\/product_tag?post=2063"}],"curies":[{"name":"wp","href":"https:\/\/api.w.org\/{rel}","templated":true}]}}